{"id":246125,"date":"2025-09-17T09:54:46","date_gmt":"2025-09-17T13:54:46","guid":{"rendered":"https:\/\/goelette.ca\/?post_type=product&#038;p=246125"},"modified":"2025-09-17T09:54:46","modified_gmt":"2025-09-17T13:54:46","slug":"tatouages-dinosaures","status":"publish","type":"product","link":"https:\/\/goelette.ca\/en\/tous-les-livres\/tatouages-dinosaures\/","title":{"rendered":"Tatouages &#8211; Dinosaures"},"content":{"rendered":"<p class=\"p1\">Lib\u00e8re ta cr\u00e9ativit\u00e9 et d\u00e9couvre la pr\u00e9histoire avec ces jolis tatouages temporaires de dinosaures !<\/p>\n","protected":false},"excerpt":{"rendered":"<p>Lib\u00e8re ta cr\u00e9ativit\u00e9 et d\u00e9couvre la pr\u00e9histoire avec ces jolis tatouages temporaires de dinosaures !<\/p>\n","protected":false},"featured_media":246178,"template":"","meta":{"wds_primary_product_brand":0,"wds_primary_product_cat":0,"wds_primary_maison_dedition":0},"product_brand":[],"product_cat":[560,555,551,538],"product_tag":[],"maison_dedition":[541],"class_list":{"0":"post-246125","1":"product","2":"type-product","3":"status-publish","4":"has-post-thumbnail","6":"product_cat-3-5-ans","7":"product_cat-6-ans-et-plus","8":"product_cat-activites","9":"product_cat-jeunesse","10":"maison_dedition-les-editions-coup-doeil","12":"first","13":"instock","14":"taxable","15":"shipping-taxable","16":"purchasable","17":"product-type-variable","18":"has-default-attributes"},"bundled_by":[],"bundle_stock_status":"instock","bundle_stock_quantity":null,"bundle_virtual":false,"bundle_layout":"","bundle_add_to_cart_form_location":"","bundle_editable_in_cart":false,"bundle_sold_individually_context":"","bundle_item_grouping":"","bundle_min_size":"","bundle_max_size":"","bundle_price":[],"bundled_items":[],"bundle_sell_ids":[],"acf":[],"_links":{"self":[{"href":"https:\/\/goelette.ca\/en\/wp-json\/wp\/v2\/product\/246125","targetHints":{"allow":["GET"]}}],"collection":[{"href":"https:\/\/goelette.ca\/en\/wp-json\/wp\/v2\/product"}],"about":[{"href":"https:\/\/goelette.ca\/en\/wp-json\/wp\/v2\/types\/product"}],"wp:featuredmedia":[{"embeddable":true,"href":"https:\/\/goelette.ca\/en\/wp-json\/wp\/v2\/media\/246178"}],"wp:attachment":[{"href":"https:\/\/goelette.ca\/en\/wp-json\/wp\/v2\/media?parent=246125"}],"wp:term":[{"taxonomy":"product_brand","embeddable":true,"href":"https:\/\/goelette.ca\/en\/wp-json\/wp\/v2\/product_brand?post=246125"},{"taxonomy":"product_cat","embeddable":true,"href":"https:\/\/goelette.ca\/en\/wp-json\/wp\/v2\/product_cat?post=246125"},{"taxonomy":"product_tag","embeddable":true,"href":"https:\/\/goelette.ca\/en\/wp-json\/wp\/v2\/product_tag?post=246125"},{"taxonomy":"maison_dedition","embeddable":true,"href":"https:\/\/goelette.ca\/en\/wp-json\/wp\/v2\/maison_dedition?post=246125"}],"curies":[{"name":"wp","href":"https:\/\/api.w.org\/{rel}","templated":true}]}}