{"id":24602,"date":"2021-12-17T14:32:37","date_gmt":"2021-12-17T19:32:37","guid":{"rendered":"https:\/\/www.goelette.ca\/?post_type=product&#038;p=24602"},"modified":"2022-02-10T08:48:21","modified_gmt":"2022-02-10T13:48:21","slug":"coffret-le-pacte-des-elfes-sphinx","status":"publish","type":"product","link":"https:\/\/goelette.ca\/en\/tous-les-livres\/coffret-le-pacte-des-elfes-sphinx\/","title":{"rendered":"Coffret Le pacte des elfes-sphinx"},"content":{"rendered":"<p>Le royaume de Gohtes est menac\u00e9. Des hostilit\u00e9s \u00e9clatent \u00e0 ses fronti\u00e8res. Pour prot\u00e9ger son peuple contre les attaques de son voisin, le jeune roi M\u00e9l\u00e9nor a besoin du soutien militaire d\u2019une tierce nation. \u00c0 peine mari\u00e9, le souverain, descendant des elfes-sphinx, doit quitter la Cit\u00e9 des Mirages, laisser le pays aux mains de son \u00e9pouse et entreprendre un long p\u00e9riple. Dans sa qu\u00eate d\u2019une alliance, le monarque visitera des contr\u00e9es lointaines ; il croisera des personnages troubles, des cr\u00e9atures insolites et des femmes envo\u00fbtantes. Plus audacieux que sage, le s\u00e9duisant roi passera toutefois bien souvent de la volupt\u00e9 au d\u00e9senchantement. Trop fier pour demander l\u2019aide de ses anc\u00eatres magiciens, M\u00e9l\u00e9nor apprendra \u00e0 ses d\u00e9pens que son app\u00e9tit pour les plaisirs sensuels et son indomptable orgueil peuvent l\u2019aveugler et le faire succomber aux charmes trompeurs du d\u00e9sir et du pouvoir.<br \/>\nRiche en aventures, ce premier volet de l\u2019univers fantastique des elfes-sphinx annonce des bouleversements qui mettront en p\u00e9ril la survie des habitants du continent d\u2019Anastavar. Dans ce monde o\u00f9 les \u00e9preuves peuvent \u00eatre autant physiques que magiques, les \u00eatres tels que M\u00e9l\u00e9nor doivent miser sur leur solidarit\u00e9 pour rester unis \u00e0 ceux qu\u2019ils aiment.<\/p>\n","protected":false},"excerpt":{"rendered":"<p>Le royaume de Gohtes est menac\u00e9. Des hostilit\u00e9s \u00e9clatent \u00e0 ses fronti\u00e8res. Pour prot\u00e9ger son peuple contre les attaques de son voisin, le jeune roi M\u00e9l\u00e9nor a besoin du soutien militaire d\u2019une tierce nation. \u00c0 peine mari\u00e9, le souverain, descendant des elfes-sphinx, doit quitter la Cit\u00e9 des Mirages, laisser le pays aux mains de son [&hellip;]<\/p>\n","protected":false},"featured_media":24604,"template":"","meta":{"wds_primary_product_brand":0,"wds_primary_product_cat":0,"wds_primary_maison_dedition":0},"product_brand":[],"product_cat":[610,542,602],"product_tag":[],"maison_dedition":[],"class_list":{"0":"post-24602","1":"product","2":"type-product","3":"status-publish","4":"has-post-thumbnail","6":"product_cat-coffret","7":"product_cat-roman","8":"product_cat-science-fiction","9":"pa_auteur-louise-gauthier","11":"first","12":"instock","13":"taxable","14":"shipping-taxable","15":"purchasable","16":"product-type-variable"},"bundled_by":[],"bundle_stock_status":"instock","bundle_stock_quantity":null,"bundle_virtual":false,"bundle_layout":"","bundle_add_to_cart_form_location":"","bundle_editable_in_cart":false,"bundle_sold_individually_context":"","bundle_item_grouping":"","bundle_min_size":"","bundle_max_size":"","bundle_price":[],"bundled_items":[],"bundle_sell_ids":[],"acf":[],"_links":{"self":[{"href":"https:\/\/goelette.ca\/en\/wp-json\/wp\/v2\/product\/24602","targetHints":{"allow":["GET"]}}],"collection":[{"href":"https:\/\/goelette.ca\/en\/wp-json\/wp\/v2\/product"}],"about":[{"href":"https:\/\/goelette.ca\/en\/wp-json\/wp\/v2\/types\/product"}],"wp:featuredmedia":[{"embeddable":true,"href":"https:\/\/goelette.ca\/en\/wp-json\/wp\/v2\/media\/24604"}],"wp:attachment":[{"href":"https:\/\/goelette.ca\/en\/wp-json\/wp\/v2\/media?parent=24602"}],"wp:term":[{"taxonomy":"product_brand","embeddable":true,"href":"https:\/\/goelette.ca\/en\/wp-json\/wp\/v2\/product_brand?post=24602"},{"taxonomy":"product_cat","embeddable":true,"href":"https:\/\/goelette.ca\/en\/wp-json\/wp\/v2\/product_cat?post=24602"},{"taxonomy":"product_tag","embeddable":true,"href":"https:\/\/goelette.ca\/en\/wp-json\/wp\/v2\/product_tag?post=24602"},{"taxonomy":"maison_dedition","embeddable":true,"href":"https:\/\/goelette.ca\/en\/wp-json\/wp\/v2\/maison_dedition?post=24602"}],"curies":[{"name":"wp","href":"https:\/\/api.w.org\/{rel}","templated":true}]}}