{"id":24597,"date":"2021-12-17T14:26:43","date_gmt":"2021-12-17T19:26:43","guid":{"rendered":"https:\/\/www.goelette.ca\/?post_type=product&#038;p=24597"},"modified":"2023-02-07T09:03:44","modified_gmt":"2023-02-07T14:03:44","slug":"coffret-givree","status":"publish","type":"product","link":"https:\/\/goelette.ca\/en\/tous-les-livres\/coffret-givree\/","title":{"rendered":"Coffret Givr\u00e9e"},"content":{"rendered":"<p>Ah l\u2019amour ! C\u2019est toujours plus compliqu\u00e9 qu\u2019il n\u2019y para\u00eet.<br \/>\nParticuli\u00e8rement lorsque nous avons un petit c\u00f4t\u00e9 givr\u00e9\u2026<br \/>\nToujours en qu\u00eate d\u2019id\u00e9al, Isa trace sa route. Mais est-ce que ce qui la<br \/>\nrelie \u00e0 Maxim est assez fort pour elle ? Surtout que ce dernier travaille<br \/>\nbeaucoup, s\u2019\u00e9loigne et se referme. Est-ce que leur couple survivra ?<br \/>\nConseill\u00e9e par ses fid\u00e8les amies, confront\u00e9e par sa demi-soeur, qui veut<br \/>\nvivre \u00e0 sa mani\u00e8re, et encore jug\u00e9e par sa charmante maman, qui a le tour de lui mettre de la pression, Isa d\u00e9couvre que la vie, une fois le conte de f\u00e9es termin\u00e9, n\u2019est pas un long fleuve tranquille. Que faire quand l\u2019amour s\u2019\u00e9tiole avec les ann\u00e9es ? Heureusement, le premier roman d\u2019Isa se vend comme des petits pains chauds, ce qui la conduit vers sa France natale et lui permet de revoir un ancien petit ami. Est-ce un signe de la vie ?<\/p>\n<p>Audrey Parily poursuit sur sa lanc\u00e9e givr\u00e9e en exposant le laborieux<br \/>\nentretien que n\u00e9cessite le bonheur durable. Comment continuer de faire<br \/>\nbattre le coeur amoureux sans se perdre en chemin ni trop se prendre la<br \/>\nt\u00eate ?<\/p>\n","protected":false},"excerpt":{"rendered":"<p>Ah l\u2019amour ! C\u2019est toujours plus compliqu\u00e9 qu\u2019il n\u2019y para\u00eet. Particuli\u00e8rement lorsque nous avons un petit c\u00f4t\u00e9 givr\u00e9\u2026 Toujours en qu\u00eate d\u2019id\u00e9al, Isa trace sa route. Mais est-ce que ce qui la relie \u00e0 Maxim est assez fort pour elle ? Surtout que ce dernier travaille beaucoup, s\u2019\u00e9loigne et se referme. Est-ce que leur couple [&hellip;]<\/p>\n","protected":false},"featured_media":24599,"template":"","meta":{"wds_primary_product_brand":0,"wds_primary_product_cat":0,"wds_primary_maison_dedition":0},"product_brand":[],"product_cat":[610,542,585],"product_tag":[],"maison_dedition":[],"class_list":{"0":"post-24597","1":"product","2":"type-product","3":"status-publish","4":"has-post-thumbnail","6":"product_cat-coffret","7":"product_cat-roman","8":"product_cat-romance","10":"first","11":"instock","12":"taxable","13":"shipping-taxable","14":"purchasable","15":"product-type-variable"},"bundled_by":[],"bundle_stock_status":"instock","bundle_stock_quantity":null,"bundle_virtual":false,"bundle_layout":"","bundle_add_to_cart_form_location":"","bundle_editable_in_cart":false,"bundle_sold_individually_context":"","bundle_item_grouping":"","bundle_min_size":"","bundle_max_size":"","bundle_price":[],"bundled_items":[],"bundle_sell_ids":[],"acf":[],"_links":{"self":[{"href":"https:\/\/goelette.ca\/en\/wp-json\/wp\/v2\/product\/24597","targetHints":{"allow":["GET"]}}],"collection":[{"href":"https:\/\/goelette.ca\/en\/wp-json\/wp\/v2\/product"}],"about":[{"href":"https:\/\/goelette.ca\/en\/wp-json\/wp\/v2\/types\/product"}],"wp:featuredmedia":[{"embeddable":true,"href":"https:\/\/goelette.ca\/en\/wp-json\/wp\/v2\/media\/24599"}],"wp:attachment":[{"href":"https:\/\/goelette.ca\/en\/wp-json\/wp\/v2\/media?parent=24597"}],"wp:term":[{"taxonomy":"product_brand","embeddable":true,"href":"https:\/\/goelette.ca\/en\/wp-json\/wp\/v2\/product_brand?post=24597"},{"taxonomy":"product_cat","embeddable":true,"href":"https:\/\/goelette.ca\/en\/wp-json\/wp\/v2\/product_cat?post=24597"},{"taxonomy":"product_tag","embeddable":true,"href":"https:\/\/goelette.ca\/en\/wp-json\/wp\/v2\/product_tag?post=24597"},{"taxonomy":"maison_dedition","embeddable":true,"href":"https:\/\/goelette.ca\/en\/wp-json\/wp\/v2\/maison_dedition?post=24597"}],"curies":[{"name":"wp","href":"https:\/\/api.w.org\/{rel}","templated":true}]}}