{"id":241632,"date":"2025-05-07T00:01:06","date_gmt":"2025-05-07T04:01:06","guid":{"rendered":"https:\/\/goelette.ca\/?post_type=product&#038;p=241632"},"modified":"2025-04-14T11:46:26","modified_gmt":"2025-04-14T15:46:26","slug":"petit-artiste-point-en-point-sous-locean","status":"publish","type":"product","link":"https:\/\/goelette.ca\/en\/tous-les-livres\/petit-artiste-point-en-point-sous-locean\/","title":{"rendered":"Petit artiste &#8211; Point en point &#8211; Sous l&#8217;oc\u00e9an"},"content":{"rendered":"<p class=\"p1\">En partant de l&#8217;\u00e9toile, relie les points pour d\u00e9couvrir les habitants du monde marin! Une fois le dessin compl\u00e9t\u00e9, colorie-le.<\/p>\n<p class=\"p1\">Avec la collection <strong>Petit artiste<\/strong>, laisse libre cours \u00e0 ton talent et \u00e0 ta cr\u00e9ativit\u00e9 en r\u00e9alisant des \u0153uvres hautes en couleur!<\/p>\n","protected":false},"excerpt":{"rendered":"<p>En partant de l&#8217;\u00e9toile, relie les points pour d\u00e9couvrir les habitants du monde marin! Une fois le dessin compl\u00e9t\u00e9, colorie-le. Avec la collection Petit artiste, laisse libre cours \u00e0 ton talent et \u00e0 ta cr\u00e9ativit\u00e9 en r\u00e9alisant des \u0153uvres hautes en couleur!<\/p>\n","protected":false},"featured_media":241635,"template":"","meta":{"wds_primary_product_brand":0,"wds_primary_product_cat":0,"wds_primary_maison_dedition":0},"product_brand":[],"product_cat":[616,538,617],"product_tag":[],"maison_dedition":[630],"class_list":{"0":"post-241632","1":"product","2":"type-product","3":"status-publish","4":"has-post-thumbnail","6":"product_cat-coloriages","7":"product_cat-jeunesse","8":"product_cat-points-a-relier-jeunesse","9":"maison_dedition-les-editions-goelette","11":"first","12":"instock","13":"taxable","14":"shipping-taxable","15":"purchasable","16":"product-type-variable","17":"has-default-attributes"},"bundled_by":[],"bundle_stock_status":"instock","bundle_stock_quantity":null,"bundle_virtual":false,"bundle_layout":"","bundle_add_to_cart_form_location":"","bundle_editable_in_cart":false,"bundle_sold_individually_context":"","bundle_item_grouping":"","bundle_min_size":"","bundle_max_size":"","bundle_price":[],"bundled_items":[],"bundle_sell_ids":[],"acf":[],"_links":{"self":[{"href":"https:\/\/goelette.ca\/en\/wp-json\/wp\/v2\/product\/241632","targetHints":{"allow":["GET"]}}],"collection":[{"href":"https:\/\/goelette.ca\/en\/wp-json\/wp\/v2\/product"}],"about":[{"href":"https:\/\/goelette.ca\/en\/wp-json\/wp\/v2\/types\/product"}],"wp:featuredmedia":[{"embeddable":true,"href":"https:\/\/goelette.ca\/en\/wp-json\/wp\/v2\/media\/241635"}],"wp:attachment":[{"href":"https:\/\/goelette.ca\/en\/wp-json\/wp\/v2\/media?parent=241632"}],"wp:term":[{"taxonomy":"product_brand","embeddable":true,"href":"https:\/\/goelette.ca\/en\/wp-json\/wp\/v2\/product_brand?post=241632"},{"taxonomy":"product_cat","embeddable":true,"href":"https:\/\/goelette.ca\/en\/wp-json\/wp\/v2\/product_cat?post=241632"},{"taxonomy":"product_tag","embeddable":true,"href":"https:\/\/goelette.ca\/en\/wp-json\/wp\/v2\/product_tag?post=241632"},{"taxonomy":"maison_dedition","embeddable":true,"href":"https:\/\/goelette.ca\/en\/wp-json\/wp\/v2\/maison_dedition?post=241632"}],"curies":[{"name":"wp","href":"https:\/\/api.w.org\/{rel}","templated":true}]}}