{"id":241618,"date":"2025-05-07T00:01:12","date_gmt":"2025-05-07T04:01:12","guid":{"rendered":"https:\/\/goelette.ca\/?post_type=product&#038;p=241618"},"modified":"2025-04-14T11:39:54","modified_gmt":"2025-04-14T15:39:54","slug":"petit-artiste-coloriages-a-laventure","status":"publish","type":"product","link":"https:\/\/goelette.ca\/en\/tous-les-livres\/petit-artiste-coloriages-a-laventure\/","title":{"rendered":"Petit artiste &#8211; Coloriages &#8211; \u00c0 l&#8217;aventure!"},"content":{"rendered":"<p class=\"p1\">Prends tes crayons et pars \u00e0 l&#8217;aventure! Ajoute de la couleur et d\u00e9couvre un dessin amusant \u00e0 chaque page.<\/p>\n<p class=\"p1\">Avec la collection <strong>Petit artiste<\/strong>, laisse libre cours \u00e0 ton talent et \u00e0 ta cr\u00e9ativit\u00e9 en r\u00e9alisant des \u0153uvres hautes en couleur!<\/p>\n","protected":false},"excerpt":{"rendered":"<p>Prends tes crayons et pars \u00e0 l&#8217;aventure! Ajoute de la couleur et d\u00e9couvre un dessin amusant \u00e0 chaque page. Avec la collection Petit artiste, laisse libre cours \u00e0 ton talent et \u00e0 ta cr\u00e9ativit\u00e9 en r\u00e9alisant des \u0153uvres hautes en couleur!<\/p>\n","protected":false},"featured_media":241627,"template":"","meta":{"wds_primary_product_brand":0,"wds_primary_product_cat":0,"wds_primary_maison_dedition":0},"product_brand":[],"product_cat":[616,538],"product_tag":[],"maison_dedition":[630],"class_list":{"0":"post-241618","1":"product","2":"type-product","3":"status-publish","4":"has-post-thumbnail","6":"product_cat-coloriages","7":"product_cat-jeunesse","8":"maison_dedition-les-editions-goelette","10":"first","11":"instock","12":"taxable","13":"shipping-taxable","14":"purchasable","15":"product-type-variable","16":"has-default-attributes"},"bundled_by":[],"bundle_stock_status":"instock","bundle_stock_quantity":null,"bundle_virtual":false,"bundle_layout":"","bundle_add_to_cart_form_location":"","bundle_editable_in_cart":false,"bundle_sold_individually_context":"","bundle_item_grouping":"","bundle_min_size":"","bundle_max_size":"","bundle_price":[],"bundled_items":[],"bundle_sell_ids":[],"acf":[],"_links":{"self":[{"href":"https:\/\/goelette.ca\/en\/wp-json\/wp\/v2\/product\/241618","targetHints":{"allow":["GET"]}}],"collection":[{"href":"https:\/\/goelette.ca\/en\/wp-json\/wp\/v2\/product"}],"about":[{"href":"https:\/\/goelette.ca\/en\/wp-json\/wp\/v2\/types\/product"}],"wp:featuredmedia":[{"embeddable":true,"href":"https:\/\/goelette.ca\/en\/wp-json\/wp\/v2\/media\/241627"}],"wp:attachment":[{"href":"https:\/\/goelette.ca\/en\/wp-json\/wp\/v2\/media?parent=241618"}],"wp:term":[{"taxonomy":"product_brand","embeddable":true,"href":"https:\/\/goelette.ca\/en\/wp-json\/wp\/v2\/product_brand?post=241618"},{"taxonomy":"product_cat","embeddable":true,"href":"https:\/\/goelette.ca\/en\/wp-json\/wp\/v2\/product_cat?post=241618"},{"taxonomy":"product_tag","embeddable":true,"href":"https:\/\/goelette.ca\/en\/wp-json\/wp\/v2\/product_tag?post=241618"},{"taxonomy":"maison_dedition","embeddable":true,"href":"https:\/\/goelette.ca\/en\/wp-json\/wp\/v2\/maison_dedition?post=241618"}],"curies":[{"name":"wp","href":"https:\/\/api.w.org\/{rel}","templated":true}]}}