{"id":241607,"date":"2025-05-07T00:01:24","date_gmt":"2025-05-07T04:01:24","guid":{"rendered":"https:\/\/goelette.ca\/?post_type=product&#038;p=241607"},"modified":"2025-04-14T11:04:19","modified_gmt":"2025-04-14T15:04:19","slug":"mon-journal-intime-desserts-mignons","status":"publish","type":"product","link":"https:\/\/goelette.ca\/en\/tous-les-livres\/mon-journal-intime-desserts-mignons\/","title":{"rendered":"Mon journal intime &#8211; desserts mignons"},"content":{"rendered":"<p class=\"p1\">Ce journal intime a \u00e9t\u00e9 cr\u00e9\u00e9 sp\u00e9cialement pour les jeunes filles.<\/p>\n<p class=\"p1\">On y trouve un espace de cr\u00e9ation adapt\u00e9 \u00e0 celles qui souhaitent raconter les \u00e9v\u00e9nements de leur vie et exprimer leurs \u00e9motions au moyen de l\u2019\u00e9criture, et ce, en toute confidentialit\u00e9.<\/p>\n","protected":false},"excerpt":{"rendered":"<p>Ce journal intime a \u00e9t\u00e9 cr\u00e9\u00e9 sp\u00e9cialement pour les jeunes filles. On y trouve un espace de cr\u00e9ation adapt\u00e9 \u00e0 celles qui souhaitent raconter les \u00e9v\u00e9nements de leur vie et exprimer leurs \u00e9motions au moyen de l\u2019\u00e9criture, et ce, en toute confidentialit\u00e9.<\/p>\n","protected":false},"featured_media":241610,"template":"","meta":{"wds_primary_product_brand":0,"wds_primary_product_cat":0,"wds_primary_maison_dedition":0},"product_brand":[],"product_cat":[538,615,614],"product_tag":[],"maison_dedition":[],"class_list":{"0":"post-241607","1":"product","2":"type-product","3":"status-publish","4":"has-post-thumbnail","6":"product_cat-jeunesse","7":"product_cat-journaux-intimes-papeterie","8":"product_cat-papeterie","10":"first","11":"instock","12":"taxable","13":"shipping-taxable","14":"purchasable","15":"product-type-variable","16":"has-default-attributes"},"bundled_by":[],"bundle_stock_status":"instock","bundle_stock_quantity":null,"bundle_virtual":false,"bundle_layout":"","bundle_add_to_cart_form_location":"","bundle_editable_in_cart":false,"bundle_sold_individually_context":"","bundle_item_grouping":"","bundle_min_size":"","bundle_max_size":"","bundle_price":[],"bundled_items":[],"bundle_sell_ids":[],"acf":[],"_links":{"self":[{"href":"https:\/\/goelette.ca\/en\/wp-json\/wp\/v2\/product\/241607","targetHints":{"allow":["GET"]}}],"collection":[{"href":"https:\/\/goelette.ca\/en\/wp-json\/wp\/v2\/product"}],"about":[{"href":"https:\/\/goelette.ca\/en\/wp-json\/wp\/v2\/types\/product"}],"wp:featuredmedia":[{"embeddable":true,"href":"https:\/\/goelette.ca\/en\/wp-json\/wp\/v2\/media\/241610"}],"wp:attachment":[{"href":"https:\/\/goelette.ca\/en\/wp-json\/wp\/v2\/media?parent=241607"}],"wp:term":[{"taxonomy":"product_brand","embeddable":true,"href":"https:\/\/goelette.ca\/en\/wp-json\/wp\/v2\/product_brand?post=241607"},{"taxonomy":"product_cat","embeddable":true,"href":"https:\/\/goelette.ca\/en\/wp-json\/wp\/v2\/product_cat?post=241607"},{"taxonomy":"product_tag","embeddable":true,"href":"https:\/\/goelette.ca\/en\/wp-json\/wp\/v2\/product_tag?post=241607"},{"taxonomy":"maison_dedition","embeddable":true,"href":"https:\/\/goelette.ca\/en\/wp-json\/wp\/v2\/maison_dedition?post=241607"}],"curies":[{"name":"wp","href":"https:\/\/api.w.org\/{rel}","templated":true}]}}