{"id":241576,"date":"2025-05-28T00:01:29","date_gmt":"2025-05-28T04:01:29","guid":{"rendered":"https:\/\/goelette.ca\/?post_type=product&#038;p=241576"},"modified":"2025-10-08T11:23:11","modified_gmt":"2025-10-08T15:23:11","slug":"mon-abecedaire-des-animaux-du-quebec-edition-de-luxe","status":"publish","type":"product","link":"https:\/\/goelette.ca\/en\/tous-les-livres\/mon-abecedaire-des-animaux-du-quebec-edition-de-luxe\/","title":{"rendered":"Mon ab\u00e9c\u00e9daire des animaux du Qu\u00e9bec &#8211; \u00e9dition de luxe"},"content":{"rendered":"<p class=\"p1\">Gr\u00e2ce aux mots et aux dessins de Cathy Faucher, les 26 lettres de l&#8217;alphabet prennent vie en autant d&#8217;animaux du Qu\u00e9bec, pour le plaisir d&#8217;apprendre des petits et des plus grands.<\/p>\n<p class=\"p1\">Voici une \u00e9tape de d\u00e9couverte ludique et essentielle pour appr\u00e9cier les particularit\u00e9s des esp\u00e8ces embl\u00e9matiques ou m\u00e9connues qui peuplent notre nature.<\/p>\n","protected":false},"excerpt":{"rendered":"<p>Gr\u00e2ce aux mots et aux dessins de Cathy Faucher, les 26 lettres de l&#8217;alphabet prennent vie en autant d&#8217;animaux du Qu\u00e9bec, pour le plaisir d&#8217;apprendre des petits et des plus grands. Voici une \u00e9tape de d\u00e9couverte ludique et essentielle pour appr\u00e9cier les particularit\u00e9s des esp\u00e8ces embl\u00e9matiques ou m\u00e9connues qui peuplent notre nature.<\/p>\n","protected":false},"featured_media":241579,"template":"","meta":{"wds_primary_product_brand":0,"wds_primary_product_cat":0,"wds_primary_maison_dedition":0},"product_brand":[],"product_cat":[553,583,538,554],"product_tag":[],"maison_dedition":[630],"class_list":{"0":"post-241576","1":"product","2":"type-product","3":"status-publish","4":"has-post-thumbnail","6":"product_cat-documentaire","7":"product_cat-imagiers","8":"product_cat-jeunesse","9":"product_cat-zoologie","10":"pa_auteur-cathy-faucher","11":"maison_dedition-les-editions-goelette","13":"first","14":"instock","15":"taxable","16":"shipping-taxable","17":"purchasable","18":"product-type-variable","19":"has-default-attributes"},"bundled_by":[],"bundle_stock_status":"instock","bundle_stock_quantity":null,"bundle_virtual":false,"bundle_layout":"","bundle_add_to_cart_form_location":"","bundle_editable_in_cart":false,"bundle_sold_individually_context":"","bundle_item_grouping":"","bundle_min_size":"","bundle_max_size":"","bundle_price":[],"bundled_items":[],"bundle_sell_ids":[],"acf":[],"_links":{"self":[{"href":"https:\/\/goelette.ca\/en\/wp-json\/wp\/v2\/product\/241576","targetHints":{"allow":["GET"]}}],"collection":[{"href":"https:\/\/goelette.ca\/en\/wp-json\/wp\/v2\/product"}],"about":[{"href":"https:\/\/goelette.ca\/en\/wp-json\/wp\/v2\/types\/product"}],"wp:featuredmedia":[{"embeddable":true,"href":"https:\/\/goelette.ca\/en\/wp-json\/wp\/v2\/media\/241579"}],"wp:attachment":[{"href":"https:\/\/goelette.ca\/en\/wp-json\/wp\/v2\/media?parent=241576"}],"wp:term":[{"taxonomy":"product_brand","embeddable":true,"href":"https:\/\/goelette.ca\/en\/wp-json\/wp\/v2\/product_brand?post=241576"},{"taxonomy":"product_cat","embeddable":true,"href":"https:\/\/goelette.ca\/en\/wp-json\/wp\/v2\/product_cat?post=241576"},{"taxonomy":"product_tag","embeddable":true,"href":"https:\/\/goelette.ca\/en\/wp-json\/wp\/v2\/product_tag?post=241576"},{"taxonomy":"maison_dedition","embeddable":true,"href":"https:\/\/goelette.ca\/en\/wp-json\/wp\/v2\/maison_dedition?post=241576"}],"curies":[{"name":"wp","href":"https:\/\/api.w.org\/{rel}","templated":true}]}}