{"id":241569,"date":"2025-05-28T00:01:40","date_gmt":"2025-05-28T04:01:40","guid":{"rendered":"https:\/\/goelette.ca\/?post_type=product&#038;p=241569"},"modified":"2025-10-08T11:22:20","modified_gmt":"2025-10-08T15:22:20","slug":"les-petites-bestioles-du-quebec-edition-de-luxe","status":"publish","type":"product","link":"https:\/\/goelette.ca\/en\/tous-les-livres\/les-petites-bestioles-du-quebec-edition-de-luxe\/","title":{"rendered":"Les petites bestioles du Qu\u00e9bec &#8211; \u00e9dition de luxe"},"content":{"rendered":"<p class=\"p1\">Les entomologistes en herbe pourront d\u00e9couvrir en mots et en dessins le monde \u00e9tonnant des bestioles. Qu&#8217;est-ce qu&#8217;un arthropode? Comment vivent les fourmis? Par quels stades passe un papillon monarque? Pourquoi faut-il se m\u00e9fier des insectes aux couleurs vives? Voil\u00e0 l&#8217;occasion de trouver r\u00e9ponse \u00e0 ces questions et de faire connaissance avec des dizaines d&#8217;esp\u00e8ces diff\u00e9rentes qui grouillent, volent et rampent au Qu\u00e9bec!<\/p>\n","protected":false},"excerpt":{"rendered":"<p>Les entomologistes en herbe pourront d\u00e9couvrir en mots et en dessins le monde \u00e9tonnant des bestioles. Qu&#8217;est-ce qu&#8217;un arthropode? Comment vivent les fourmis? Par quels stades passe un papillon monarque? Pourquoi faut-il se m\u00e9fier des insectes aux couleurs vives? Voil\u00e0 l&#8217;occasion de trouver r\u00e9ponse \u00e0 ces questions et de faire connaissance avec des dizaines d&#8217;esp\u00e8ces [&hellip;]<\/p>\n","protected":false},"featured_media":241572,"template":"","meta":{"wds_primary_product_brand":0,"wds_primary_product_cat":0,"wds_primary_maison_dedition":0},"product_brand":[],"product_cat":[553,538,554],"product_tag":[],"maison_dedition":[630],"class_list":{"0":"post-241569","1":"product","2":"type-product","3":"status-publish","4":"has-post-thumbnail","6":"product_cat-documentaire","7":"product_cat-jeunesse","8":"product_cat-zoologie","9":"pa_auteur-cathy-faucher","10":"maison_dedition-les-editions-goelette","12":"first","13":"instock","14":"taxable","15":"shipping-taxable","16":"purchasable","17":"product-type-variable","18":"has-default-attributes"},"bundled_by":[],"bundle_stock_status":"instock","bundle_stock_quantity":null,"bundle_virtual":false,"bundle_layout":"","bundle_add_to_cart_form_location":"","bundle_editable_in_cart":false,"bundle_sold_individually_context":"","bundle_item_grouping":"","bundle_min_size":"","bundle_max_size":"","bundle_price":[],"bundled_items":[],"bundle_sell_ids":[],"acf":[],"_links":{"self":[{"href":"https:\/\/goelette.ca\/en\/wp-json\/wp\/v2\/product\/241569","targetHints":{"allow":["GET"]}}],"collection":[{"href":"https:\/\/goelette.ca\/en\/wp-json\/wp\/v2\/product"}],"about":[{"href":"https:\/\/goelette.ca\/en\/wp-json\/wp\/v2\/types\/product"}],"wp:featuredmedia":[{"embeddable":true,"href":"https:\/\/goelette.ca\/en\/wp-json\/wp\/v2\/media\/241572"}],"wp:attachment":[{"href":"https:\/\/goelette.ca\/en\/wp-json\/wp\/v2\/media?parent=241569"}],"wp:term":[{"taxonomy":"product_brand","embeddable":true,"href":"https:\/\/goelette.ca\/en\/wp-json\/wp\/v2\/product_brand?post=241569"},{"taxonomy":"product_cat","embeddable":true,"href":"https:\/\/goelette.ca\/en\/wp-json\/wp\/v2\/product_cat?post=241569"},{"taxonomy":"product_tag","embeddable":true,"href":"https:\/\/goelette.ca\/en\/wp-json\/wp\/v2\/product_tag?post=241569"},{"taxonomy":"maison_dedition","embeddable":true,"href":"https:\/\/goelette.ca\/en\/wp-json\/wp\/v2\/maison_dedition?post=241569"}],"curies":[{"name":"wp","href":"https:\/\/api.w.org\/{rel}","templated":true}]}}