{"id":241558,"date":"2025-05-28T00:01:37","date_gmt":"2025-05-28T04:01:37","guid":{"rendered":"https:\/\/goelette.ca\/?post_type=product&#038;p=241558"},"modified":"2025-10-08T11:22:44","modified_gmt":"2025-10-08T15:22:44","slug":"le-monde-marin-du-saint-laurent-edition-de-luxe","status":"publish","type":"product","link":"https:\/\/goelette.ca\/en\/tous-les-livres\/le-monde-marin-du-saint-laurent-edition-de-luxe\/","title":{"rendered":"Le monde marin du Saint-Laurent &#8211; \u00e9dition de luxe"},"content":{"rendered":"<p class=\"p1\">Le Saint-Laurent, le cours d&#8217;eau le plus important du Qu\u00e9bec, et son \u00e9cosyst\u00e8me prennent vie en dessins et en mots. Les oiseaux, poissons, crustac\u00e9s, mammif\u00e8res marins et autres \u00eatres vivants qui y habitent ont chacun leur r\u00f4le \u00e0 jouer et leurs particularit\u00e9s, fascinantes \u00e0 d\u00e9couvrir. Les dizaines d&#8217;esp\u00e8ces de plantes et d&#8217;animaux d&#8217;eau douce et d&#8217;eau sal\u00e9e repr\u00e9sent\u00e9es montrent toute la beaut\u00e9 de la diversit\u00e9 pr\u00e9sente \u00e0 deux pas de chez nous!<\/p>\n","protected":false},"excerpt":{"rendered":"<p>Le Saint-Laurent, le cours d&#8217;eau le plus important du Qu\u00e9bec, et son \u00e9cosyst\u00e8me prennent vie en dessins et en mots. Les oiseaux, poissons, crustac\u00e9s, mammif\u00e8res marins et autres \u00eatres vivants qui y habitent ont chacun leur r\u00f4le \u00e0 jouer et leurs particularit\u00e9s, fascinantes \u00e0 d\u00e9couvrir. Les dizaines d&#8217;esp\u00e8ces de plantes et d&#8217;animaux d&#8217;eau douce et [&hellip;]<\/p>\n","protected":false},"featured_media":241562,"template":"","meta":{"wds_primary_product_brand":0,"wds_primary_product_cat":0,"wds_primary_maison_dedition":0},"product_brand":[],"product_cat":[553,538,554],"product_tag":[],"maison_dedition":[630],"class_list":{"0":"post-241558","1":"product","2":"type-product","3":"status-publish","4":"has-post-thumbnail","6":"product_cat-documentaire","7":"product_cat-jeunesse","8":"product_cat-zoologie","9":"pa_auteur-cathy-faucher","10":"maison_dedition-les-editions-goelette","12":"first","13":"instock","14":"taxable","15":"shipping-taxable","16":"purchasable","17":"product-type-variable","18":"has-default-attributes"},"bundled_by":[],"bundle_stock_status":"instock","bundle_stock_quantity":null,"bundle_virtual":false,"bundle_layout":"","bundle_add_to_cart_form_location":"","bundle_editable_in_cart":false,"bundle_sold_individually_context":"","bundle_item_grouping":"","bundle_min_size":"","bundle_max_size":"","bundle_price":[],"bundled_items":[],"bundle_sell_ids":[],"acf":[],"_links":{"self":[{"href":"https:\/\/goelette.ca\/en\/wp-json\/wp\/v2\/product\/241558","targetHints":{"allow":["GET"]}}],"collection":[{"href":"https:\/\/goelette.ca\/en\/wp-json\/wp\/v2\/product"}],"about":[{"href":"https:\/\/goelette.ca\/en\/wp-json\/wp\/v2\/types\/product"}],"wp:featuredmedia":[{"embeddable":true,"href":"https:\/\/goelette.ca\/en\/wp-json\/wp\/v2\/media\/241562"}],"wp:attachment":[{"href":"https:\/\/goelette.ca\/en\/wp-json\/wp\/v2\/media?parent=241558"}],"wp:term":[{"taxonomy":"product_brand","embeddable":true,"href":"https:\/\/goelette.ca\/en\/wp-json\/wp\/v2\/product_brand?post=241558"},{"taxonomy":"product_cat","embeddable":true,"href":"https:\/\/goelette.ca\/en\/wp-json\/wp\/v2\/product_cat?post=241558"},{"taxonomy":"product_tag","embeddable":true,"href":"https:\/\/goelette.ca\/en\/wp-json\/wp\/v2\/product_tag?post=241558"},{"taxonomy":"maison_dedition","embeddable":true,"href":"https:\/\/goelette.ca\/en\/wp-json\/wp\/v2\/maison_dedition?post=241558"}],"curies":[{"name":"wp","href":"https:\/\/api.w.org\/{rel}","templated":true}]}}