{"id":241540,"date":"2025-04-23T00:01:46","date_gmt":"2025-04-23T04:01:46","guid":{"rendered":"https:\/\/goelette.ca\/?post_type=product&#038;p=241540"},"modified":"2025-12-02T14:36:32","modified_gmt":"2025-12-02T19:36:32","slug":"quiz-quebec-annees-80","status":"publish","type":"product","link":"https:\/\/goelette.ca\/en\/tous-les-livres\/quiz-quebec-annees-80\/","title":{"rendered":"Quiz Qu\u00e9bec &#8211; Ann\u00e9es 80"},"content":{"rendered":"<p class=\"p1\">Vous pensez bien conna\u00eetre les ann\u00e9es 1980 ? Qui est devenu le maire de Qu\u00e9bec en 1989 ? Quelle com\u00e9dienne a tenu le r\u00f4le de Micheline Gagnon dans Chop Suey ? Mettez vos connaissances g\u00e9n\u00e9rales au d\u00e9fi avec ces <strong>200 questions<\/strong> qui portent sur divers th\u00e8mes marquants.<\/p>\n<p class=\"p1\">Avec ce jeu-questionnaire, prenez une pause de votre quotidien pour vivre ou revivre les sports, les grands \u00e9v\u00e9nements, la politique, le cin\u00e9ma, la litt\u00e9rature et la musique des ann\u00e9es 1980.<\/p>\n<p class=\"p2\">La collection <strong>Quiz Qu\u00e9bec<\/strong> vous propose des questions consacr\u00e9es enti\u00e8rement \u00e0 des sujets marquants de l\u2019histoire du Qu\u00e9bec.<\/p>\n","protected":false},"excerpt":{"rendered":"<p>Vous pensez bien conna\u00eetre les ann\u00e9es 1980 ? Qui est devenu le maire de Qu\u00e9bec en 1989 ? Quelle com\u00e9dienne a tenu le r\u00f4le de Micheline Gagnon dans Chop Suey ? Mettez vos connaissances g\u00e9n\u00e9rales au d\u00e9fi avec ces 200 questions qui portent sur divers th\u00e8mes marquants. Avec ce jeu-questionnaire, prenez une pause de votre [&hellip;]<\/p>\n","protected":false},"featured_media":241542,"template":"","meta":{"wds_primary_product_brand":0,"wds_primary_product_cat":0,"wds_primary_maison_dedition":0},"product_brand":[],"product_cat":[567,566],"product_tag":[],"maison_dedition":[630,918],"class_list":{"0":"post-241540","1":"product","2":"type-product","3":"status-publish","4":"has-post-thumbnail","6":"product_cat-adulte","7":"product_cat-livres-de-jeux","8":"maison_dedition-les-editions-goelette","9":"maison_dedition-quiz-quebec","11":"first","12":"instock","13":"taxable","14":"shipping-taxable","15":"purchasable","16":"product-type-variable","17":"has-default-attributes"},"bundled_by":[],"bundle_stock_status":"instock","bundle_stock_quantity":null,"bundle_virtual":false,"bundle_layout":"","bundle_add_to_cart_form_location":"","bundle_editable_in_cart":false,"bundle_sold_individually_context":"","bundle_item_grouping":"","bundle_min_size":"","bundle_max_size":"","bundle_price":[],"bundled_items":[],"bundle_sell_ids":[],"acf":[],"_links":{"self":[{"href":"https:\/\/goelette.ca\/en\/wp-json\/wp\/v2\/product\/241540","targetHints":{"allow":["GET"]}}],"collection":[{"href":"https:\/\/goelette.ca\/en\/wp-json\/wp\/v2\/product"}],"about":[{"href":"https:\/\/goelette.ca\/en\/wp-json\/wp\/v2\/types\/product"}],"wp:featuredmedia":[{"embeddable":true,"href":"https:\/\/goelette.ca\/en\/wp-json\/wp\/v2\/media\/241542"}],"wp:attachment":[{"href":"https:\/\/goelette.ca\/en\/wp-json\/wp\/v2\/media?parent=241540"}],"wp:term":[{"taxonomy":"product_brand","embeddable":true,"href":"https:\/\/goelette.ca\/en\/wp-json\/wp\/v2\/product_brand?post=241540"},{"taxonomy":"product_cat","embeddable":true,"href":"https:\/\/goelette.ca\/en\/wp-json\/wp\/v2\/product_cat?post=241540"},{"taxonomy":"product_tag","embeddable":true,"href":"https:\/\/goelette.ca\/en\/wp-json\/wp\/v2\/product_tag?post=241540"},{"taxonomy":"maison_dedition","embeddable":true,"href":"https:\/\/goelette.ca\/en\/wp-json\/wp\/v2\/maison_dedition?post=241540"}],"curies":[{"name":"wp","href":"https:\/\/api.w.org\/{rel}","templated":true}]}}