{"id":240214,"date":"2025-04-16T00:01:56","date_gmt":"2025-04-16T04:01:56","guid":{"rendered":"https:\/\/goelette.ca\/?post_type=product&#038;p=240214"},"modified":"2025-04-11T12:00:09","modified_gmt":"2025-04-11T16:00:09","slug":"des-jeux-et-des-jeux-en-gros-caracteres-mots-entrecroises-vol-3","status":"publish","type":"product","link":"https:\/\/goelette.ca\/en\/tous-les-livres\/des-jeux-et-des-jeux-en-gros-caracteres-mots-entrecroises-vol-3\/","title":{"rendered":"Des jeux et des jeux en gros caract\u00e8res &#8211; Mots entrecrois\u00e9s vol.3"},"content":{"rendered":"<p class=\"p1\">Adeptes de mots entrecrois\u00e9s, ne laissez rien freiner votre envie de jouer! Profitez de votre jeu pr\u00e9f\u00e9r\u00e9 gr\u00e2ce aux gros caract\u00e8res plus faciles \u00e0 lire.<\/p>\n<p class=\"p1\">La collection <em>Des jeux et des jeux g\u00e9ants<\/em> vous propose des jeux de lettres et de chiffres classiques dans un format plus grand.<\/p>\n<p class=\"p1\">Le volet <strong>Gros caract\u00e8res<\/strong> offre des grilles de taille classique, mais accessibles \u00e0 tous avec des caract\u00e8res plus gros.<\/p>\n","protected":false},"excerpt":{"rendered":"<p>Adeptes de mots entrecrois\u00e9s, ne laissez rien freiner votre envie de jouer! Profitez de votre jeu pr\u00e9f\u00e9r\u00e9 gr\u00e2ce aux gros caract\u00e8res plus faciles \u00e0 lire. La collection Des jeux et des jeux g\u00e9ants vous propose des jeux de lettres et de chiffres classiques dans un format plus grand. Le volet Gros caract\u00e8res offre des grilles [&hellip;]<\/p>\n","protected":false},"featured_media":240218,"template":"","meta":{"wds_primary_product_brand":0,"wds_primary_product_cat":0,"wds_primary_maison_dedition":0},"product_brand":[],"product_cat":[567,646,566,576],"product_tag":[],"maison_dedition":[648,630],"class_list":{"0":"post-240214","1":"product","2":"type-product","3":"status-publish","4":"has-post-thumbnail","6":"product_cat-adulte","7":"product_cat-gros-caracteres","8":"product_cat-livres-de-jeux","9":"product_cat-mots-entrecroises","10":"maison_dedition-des-jeux-et-des-jeux","11":"maison_dedition-les-editions-goelette","13":"first","14":"instock","15":"taxable","16":"shipping-taxable","17":"purchasable","18":"product-type-variable","19":"has-default-attributes"},"bundled_by":[],"bundle_stock_status":"instock","bundle_stock_quantity":null,"bundle_virtual":false,"bundle_layout":"","bundle_add_to_cart_form_location":"","bundle_editable_in_cart":false,"bundle_sold_individually_context":"","bundle_item_grouping":"","bundle_min_size":"","bundle_max_size":"","bundle_price":[],"bundled_items":[],"bundle_sell_ids":[],"acf":[],"_links":{"self":[{"href":"https:\/\/goelette.ca\/en\/wp-json\/wp\/v2\/product\/240214","targetHints":{"allow":["GET"]}}],"collection":[{"href":"https:\/\/goelette.ca\/en\/wp-json\/wp\/v2\/product"}],"about":[{"href":"https:\/\/goelette.ca\/en\/wp-json\/wp\/v2\/types\/product"}],"wp:featuredmedia":[{"embeddable":true,"href":"https:\/\/goelette.ca\/en\/wp-json\/wp\/v2\/media\/240218"}],"wp:attachment":[{"href":"https:\/\/goelette.ca\/en\/wp-json\/wp\/v2\/media?parent=240214"}],"wp:term":[{"taxonomy":"product_brand","embeddable":true,"href":"https:\/\/goelette.ca\/en\/wp-json\/wp\/v2\/product_brand?post=240214"},{"taxonomy":"product_cat","embeddable":true,"href":"https:\/\/goelette.ca\/en\/wp-json\/wp\/v2\/product_cat?post=240214"},{"taxonomy":"product_tag","embeddable":true,"href":"https:\/\/goelette.ca\/en\/wp-json\/wp\/v2\/product_tag?post=240214"},{"taxonomy":"maison_dedition","embeddable":true,"href":"https:\/\/goelette.ca\/en\/wp-json\/wp\/v2\/maison_dedition?post=240214"}],"curies":[{"name":"wp","href":"https:\/\/api.w.org\/{rel}","templated":true}]}}