{"id":23801,"date":"2021-09-21T21:09:43","date_gmt":"2021-09-22T01:09:43","guid":{"rendered":"https:\/\/www.goelette.ca\/?post_type=product&#038;p=23801"},"modified":"2023-03-23T14:20:59","modified_gmt":"2023-03-23T18:20:59","slug":"les-confidences-darsene-lupin","status":"publish","type":"product","link":"https:\/\/goelette.ca\/en\/tous-les-livres\/les-confidences-darsene-lupin\/","title":{"rendered":"Les confidences d&#8217;Ars\u00e8ne Lupin"},"content":{"rendered":"<p>Apr\u00e8s avoir sauv\u00e9 une jeune femme d\u2019un violent meurtrier, le gentleman-cambrioleur r\u00e9sout une affaire de vol gr\u00e2ce \u00e0 un f\u00e9tu de paille, juste avant d\u2019annoncer son mariage avec une princesse. Faisant appel \u00e0 de multiples ruses, Lupin a plus d\u2019un tour dans son sac ! Meurtres, disparitions et vengeance sont au coeur des intrigues captivantes auxquelles il se trouve m\u00eal\u00e9. Dans ce recueil, d\u00e9couvrez neuf nouvelles mettant en sc\u00e8ne le plus charismatique des cambrioleurs.<\/p>\n<p>LE H\u00c9ROS AYANT INSPIR\u00c9 LA RETENTISSANTE S\u00c9RIE NETFLIX DIFFUS\u00c9E EN 2021.<\/p>\n","protected":false},"excerpt":{"rendered":"<p>Apr\u00e8s avoir sauv\u00e9 une jeune femme d\u2019un violent meurtrier, le gentleman-cambrioleur r\u00e9sout une affaire de vol gr\u00e2ce \u00e0 un f\u00e9tu de paille, juste avant d\u2019annoncer son mariage avec une princesse. Faisant appel \u00e0 de multiples ruses, Lupin a plus d\u2019un tour dans son sac ! Meurtres, disparitions et vengeance sont au coeur des intrigues captivantes [&hellip;]<\/p>\n","protected":false},"featured_media":23806,"template":"","meta":{"wds_primary_product_brand":0,"wds_primary_product_cat":0,"wds_primary_maison_dedition":0},"product_brand":[],"product_cat":[542],"product_tag":[],"maison_dedition":[628,541],"class_list":{"0":"post-23801","1":"product","2":"type-product","3":"status-publish","4":"has-post-thumbnail","6":"product_cat-roman","7":"pa_auteur-maurice-leblanc","8":"maison_dedition-arsene-lupin","9":"maison_dedition-les-editions-coup-doeil","11":"first","12":"instock","13":"taxable","14":"shipping-taxable","15":"purchasable","16":"product-type-variable"},"bundled_by":[],"bundle_stock_status":"instock","bundle_stock_quantity":null,"bundle_virtual":false,"bundle_layout":"","bundle_add_to_cart_form_location":"","bundle_editable_in_cart":false,"bundle_sold_individually_context":"","bundle_item_grouping":"","bundle_min_size":"","bundle_max_size":"","bundle_price":[],"bundled_items":[],"bundle_sell_ids":[],"acf":[],"_links":{"self":[{"href":"https:\/\/goelette.ca\/en\/wp-json\/wp\/v2\/product\/23801","targetHints":{"allow":["GET"]}}],"collection":[{"href":"https:\/\/goelette.ca\/en\/wp-json\/wp\/v2\/product"}],"about":[{"href":"https:\/\/goelette.ca\/en\/wp-json\/wp\/v2\/types\/product"}],"wp:featuredmedia":[{"embeddable":true,"href":"https:\/\/goelette.ca\/en\/wp-json\/wp\/v2\/media\/23806"}],"wp:attachment":[{"href":"https:\/\/goelette.ca\/en\/wp-json\/wp\/v2\/media?parent=23801"}],"wp:term":[{"taxonomy":"product_brand","embeddable":true,"href":"https:\/\/goelette.ca\/en\/wp-json\/wp\/v2\/product_brand?post=23801"},{"taxonomy":"product_cat","embeddable":true,"href":"https:\/\/goelette.ca\/en\/wp-json\/wp\/v2\/product_cat?post=23801"},{"taxonomy":"product_tag","embeddable":true,"href":"https:\/\/goelette.ca\/en\/wp-json\/wp\/v2\/product_tag?post=23801"},{"taxonomy":"maison_dedition","embeddable":true,"href":"https:\/\/goelette.ca\/en\/wp-json\/wp\/v2\/maison_dedition?post=23801"}],"curies":[{"name":"wp","href":"https:\/\/api.w.org\/{rel}","templated":true}]}}