{"id":23794,"date":"2021-09-21T21:01:31","date_gmt":"2021-09-22T01:01:31","guid":{"rendered":"https:\/\/www.goelette.ca\/?post_type=product&#038;p=23794"},"modified":"2023-03-23T14:20:40","modified_gmt":"2023-03-23T18:20:40","slug":"arsene-lupin-contre-herlock-sholmes","status":"publish","type":"product","link":"https:\/\/goelette.ca\/en\/tous-les-livres\/arsene-lupin-contre-herlock-sholmes\/","title":{"rendered":"Ars\u00e8ne Lupin contre Herlock Sholm\u00e8s"},"content":{"rendered":"<p>Ars\u00e8ne Lupin est tenu pour responsable d\u2019avoir d\u00e9rob\u00e9 un<br \/>\ndiamant bleu d\u2019une grande valeur \u00e0 la comtesse de Crozon.<br \/>\nPour \u00e9lucider cette affaire, le comte fait d\u00e9p\u00eacher le d\u00e9tective<br \/>\nHerlock Sholm\u00e8s et son acolyte, Wilson, \u00e0 Paris. R\u00e9put\u00e9 pour<br \/>\nson sens de la d\u00e9duction sans faille, Sholm\u00e8s arrivera-t-il \u00e0<br \/>\nd\u00e9jouer Lupin ?<br \/>\nDans cette nouvelle aventure, le c\u00e9l\u00e8bre gentleman cambrioleur<br \/>\naffronte un adversaire de taille. Toutefois, ce dernier ne se doute pas qu\u2019Ars\u00e8ne Lupin lui r\u00e9serve quelques ruses ing\u00e9nieuses.<br \/>\nLE H\u00c9ROS AYANT INSPIR\u00c9 LA RETENTISSANTE<br \/>\nS\u00c9RIE NETFLIX DIFFUS\u00c9E EN 2021<br \/>\nMaurice Leblanc, n\u00e9 en 1864 et mort en 1941, est un romancier<br \/>\nfran\u00e7ais qui a fait sa renomm\u00e9e avec les aventures d\u2019Ars\u00e8ne<br \/>\nLupin. Regroupant plus de 17 romans et 39 nouvelles, cette<br \/>\noeuvre s\u2019est taill\u00e9 une place dans les classiques litt\u00e9raires au<br \/>\nfil du temps.<\/p>\n","protected":false},"excerpt":{"rendered":"<p>Ars\u00e8ne Lupin est tenu pour responsable d\u2019avoir d\u00e9rob\u00e9 un diamant bleu d\u2019une grande valeur \u00e0 la comtesse de Crozon. Pour \u00e9lucider cette affaire, le comte fait d\u00e9p\u00eacher le d\u00e9tective Herlock Sholm\u00e8s et son acolyte, Wilson, \u00e0 Paris. R\u00e9put\u00e9 pour son sens de la d\u00e9duction sans faille, Sholm\u00e8s arrivera-t-il \u00e0 d\u00e9jouer Lupin ? Dans cette nouvelle [&hellip;]<\/p>\n","protected":false},"featured_media":23797,"template":"","meta":{"wds_primary_product_brand":0,"wds_primary_product_cat":0,"wds_primary_maison_dedition":0},"product_brand":[],"product_cat":[542],"product_tag":[],"maison_dedition":[628,541],"class_list":{"0":"post-23794","1":"product","2":"type-product","3":"status-publish","4":"has-post-thumbnail","6":"product_cat-roman","7":"pa_auteur-maurice-leblanc","8":"maison_dedition-arsene-lupin","9":"maison_dedition-les-editions-coup-doeil","11":"first","12":"instock","13":"taxable","14":"shipping-taxable","15":"purchasable","16":"product-type-variable"},"bundled_by":[],"bundle_stock_status":"instock","bundle_stock_quantity":null,"bundle_virtual":false,"bundle_layout":"","bundle_add_to_cart_form_location":"","bundle_editable_in_cart":false,"bundle_sold_individually_context":"","bundle_item_grouping":"","bundle_min_size":"","bundle_max_size":"","bundle_price":[],"bundled_items":[],"bundle_sell_ids":[],"acf":[],"_links":{"self":[{"href":"https:\/\/goelette.ca\/en\/wp-json\/wp\/v2\/product\/23794","targetHints":{"allow":["GET"]}}],"collection":[{"href":"https:\/\/goelette.ca\/en\/wp-json\/wp\/v2\/product"}],"about":[{"href":"https:\/\/goelette.ca\/en\/wp-json\/wp\/v2\/types\/product"}],"wp:featuredmedia":[{"embeddable":true,"href":"https:\/\/goelette.ca\/en\/wp-json\/wp\/v2\/media\/23797"}],"wp:attachment":[{"href":"https:\/\/goelette.ca\/en\/wp-json\/wp\/v2\/media?parent=23794"}],"wp:term":[{"taxonomy":"product_brand","embeddable":true,"href":"https:\/\/goelette.ca\/en\/wp-json\/wp\/v2\/product_brand?post=23794"},{"taxonomy":"product_cat","embeddable":true,"href":"https:\/\/goelette.ca\/en\/wp-json\/wp\/v2\/product_cat?post=23794"},{"taxonomy":"product_tag","embeddable":true,"href":"https:\/\/goelette.ca\/en\/wp-json\/wp\/v2\/product_tag?post=23794"},{"taxonomy":"maison_dedition","embeddable":true,"href":"https:\/\/goelette.ca\/en\/wp-json\/wp\/v2\/maison_dedition?post=23794"}],"curies":[{"name":"wp","href":"https:\/\/api.w.org\/{rel}","templated":true}]}}