{"id":232370,"date":"2025-03-28T10:20:49","date_gmt":"2025-03-28T14:20:49","guid":{"rendered":"https:\/\/goelette.ca\/?post_type=product&#038;p=232370"},"modified":"2025-03-28T10:27:37","modified_gmt":"2025-03-28T14:27:37","slug":"de-point-en-point-cactus","status":"publish","type":"product","link":"https:\/\/goelette.ca\/en\/tous-les-livres\/de-point-en-point-cactus\/","title":{"rendered":"De point en point &#8211; Cactus"},"content":{"rendered":"<p><strong>40 dessins amusants !<\/strong><\/p>\n<p class=\"p1\">Amuse-toi \u00e0 relier les points dans le bon ordre pour d\u00e9couvrir les dessins cach\u00e9s! Tu peux ensuite les colorier avec tes couleurs pr\u00e9f\u00e9r\u00e9es!<\/p>\n<p>&nbsp;<\/p>\n","protected":false},"excerpt":{"rendered":"<p>40 dessins amusants ! Amuse-toi \u00e0 relier les points dans le bon ordre pour d\u00e9couvrir les dessins cach\u00e9s! Tu peux ensuite les colorier avec tes couleurs pr\u00e9f\u00e9r\u00e9es! &nbsp;<\/p>\n","protected":false},"featured_media":232373,"template":"","meta":{"wds_primary_product_brand":0,"wds_primary_product_cat":0,"wds_primary_maison_dedition":0},"product_brand":[],"product_cat":[560,555,538,617],"product_tag":[],"maison_dedition":[541],"class_list":{"0":"post-232370","1":"product","2":"type-product","3":"status-publish","4":"has-post-thumbnail","6":"product_cat-3-5-ans","7":"product_cat-6-ans-et-plus","8":"product_cat-jeunesse","9":"product_cat-points-a-relier-jeunesse","10":"pa_auteur-collectif","11":"maison_dedition-les-editions-coup-doeil","13":"first","14":"instock","15":"taxable","16":"shipping-taxable","17":"purchasable","18":"product-type-variable"},"bundled_by":[],"bundle_stock_status":"instock","bundle_stock_quantity":null,"bundle_virtual":false,"bundle_layout":"","bundle_add_to_cart_form_location":"","bundle_editable_in_cart":false,"bundle_sold_individually_context":"","bundle_item_grouping":"","bundle_min_size":"","bundle_max_size":"","bundle_price":[],"bundled_items":[],"bundle_sell_ids":[],"acf":[],"_links":{"self":[{"href":"https:\/\/goelette.ca\/en\/wp-json\/wp\/v2\/product\/232370","targetHints":{"allow":["GET"]}}],"collection":[{"href":"https:\/\/goelette.ca\/en\/wp-json\/wp\/v2\/product"}],"about":[{"href":"https:\/\/goelette.ca\/en\/wp-json\/wp\/v2\/types\/product"}],"wp:featuredmedia":[{"embeddable":true,"href":"https:\/\/goelette.ca\/en\/wp-json\/wp\/v2\/media\/232373"}],"wp:attachment":[{"href":"https:\/\/goelette.ca\/en\/wp-json\/wp\/v2\/media?parent=232370"}],"wp:term":[{"taxonomy":"product_brand","embeddable":true,"href":"https:\/\/goelette.ca\/en\/wp-json\/wp\/v2\/product_brand?post=232370"},{"taxonomy":"product_cat","embeddable":true,"href":"https:\/\/goelette.ca\/en\/wp-json\/wp\/v2\/product_cat?post=232370"},{"taxonomy":"product_tag","embeddable":true,"href":"https:\/\/goelette.ca\/en\/wp-json\/wp\/v2\/product_tag?post=232370"},{"taxonomy":"maison_dedition","embeddable":true,"href":"https:\/\/goelette.ca\/en\/wp-json\/wp\/v2\/maison_dedition?post=232370"}],"curies":[{"name":"wp","href":"https:\/\/api.w.org\/{rel}","templated":true}]}}