{"id":22735,"date":"2021-11-01T00:00:00","date_gmt":"2021-10-31T23:00:00","guid":{"rendered":"https:\/\/www.goelette.ca\/produit\/la-petite-maison-du-sixieme-rang-tome-1-victorine\/"},"modified":"2024-06-05T15:45:43","modified_gmt":"2024-06-05T19:45:43","slug":"la-petite-maison-du-sixieme-rang-tome-1-victorine","status":"publish","type":"product","link":"https:\/\/goelette.ca\/en\/tous-les-livres\/la-petite-maison-du-sixieme-rang-tome-1-victorine\/","title":{"rendered":"La petite maison du Sixi\u00e8me Rang tome 1. Victorine"},"content":{"rendered":"<p>L\u2019amour a besoin d\u2019un logis pour s\u2019\u00e9panouir !<\/p>\n<p>N\u2019importe quel homme posant les yeux sur l\u2019une des filles Gaudet ne peut s\u2019emp\u00eacher d\u2019en tomber amoureux. C\u2019est le cas de Maxime, fou d\u2019amour pour Victorine. D\u00e8s leur rencontre, les deux jeunes gens ne peuvent vivre l\u2019un sans l\u2019autre. Mais leur mariage est vu d\u2019un mauvais \u0153il par Prudentienne, la m\u00e8re de Maxime, qui consid\u00e8re que son fils m\u00e9rite mieux qu\u2019une petite-fille de qu\u00eateux. Orgueilleuse, la vieille femme fera tout pour soumettre sa nouvelle bru \u00e0 tous ses caprices et la faire travailler comme une forcen\u00e9e. Si seulement le jeune couple pouvait trouver une ferme libre o\u00f9 s\u2019installer\u2026<\/p>\n<p>Micheline Dalp\u00e9, fi\u00e8re Lanaudoise de Joliette, a publi\u00e9 son premier roman \u00e0 compte d\u2019auteure en 1998. Depuis, elle a r\u00e9ussi \u00e0 d\u00e9velopper un lectorat fid\u00e8le gr\u00e2ce \u00e0 sa plume simple et authentique et ses personnages inoubliables, embl\u00e9matiques de notre terroir et de nos valeurs collectives. Romanci\u00e8re \u00e9m\u00e9rite, elle a su convaincre les lecteurs de son grand talent avec douze romans qui ont tous remport\u00e9 un vif succ\u00e8s. Son plus grand succ\u00e8s, Les s\u0153urs Beaudry, s\u2019est d\u2019ailleurs \u00e9coul\u00e9 \u00e0 plus de 30 000 exemplaires.<\/p>\n","protected":false},"excerpt":{"rendered":"<p>L\u2019amour a besoin d\u2019un logis pour s\u2019\u00e9panouir ! N\u2019importe quel homme posant les yeux sur l\u2019une des filles Gaudet ne peut s\u2019emp\u00eacher d\u2019en tomber amoureux. C\u2019est le cas de Maxime, fou d\u2019amour pour Victorine. D\u00e8s leur rencontre, les deux jeunes gens ne peuvent vivre l\u2019un sans l\u2019autre. Mais leur mariage est vu d\u2019un mauvais \u0153il [&hellip;]<\/p>\n","protected":false},"featured_media":22999,"template":"","meta":{"wds_primary_product_brand":0,"wds_primary_product_cat":0,"wds_primary_maison_dedition":0},"product_brand":[],"product_cat":[543,542],"product_tag":[],"maison_dedition":[541],"class_list":{"0":"post-22735","1":"product","2":"type-product","3":"status-publish","4":"has-post-thumbnail","6":"product_cat-historique","7":"product_cat-roman","8":"pa_auteur-micheline-dalpe","9":"maison_dedition-les-editions-coup-doeil","11":"first","12":"instock","13":"taxable","14":"shipping-taxable","15":"purchasable","16":"product-type-variable"},"bundled_by":[],"bundle_stock_status":"instock","bundle_stock_quantity":null,"bundle_virtual":false,"bundle_layout":"","bundle_add_to_cart_form_location":"","bundle_editable_in_cart":false,"bundle_sold_individually_context":"","bundle_item_grouping":"","bundle_min_size":"","bundle_max_size":"","bundle_price":[],"bundled_items":[],"bundle_sell_ids":[],"acf":[],"_links":{"self":[{"href":"https:\/\/goelette.ca\/en\/wp-json\/wp\/v2\/product\/22735","targetHints":{"allow":["GET"]}}],"collection":[{"href":"https:\/\/goelette.ca\/en\/wp-json\/wp\/v2\/product"}],"about":[{"href":"https:\/\/goelette.ca\/en\/wp-json\/wp\/v2\/types\/product"}],"wp:featuredmedia":[{"embeddable":true,"href":"https:\/\/goelette.ca\/en\/wp-json\/wp\/v2\/media\/22999"}],"wp:attachment":[{"href":"https:\/\/goelette.ca\/en\/wp-json\/wp\/v2\/media?parent=22735"}],"wp:term":[{"taxonomy":"product_brand","embeddable":true,"href":"https:\/\/goelette.ca\/en\/wp-json\/wp\/v2\/product_brand?post=22735"},{"taxonomy":"product_cat","embeddable":true,"href":"https:\/\/goelette.ca\/en\/wp-json\/wp\/v2\/product_cat?post=22735"},{"taxonomy":"product_tag","embeddable":true,"href":"https:\/\/goelette.ca\/en\/wp-json\/wp\/v2\/product_tag?post=22735"},{"taxonomy":"maison_dedition","embeddable":true,"href":"https:\/\/goelette.ca\/en\/wp-json\/wp\/v2\/maison_dedition?post=22735"}],"curies":[{"name":"wp","href":"https:\/\/api.w.org\/{rel}","templated":true}]}}