{"id":22730,"date":"2021-11-01T00:00:00","date_gmt":"2021-10-31T23:00:00","guid":{"rendered":"https:\/\/www.goelette.ca\/produit\/tim-decouvre-ses-nouveaux-amis-livre-casse-tete\/"},"modified":"2022-02-10T08:48:42","modified_gmt":"2022-02-10T13:48:42","slug":"tim-decouvre-ses-nouveaux-amis-livre-casse-tete","status":"publish","type":"product","link":"https:\/\/goelette.ca\/en\/tous-les-livres\/tim-decouvre-ses-nouveaux-amis-livre-casse-tete\/","title":{"rendered":"Tim d\u00e9couvre ses nouveaux amis (livre casse-t\u00eate)"},"content":{"rendered":"<p>Livre casse-t\u00eate<\/p>\n","protected":false},"excerpt":{"rendered":"<p>Livre casse-t\u00eate<\/p>\n","protected":false},"featured_media":22985,"template":"","meta":{"wds_primary_product_brand":0,"wds_primary_product_cat":0,"wds_primary_maison_dedition":0},"product_brand":[],"product_cat":[540,560,538,559,667],"product_tag":[],"maison_dedition":[],"class_list":{"0":"post-22730","1":"product","2":"type-product","3":"status-publish","4":"has-post-thumbnail","6":"product_cat-0-2-ans","7":"product_cat-3-5-ans","8":"product_cat-jeunesse","9":"product_cat-livres-casse-tete","10":"product_cat-livres-tout-carton","12":"first","13":"instock","14":"taxable","15":"shipping-taxable","16":"purchasable","17":"product-type-variable"},"bundled_by":[],"bundle_stock_status":"instock","bundle_stock_quantity":null,"bundle_virtual":false,"bundle_layout":"","bundle_add_to_cart_form_location":"","bundle_editable_in_cart":false,"bundle_sold_individually_context":"","bundle_item_grouping":"","bundle_min_size":"","bundle_max_size":"","bundle_price":[],"bundled_items":[],"bundle_sell_ids":[],"acf":[],"_links":{"self":[{"href":"https:\/\/goelette.ca\/en\/wp-json\/wp\/v2\/product\/22730","targetHints":{"allow":["GET"]}}],"collection":[{"href":"https:\/\/goelette.ca\/en\/wp-json\/wp\/v2\/product"}],"about":[{"href":"https:\/\/goelette.ca\/en\/wp-json\/wp\/v2\/types\/product"}],"wp:featuredmedia":[{"embeddable":true,"href":"https:\/\/goelette.ca\/en\/wp-json\/wp\/v2\/media\/22985"}],"wp:attachment":[{"href":"https:\/\/goelette.ca\/en\/wp-json\/wp\/v2\/media?parent=22730"}],"wp:term":[{"taxonomy":"product_brand","embeddable":true,"href":"https:\/\/goelette.ca\/en\/wp-json\/wp\/v2\/product_brand?post=22730"},{"taxonomy":"product_cat","embeddable":true,"href":"https:\/\/goelette.ca\/en\/wp-json\/wp\/v2\/product_cat?post=22730"},{"taxonomy":"product_tag","embeddable":true,"href":"https:\/\/goelette.ca\/en\/wp-json\/wp\/v2\/product_tag?post=22730"},{"taxonomy":"maison_dedition","embeddable":true,"href":"https:\/\/goelette.ca\/en\/wp-json\/wp\/v2\/maison_dedition?post=22730"}],"curies":[{"name":"wp","href":"https:\/\/api.w.org\/{rel}","templated":true}]}}