{"id":22714,"date":"2021-11-01T00:00:00","date_gmt":"2021-10-31T23:00:00","guid":{"rendered":"https:\/\/www.goelette.ca\/produit\/une-amitie-monstre-2\/"},"modified":"2025-05-15T13:16:10","modified_gmt":"2025-05-15T17:16:10","slug":"une-amitie-monstre-2","status":"publish","type":"product","link":"https:\/\/goelette.ca\/en\/tous-les-livres\/une-amitie-monstre-2\/","title":{"rendered":"Une amiti\u00e9 monstre"},"content":{"rendered":"<p>Se faire des amis, ce n \u2019est pas si effrayant ! Parfois, il suffit de tomber nez \u00e0 nez avec une \u00e9trange cr\u00e9ature rose, toute poilue&#8230; et pas \u00e9peurante du tout ! C\u2019est ce qui est arriv\u00e9 \u00e0 Tom lorsqu\u2019il a rencontr\u00e9 Odile. Tout a commenc\u00e9 le jour o\u00f9 il a entendu un bruit venant du r\u00e9duit sous l\u2019escalier&#8230;<\/p>\n","protected":false},"excerpt":{"rendered":"<p>Se faire des amis, ce n \u2019est pas si effrayant ! Parfois, il suffit de tomber nez \u00e0 nez avec une \u00e9trange cr\u00e9ature rose, toute poilue&#8230; et pas \u00e9peurante du tout ! C\u2019est ce qui est arriv\u00e9 \u00e0 Tom lorsqu\u2019il a rencontr\u00e9 Odile. Tout a commenc\u00e9 le jour o\u00f9 il a entendu un bruit venant [&hellip;]<\/p>\n","protected":false},"featured_media":22903,"template":"","meta":{"wds_primary_product_brand":0,"wds_primary_product_cat":0,"wds_primary_maison_dedition":0},"product_brand":[],"product_cat":[540,560,578,538],"product_tag":[],"maison_dedition":[584],"class_list":{"0":"post-22714","1":"product","2":"type-product","3":"status-publish","4":"has-post-thumbnail","6":"product_cat-0-2-ans","7":"product_cat-3-5-ans","8":"product_cat-albums-illustres","9":"product_cat-jeunesse","10":"pa_auteur-catherine-ouellet","11":"pa_illustrateur-claudio-cerri","12":"maison_dedition-petites-lectures","14":"first","15":"instock","16":"taxable","17":"shipping-taxable","18":"purchasable","19":"product-type-variable","20":"has-default-attributes"},"bundled_by":[],"bundle_stock_status":"instock","bundle_stock_quantity":null,"bundle_virtual":false,"bundle_layout":"","bundle_add_to_cart_form_location":"","bundle_editable_in_cart":false,"bundle_sold_individually_context":"","bundle_item_grouping":"","bundle_min_size":"","bundle_max_size":"","bundle_price":[],"bundled_items":[],"bundle_sell_ids":[],"acf":[],"_links":{"self":[{"href":"https:\/\/goelette.ca\/en\/wp-json\/wp\/v2\/product\/22714","targetHints":{"allow":["GET"]}}],"collection":[{"href":"https:\/\/goelette.ca\/en\/wp-json\/wp\/v2\/product"}],"about":[{"href":"https:\/\/goelette.ca\/en\/wp-json\/wp\/v2\/types\/product"}],"wp:featuredmedia":[{"embeddable":true,"href":"https:\/\/goelette.ca\/en\/wp-json\/wp\/v2\/media\/22903"}],"wp:attachment":[{"href":"https:\/\/goelette.ca\/en\/wp-json\/wp\/v2\/media?parent=22714"}],"wp:term":[{"taxonomy":"product_brand","embeddable":true,"href":"https:\/\/goelette.ca\/en\/wp-json\/wp\/v2\/product_brand?post=22714"},{"taxonomy":"product_cat","embeddable":true,"href":"https:\/\/goelette.ca\/en\/wp-json\/wp\/v2\/product_cat?post=22714"},{"taxonomy":"product_tag","embeddable":true,"href":"https:\/\/goelette.ca\/en\/wp-json\/wp\/v2\/product_tag?post=22714"},{"taxonomy":"maison_dedition","embeddable":true,"href":"https:\/\/goelette.ca\/en\/wp-json\/wp\/v2\/maison_dedition?post=22714"}],"curies":[{"name":"wp","href":"https:\/\/api.w.org\/{rel}","templated":true}]}}