{"id":22712,"date":"2021-11-01T00:00:00","date_gmt":"2021-10-31T23:00:00","guid":{"rendered":"https:\/\/www.goelette.ca\/produit\/le-nouveau-bonbon-de-ludivine-2\/"},"modified":"2025-05-15T13:48:05","modified_gmt":"2025-05-15T17:48:05","slug":"le-nouveau-bonbon-de-ludivine-2","status":"publish","type":"product","link":"https:\/\/goelette.ca\/en\/tous-les-livres\/le-nouveau-bonbon-de-ludivine-2\/","title":{"rendered":"Le nouveau bonbon de Ludivine"},"content":{"rendered":"<p>Ludivine est bien occup\u00e9e ! Cette ann\u00e9e encore, elle organise son grand bal costum\u00e9 de l\u2019Halloween et elle veut \u00e9pater ses invit\u00e9s avec un nouveau bonbon. Mais o\u00f9 la sorci\u00e8re pourra-t-elle trouver son inspiration ? C\u2019est avec son fid\u00e8le chat noir Onyx qu\u2019elle partira en qu\u00eate d\u2019ingr\u00e9dients extravagants pour confectionner sa friandise.<\/p>\n","protected":false},"excerpt":{"rendered":"<p>Ludivine est bien occup\u00e9e ! Cette ann\u00e9e encore, elle organise son grand bal costum\u00e9 de l\u2019Halloween et elle veut \u00e9pater ses invit\u00e9s avec un nouveau bonbon. Mais o\u00f9 la sorci\u00e8re pourra-t-elle trouver son inspiration ? C\u2019est avec son fid\u00e8le chat noir Onyx qu\u2019elle partira en qu\u00eate d\u2019ingr\u00e9dients extravagants pour confectionner sa friandise.<\/p>\n","protected":false},"featured_media":22977,"template":"","meta":{"wds_primary_product_brand":0,"wds_primary_product_cat":0,"wds_primary_maison_dedition":0},"product_brand":[],"product_cat":[560,578,625,538],"product_tag":[],"maison_dedition":[541,584],"class_list":{"0":"post-22712","1":"product","2":"type-product","3":"status-publish","4":"has-post-thumbnail","6":"product_cat-3-5-ans","7":"product_cat-albums-illustres","8":"product_cat-halloween","9":"product_cat-jeunesse","10":"pa_auteur-maude-iris-hamelin-ouellette","11":"pa_illustrateur-gaelle-picard","12":"maison_dedition-les-editions-coup-doeil","13":"maison_dedition-petites-lectures","15":"first","16":"instock","17":"taxable","18":"shipping-taxable","19":"purchasable","20":"product-type-variable","21":"has-default-attributes"},"bundled_by":[],"bundle_stock_status":"instock","bundle_stock_quantity":null,"bundle_virtual":false,"bundle_layout":"","bundle_add_to_cart_form_location":"","bundle_editable_in_cart":false,"bundle_sold_individually_context":"","bundle_item_grouping":"","bundle_min_size":"","bundle_max_size":"","bundle_price":[],"bundled_items":[],"bundle_sell_ids":[],"acf":[],"_links":{"self":[{"href":"https:\/\/goelette.ca\/en\/wp-json\/wp\/v2\/product\/22712","targetHints":{"allow":["GET"]}}],"collection":[{"href":"https:\/\/goelette.ca\/en\/wp-json\/wp\/v2\/product"}],"about":[{"href":"https:\/\/goelette.ca\/en\/wp-json\/wp\/v2\/types\/product"}],"wp:featuredmedia":[{"embeddable":true,"href":"https:\/\/goelette.ca\/en\/wp-json\/wp\/v2\/media\/22977"}],"wp:attachment":[{"href":"https:\/\/goelette.ca\/en\/wp-json\/wp\/v2\/media?parent=22712"}],"wp:term":[{"taxonomy":"product_brand","embeddable":true,"href":"https:\/\/goelette.ca\/en\/wp-json\/wp\/v2\/product_brand?post=22712"},{"taxonomy":"product_cat","embeddable":true,"href":"https:\/\/goelette.ca\/en\/wp-json\/wp\/v2\/product_cat?post=22712"},{"taxonomy":"product_tag","embeddable":true,"href":"https:\/\/goelette.ca\/en\/wp-json\/wp\/v2\/product_tag?post=22712"},{"taxonomy":"maison_dedition","embeddable":true,"href":"https:\/\/goelette.ca\/en\/wp-json\/wp\/v2\/maison_dedition?post=22712"}],"curies":[{"name":"wp","href":"https:\/\/api.w.org\/{rel}","templated":true}]}}