{"id":22710,"date":"2021-11-01T00:00:00","date_gmt":"2021-10-31T23:00:00","guid":{"rendered":"https:\/\/www.goelette.ca\/produit\/bouteille-a-la-mer-une\/"},"modified":"2026-05-11T14:42:54","modified_gmt":"2026-05-11T18:42:54","slug":"bouteille-a-la-mer-une","status":"publish","type":"product","link":"https:\/\/goelette.ca\/en\/tous-les-livres\/bouteille-a-la-mer-une\/","title":{"rendered":"Une bouteille \u00e0 la mer"},"content":{"rendered":"<p>Pauvre Mathias, son jouet favori a \u00e9t\u00e9 emport\u00e9 par la mar\u00e9e ! Billie le b\u00e9luga et son amie Ma\u00e9lie le marsouin aimeraient bien aider le gar\u00e7on. Jusqu&#8217;o\u00f9 devront-elles suivre le courant pour retrouver le petit bateau rouge ? Tu as envie d&#8217;en savoir plus sur le b\u00e9luga ? Lis cette adorable histoire le mettant en sc\u00e8ne, puis approfondis tes connaissances sur cet animal qu\u00e9b\u00e9cois gr\u00e2ce \u00e0 une page d&#8217;information documentaire \u00e0 la fin de l&#8217;album.<\/p>\n","protected":false},"excerpt":{"rendered":"<p>Pauvre Mathias, son jouet favori a \u00e9t\u00e9 emport\u00e9 par la mar\u00e9e ! Billie le b\u00e9luga et son amie Ma\u00e9lie le marsouin aimeraient bien aider le gar\u00e7on. Jusqu&#8217;o\u00f9 devront-elles suivre le courant pour retrouver le petit bateau rouge ? Tu as envie d&#8217;en savoir plus sur le b\u00e9luga ? Lis cette adorable histoire le mettant en [&hellip;]<\/p>\n","protected":false},"featured_media":22921,"template":"","meta":{"wds_primary_product_brand":0,"wds_primary_product_cat":0,"wds_primary_maison_dedition":0},"product_brand":[],"product_cat":[540,560,578,538],"product_tag":[],"maison_dedition":[541,584],"class_list":{"0":"post-22710","1":"product","2":"type-product","3":"status-publish","4":"has-post-thumbnail","6":"product_cat-0-2-ans","7":"product_cat-3-5-ans","8":"product_cat-albums-illustres","9":"product_cat-jeunesse","10":"pa_auteur-marilou-charpentier","11":"pa_illustrateur-sabrina-gendron","12":"maison_dedition-les-editions-coup-doeil","13":"maison_dedition-petites-lectures","15":"first","16":"instock","17":"taxable","18":"shipping-taxable","19":"purchasable","20":"product-type-variable"},"bundled_by":[],"bundle_stock_status":"instock","bundle_stock_quantity":null,"bundle_virtual":false,"bundle_layout":"","bundle_add_to_cart_form_location":"","bundle_editable_in_cart":false,"bundle_sold_individually_context":"","bundle_item_grouping":"","bundle_min_size":"","bundle_max_size":"","bundle_price":[],"bundled_items":[],"bundle_sell_ids":[],"acf":[],"_links":{"self":[{"href":"https:\/\/goelette.ca\/en\/wp-json\/wp\/v2\/product\/22710","targetHints":{"allow":["GET"]}}],"collection":[{"href":"https:\/\/goelette.ca\/en\/wp-json\/wp\/v2\/product"}],"about":[{"href":"https:\/\/goelette.ca\/en\/wp-json\/wp\/v2\/types\/product"}],"wp:featuredmedia":[{"embeddable":true,"href":"https:\/\/goelette.ca\/en\/wp-json\/wp\/v2\/media\/22921"}],"wp:attachment":[{"href":"https:\/\/goelette.ca\/en\/wp-json\/wp\/v2\/media?parent=22710"}],"wp:term":[{"taxonomy":"product_brand","embeddable":true,"href":"https:\/\/goelette.ca\/en\/wp-json\/wp\/v2\/product_brand?post=22710"},{"taxonomy":"product_cat","embeddable":true,"href":"https:\/\/goelette.ca\/en\/wp-json\/wp\/v2\/product_cat?post=22710"},{"taxonomy":"product_tag","embeddable":true,"href":"https:\/\/goelette.ca\/en\/wp-json\/wp\/v2\/product_tag?post=22710"},{"taxonomy":"maison_dedition","embeddable":true,"href":"https:\/\/goelette.ca\/en\/wp-json\/wp\/v2\/maison_dedition?post=22710"}],"curies":[{"name":"wp","href":"https:\/\/api.w.org\/{rel}","templated":true}]}}