{"id":22707,"date":"2021-11-01T00:00:00","date_gmt":"2021-10-31T23:00:00","guid":{"rendered":"https:\/\/www.goelette.ca\/produit\/operation-premiere-neige-2\/"},"modified":"2025-05-15T14:07:22","modified_gmt":"2025-05-15T18:07:22","slug":"operation-premiere-neige-2","status":"publish","type":"product","link":"https:\/\/goelette.ca\/en\/tous-les-livres\/operation-premiere-neige-2\/","title":{"rendered":"Op\u00e9ration premi\u00e8re neige"},"content":{"rendered":"<p>Un jour, le vent porte une plainte aux oreilles d&#8217;Agathe, le flocon de neige. C&#8217;est Ma\u00e9lie, une fillette qui attend avec impatience la premi\u00e8re chute de neige de l&#8217;ann\u00e9e. Agathe aimerait tant exaucer son souhait,<br \/>\nmais le commandant en chef des nuages est cat\u00e9gorique : les bonnes conditions ne sont pas encore r\u00e9unies. De quelle mani\u00e8re Agathe pourra-t-elle contourner ce probl\u00e8me ?<\/p>\n","protected":false},"excerpt":{"rendered":"<p>Un jour, le vent porte une plainte aux oreilles d&#8217;Agathe, le flocon de neige. C&#8217;est Ma\u00e9lie, une fillette qui attend avec impatience la premi\u00e8re chute de neige de l&#8217;ann\u00e9e. Agathe aimerait tant exaucer son souhait, mais le commandant en chef des nuages est cat\u00e9gorique : les bonnes conditions ne sont pas encore r\u00e9unies. De quelle [&hellip;]<\/p>\n","protected":false},"featured_media":22929,"template":"","meta":{"wds_primary_product_brand":0,"wds_primary_product_cat":0,"wds_primary_maison_dedition":0},"product_brand":[],"product_cat":[540,560,578,538],"product_tag":[],"maison_dedition":[541,584],"class_list":{"0":"post-22707","1":"product","2":"type-product","3":"status-publish","4":"has-post-thumbnail","6":"product_cat-0-2-ans","7":"product_cat-3-5-ans","8":"product_cat-albums-illustres","9":"product_cat-jeunesse","10":"pa_auteur-valerie-gagne","11":"maison_dedition-les-editions-coup-doeil","12":"maison_dedition-petites-lectures","14":"first","15":"instock","16":"taxable","17":"shipping-taxable","18":"purchasable","19":"product-type-variable","20":"has-default-attributes"},"bundled_by":[],"bundle_stock_status":"instock","bundle_stock_quantity":null,"bundle_virtual":false,"bundle_layout":"","bundle_add_to_cart_form_location":"","bundle_editable_in_cart":false,"bundle_sold_individually_context":"","bundle_item_grouping":"","bundle_min_size":"","bundle_max_size":"","bundle_price":[],"bundled_items":[],"bundle_sell_ids":[],"acf":[],"_links":{"self":[{"href":"https:\/\/goelette.ca\/en\/wp-json\/wp\/v2\/product\/22707","targetHints":{"allow":["GET"]}}],"collection":[{"href":"https:\/\/goelette.ca\/en\/wp-json\/wp\/v2\/product"}],"about":[{"href":"https:\/\/goelette.ca\/en\/wp-json\/wp\/v2\/types\/product"}],"wp:featuredmedia":[{"embeddable":true,"href":"https:\/\/goelette.ca\/en\/wp-json\/wp\/v2\/media\/22929"}],"wp:attachment":[{"href":"https:\/\/goelette.ca\/en\/wp-json\/wp\/v2\/media?parent=22707"}],"wp:term":[{"taxonomy":"product_brand","embeddable":true,"href":"https:\/\/goelette.ca\/en\/wp-json\/wp\/v2\/product_brand?post=22707"},{"taxonomy":"product_cat","embeddable":true,"href":"https:\/\/goelette.ca\/en\/wp-json\/wp\/v2\/product_cat?post=22707"},{"taxonomy":"product_tag","embeddable":true,"href":"https:\/\/goelette.ca\/en\/wp-json\/wp\/v2\/product_tag?post=22707"},{"taxonomy":"maison_dedition","embeddable":true,"href":"https:\/\/goelette.ca\/en\/wp-json\/wp\/v2\/maison_dedition?post=22707"}],"curies":[{"name":"wp","href":"https:\/\/api.w.org\/{rel}","templated":true}]}}