{"id":22706,"date":"2021-11-01T00:00:00","date_gmt":"2021-10-31T23:00:00","guid":{"rendered":"https:\/\/www.goelette.ca\/produit\/le-petit-lapin-de-noel-4\/"},"modified":"2025-09-03T13:29:20","modified_gmt":"2025-09-03T17:29:20","slug":"le-petit-lapin-de-noel-4","status":"publish","type":"product","link":"https:\/\/goelette.ca\/en\/tous-les-livres\/le-petit-lapin-de-noel-4\/","title":{"rendered":"Le petit Lapin de No\u00ebl"},"content":{"rendered":"<p>Coco le lapin de P\u00e2ques a un secret\u2026 il adore No\u00ebl !<br \/>\nParce qu\u2019il en r\u00eave depuis si longtemps, le petit lapin coquin<br \/>\nd\u00e9cide de troquer son panier pour un bel habit rouge.<br \/>\nEn jouant toutes sortes de tours au p\u00e8re No\u00ebl et \u00e0 ses lutins,<br \/>\nCoco apprendra qu\u2019il n\u2019est pas si facile d\u2019organiser la f\u00eate de No\u00ebl !<\/p>\n","protected":false},"excerpt":{"rendered":"<p>Coco le lapin de P\u00e2ques a un secret\u2026 il adore No\u00ebl ! Parce qu\u2019il en r\u00eave depuis si longtemps, le petit lapin coquin d\u00e9cide de troquer son panier pour un bel habit rouge. En jouant toutes sortes de tours au p\u00e8re No\u00ebl et \u00e0 ses lutins, Coco apprendra qu\u2019il n\u2019est pas si facile d\u2019organiser la [&hellip;]<\/p>\n","protected":false},"featured_media":264909,"template":"","meta":{"wds_primary_product_brand":0,"wds_primary_product_cat":0,"wds_primary_maison_dedition":0},"product_brand":[],"product_cat":[540,560,578,538],"product_tag":[],"maison_dedition":[541,584],"class_list":{"0":"post-22706","1":"product","2":"type-product","3":"status-publish","4":"has-post-thumbnail","6":"product_cat-0-2-ans","7":"product_cat-3-5-ans","8":"product_cat-albums-illustres","9":"product_cat-jeunesse","10":"pa_auteur-maude-iris-hamelin-ouellette","11":"pa_illustrateur-gaelle-picard","12":"maison_dedition-les-editions-coup-doeil","13":"maison_dedition-petites-lectures","15":"first","16":"instock","17":"taxable","18":"shipping-taxable","19":"purchasable","20":"product-type-variable"},"bundled_by":[],"bundle_stock_status":"instock","bundle_stock_quantity":null,"bundle_virtual":false,"bundle_layout":"","bundle_add_to_cart_form_location":"","bundle_editable_in_cart":false,"bundle_sold_individually_context":"","bundle_item_grouping":"","bundle_min_size":"","bundle_max_size":"","bundle_price":[],"bundled_items":[],"bundle_sell_ids":[],"acf":[],"_links":{"self":[{"href":"https:\/\/goelette.ca\/en\/wp-json\/wp\/v2\/product\/22706","targetHints":{"allow":["GET"]}}],"collection":[{"href":"https:\/\/goelette.ca\/en\/wp-json\/wp\/v2\/product"}],"about":[{"href":"https:\/\/goelette.ca\/en\/wp-json\/wp\/v2\/types\/product"}],"wp:featuredmedia":[{"embeddable":true,"href":"https:\/\/goelette.ca\/en\/wp-json\/wp\/v2\/media\/264909"}],"wp:attachment":[{"href":"https:\/\/goelette.ca\/en\/wp-json\/wp\/v2\/media?parent=22706"}],"wp:term":[{"taxonomy":"product_brand","embeddable":true,"href":"https:\/\/goelette.ca\/en\/wp-json\/wp\/v2\/product_brand?post=22706"},{"taxonomy":"product_cat","embeddable":true,"href":"https:\/\/goelette.ca\/en\/wp-json\/wp\/v2\/product_cat?post=22706"},{"taxonomy":"product_tag","embeddable":true,"href":"https:\/\/goelette.ca\/en\/wp-json\/wp\/v2\/product_tag?post=22706"},{"taxonomy":"maison_dedition","embeddable":true,"href":"https:\/\/goelette.ca\/en\/wp-json\/wp\/v2\/maison_dedition?post=22706"}],"curies":[{"name":"wp","href":"https:\/\/api.w.org\/{rel}","templated":true}]}}