{"id":22705,"date":"2021-11-01T00:00:00","date_gmt":"2021-10-31T23:00:00","guid":{"rendered":"https:\/\/www.goelette.ca\/produit\/famille-avant-tout-la\/"},"modified":"2025-05-15T14:37:38","modified_gmt":"2025-05-15T18:37:38","slug":"famille-avant-tout-la","status":"publish","type":"product","link":"https:\/\/goelette.ca\/en\/tous-les-livres\/famille-avant-tout-la\/","title":{"rendered":"La famille avant tout"},"content":{"rendered":"<p>Aujourd\u2019hui, Paolo doit veiller sur sa jeune soeur Clara. Papa compte sur lui ! Mais quand les enfants vont chez leur copain Diego, Clara ne parvient pas \u00e0 s\u2019amuser comme le font les gar\u00e7ons. Elle est trop petite ! Comment r\u00e9agira le grand fr\u00e8re lorsqu\u2019il devra consoler sa soeoeur ?<\/p>\n<p>Avec cette adorable histoire, faites r\u00e9fl\u00e9chir l\u2019enfant sur l\u2019importance de prendre soin de sa famille et poursuivez avec lui la discussion gr\u00e2ce \u00e0 une page sp\u00e9ciale \u00e0 la fin de l\u2019album.<\/p>\n","protected":false},"excerpt":{"rendered":"<p>Aujourd\u2019hui, Paolo doit veiller sur sa jeune soeur Clara. Papa compte sur lui ! Mais quand les enfants vont chez leur copain Diego, Clara ne parvient pas \u00e0 s\u2019amuser comme le font les gar\u00e7ons. Elle est trop petite ! Comment r\u00e9agira le grand fr\u00e8re lorsqu\u2019il devra consoler sa soeoeur ? Avec cette adorable histoire, faites [&hellip;]<\/p>\n","protected":false},"featured_media":22915,"template":"","meta":{"wds_primary_product_brand":0,"wds_primary_product_cat":0,"wds_primary_maison_dedition":0},"product_brand":[],"product_cat":[540,560,578,538],"product_tag":[],"maison_dedition":[541,584],"class_list":{"0":"post-22705","1":"product","2":"type-product","3":"status-publish","4":"has-post-thumbnail","6":"product_cat-0-2-ans","7":"product_cat-3-5-ans","8":"product_cat-albums-illustres","9":"product_cat-jeunesse","10":"pa_auteur-catherine-girard-audet","11":"pa_illustrateur-claudio-cerri","12":"maison_dedition-les-editions-coup-doeil","13":"maison_dedition-petites-lectures","15":"first","16":"instock","17":"taxable","18":"shipping-taxable","19":"purchasable","20":"product-type-variable","21":"has-default-attributes"},"bundled_by":[],"bundle_stock_status":"instock","bundle_stock_quantity":null,"bundle_virtual":false,"bundle_layout":"","bundle_add_to_cart_form_location":"","bundle_editable_in_cart":false,"bundle_sold_individually_context":"","bundle_item_grouping":"","bundle_min_size":"","bundle_max_size":"","bundle_price":[],"bundled_items":[],"bundle_sell_ids":[],"acf":[],"_links":{"self":[{"href":"https:\/\/goelette.ca\/en\/wp-json\/wp\/v2\/product\/22705","targetHints":{"allow":["GET"]}}],"collection":[{"href":"https:\/\/goelette.ca\/en\/wp-json\/wp\/v2\/product"}],"about":[{"href":"https:\/\/goelette.ca\/en\/wp-json\/wp\/v2\/types\/product"}],"wp:featuredmedia":[{"embeddable":true,"href":"https:\/\/goelette.ca\/en\/wp-json\/wp\/v2\/media\/22915"}],"wp:attachment":[{"href":"https:\/\/goelette.ca\/en\/wp-json\/wp\/v2\/media?parent=22705"}],"wp:term":[{"taxonomy":"product_brand","embeddable":true,"href":"https:\/\/goelette.ca\/en\/wp-json\/wp\/v2\/product_brand?post=22705"},{"taxonomy":"product_cat","embeddable":true,"href":"https:\/\/goelette.ca\/en\/wp-json\/wp\/v2\/product_cat?post=22705"},{"taxonomy":"product_tag","embeddable":true,"href":"https:\/\/goelette.ca\/en\/wp-json\/wp\/v2\/product_tag?post=22705"},{"taxonomy":"maison_dedition","embeddable":true,"href":"https:\/\/goelette.ca\/en\/wp-json\/wp\/v2\/maison_dedition?post=22705"}],"curies":[{"name":"wp","href":"https:\/\/api.w.org\/{rel}","templated":true}]}}