{"id":22700,"date":"2022-01-11T00:00:00","date_gmt":"2022-01-10T23:00:00","guid":{"rendered":"https:\/\/www.goelette.ca\/?post_type=product&#038;p=22700"},"modified":"2025-04-22T11:21:13","modified_gmt":"2025-04-22T15:21:13","slug":"collection-les-classiques-les-histoires-extraordinaire-histoire-grotesque","status":"publish","type":"product","link":"https:\/\/goelette.ca\/en\/tous-les-livres\/collection-les-classiques-les-histoires-extraordinaire-histoire-grotesque\/","title":{"rendered":"Collection les classiques &#8211; Les histoires extraordinaire \/ Histoire grotesque"},"content":{"rendered":"<p>EDGAR ALLAN POE<br \/>\nEdgar Allan Poe, n\u00e9 \u00e0 Boston, aux \u00c9tats-Unis,<br \/>\nen 1809, est l\u2019un des plus grands repr\u00e9sentants<br \/>\ndu romantisme am\u00e9ricain. \u00c9galement po\u00e8te et<br \/>\ndramaturge, il est surtout reconnu pour ses<br \/>\nnouvelles fantastiques. Avec ses nouvelles d\u2019enqu\u00eates,<br \/>\nPoe est aussi l\u2019inventeur du genre policier. Son<br \/>\nplus grand succ\u00e8s est la nouvelle Le Corbeau (1845).<br \/>\nHistoires extraordinaires (1856) et Histoires grotesques<br \/>\net s\u00e9rieuses (1864) sont des recueils qui regroupent<br \/>\nplusieurs nouvelles traduites et rassembl\u00e9es sous<br \/>\nces titres par Charles Baudelaire.<\/p>\n","protected":false},"excerpt":{"rendered":"<p>EDGAR ALLAN POE Edgar Allan Poe, n\u00e9 \u00e0 Boston, aux \u00c9tats-Unis, en 1809, est l\u2019un des plus grands repr\u00e9sentants du romantisme am\u00e9ricain. \u00c9galement po\u00e8te et dramaturge, il est surtout reconnu pour ses nouvelles fantastiques. Avec ses nouvelles d\u2019enqu\u00eates, Poe est aussi l\u2019inventeur du genre policier. Son plus grand succ\u00e8s est la nouvelle Le Corbeau (1845). [&hellip;]<\/p>\n","protected":false},"featured_media":23791,"template":"","meta":{"wds_primary_product_brand":0,"wds_primary_product_cat":0,"wds_primary_maison_dedition":0},"product_brand":[],"product_cat":[609,542],"product_tag":[],"maison_dedition":[630],"class_list":{"0":"post-22700","1":"product","2":"type-product","3":"status-publish","4":"has-post-thumbnail","6":"product_cat-classiques","7":"product_cat-roman","8":"pa_auteur-edgar-allan-poe","9":"maison_dedition-les-editions-goelette","11":"first","12":"instock","13":"taxable","14":"shipping-taxable","15":"purchasable","16":"product-type-variable","17":"has-default-attributes"},"bundled_by":[],"bundle_stock_status":"instock","bundle_stock_quantity":null,"bundle_virtual":false,"bundle_layout":"","bundle_add_to_cart_form_location":"","bundle_editable_in_cart":false,"bundle_sold_individually_context":"","bundle_item_grouping":"","bundle_min_size":"","bundle_max_size":"","bundle_price":[],"bundled_items":[],"bundle_sell_ids":[],"acf":[],"_links":{"self":[{"href":"https:\/\/goelette.ca\/en\/wp-json\/wp\/v2\/product\/22700","targetHints":{"allow":["GET"]}}],"collection":[{"href":"https:\/\/goelette.ca\/en\/wp-json\/wp\/v2\/product"}],"about":[{"href":"https:\/\/goelette.ca\/en\/wp-json\/wp\/v2\/types\/product"}],"wp:featuredmedia":[{"embeddable":true,"href":"https:\/\/goelette.ca\/en\/wp-json\/wp\/v2\/media\/23791"}],"wp:attachment":[{"href":"https:\/\/goelette.ca\/en\/wp-json\/wp\/v2\/media?parent=22700"}],"wp:term":[{"taxonomy":"product_brand","embeddable":true,"href":"https:\/\/goelette.ca\/en\/wp-json\/wp\/v2\/product_brand?post=22700"},{"taxonomy":"product_cat","embeddable":true,"href":"https:\/\/goelette.ca\/en\/wp-json\/wp\/v2\/product_cat?post=22700"},{"taxonomy":"product_tag","embeddable":true,"href":"https:\/\/goelette.ca\/en\/wp-json\/wp\/v2\/product_tag?post=22700"},{"taxonomy":"maison_dedition","embeddable":true,"href":"https:\/\/goelette.ca\/en\/wp-json\/wp\/v2\/maison_dedition?post=22700"}],"curies":[{"name":"wp","href":"https:\/\/api.w.org\/{rel}","templated":true}]}}