{"id":22699,"date":"2022-01-11T00:00:00","date_gmt":"2022-01-10T23:00:00","guid":{"rendered":"https:\/\/www.goelette.ca\/?post_type=product&#038;p=22699"},"modified":"2025-04-22T11:26:50","modified_gmt":"2025-04-22T15:26:50","slug":"collection-les-classiques-jane-eyre","status":"publish","type":"product","link":"https:\/\/goelette.ca\/en\/tous-les-livres\/collection-les-classiques-jane-eyre\/","title":{"rendered":"Collection les classiques &#8211; Jane Eyre"},"content":{"rendered":"<p>CHARLOTTE BRONT\u00cb<br \/>\nCharlotte Bront\u00eb est n\u00e9e en 1816 \u00e0 Thornton, en<br \/>\nAngleterre. Tout comme ses soeurs, Emily et<br \/>\nAnne, elle est anim\u00e9e par un d\u00e9sir d\u2019\u00e9crire. Elles<br \/>\npublient ensemble un recueil de po\u00e9sie en 1846<br \/>\nsous le titre Poems by Currer, Ellis and Acton Bell.<br \/>\nCharlotte Bront\u00eb se lance par la suite dans<br \/>\nl\u2019\u00e9criture de romans qu\u2019elle publie sous son<br \/>\npseudonyme masculin : Currer Bell.<br \/>\nJane Eyre (1847) est un roman qui a charm\u00e9 bon<br \/>\nnombre de lecteurs depuis sa publication. Cette<br \/>\nautobiographie fictive met en sc\u00e8ne une orpheline<br \/>\nau caract\u00e8re rev\u00eache qui deviendra une h\u00e9ro\u00efne<br \/>\nind\u00e9pendante, ma\u00eetresse de son propre destin \u00e0<br \/>\nl\u2019\u00e9poque victorienne.<\/p>\n","protected":false},"excerpt":{"rendered":"<p>CHARLOTTE BRONT\u00cb Charlotte Bront\u00eb est n\u00e9e en 1816 \u00e0 Thornton, en Angleterre. Tout comme ses soeurs, Emily et Anne, elle est anim\u00e9e par un d\u00e9sir d\u2019\u00e9crire. Elles publient ensemble un recueil de po\u00e9sie en 1846 sous le titre Poems by Currer, Ellis and Acton Bell. Charlotte Bront\u00eb se lance par la suite dans l\u2019\u00e9criture de [&hellip;]<\/p>\n","protected":false},"featured_media":23789,"template":"","meta":{"wds_primary_product_brand":0,"wds_primary_product_cat":0,"wds_primary_maison_dedition":0},"product_brand":[],"product_cat":[609,542],"product_tag":[],"maison_dedition":[630],"class_list":{"0":"post-22699","1":"product","2":"type-product","3":"status-publish","4":"has-post-thumbnail","6":"product_cat-classiques","7":"product_cat-roman","8":"maison_dedition-les-editions-goelette","10":"first","11":"instock","12":"taxable","13":"shipping-taxable","14":"purchasable","15":"product-type-variable","16":"has-default-attributes"},"bundled_by":[],"bundle_stock_status":"instock","bundle_stock_quantity":null,"bundle_virtual":false,"bundle_layout":"","bundle_add_to_cart_form_location":"","bundle_editable_in_cart":false,"bundle_sold_individually_context":"","bundle_item_grouping":"","bundle_min_size":"","bundle_max_size":"","bundle_price":[],"bundled_items":[],"bundle_sell_ids":[],"acf":[],"_links":{"self":[{"href":"https:\/\/goelette.ca\/en\/wp-json\/wp\/v2\/product\/22699","targetHints":{"allow":["GET"]}}],"collection":[{"href":"https:\/\/goelette.ca\/en\/wp-json\/wp\/v2\/product"}],"about":[{"href":"https:\/\/goelette.ca\/en\/wp-json\/wp\/v2\/types\/product"}],"wp:featuredmedia":[{"embeddable":true,"href":"https:\/\/goelette.ca\/en\/wp-json\/wp\/v2\/media\/23789"}],"wp:attachment":[{"href":"https:\/\/goelette.ca\/en\/wp-json\/wp\/v2\/media?parent=22699"}],"wp:term":[{"taxonomy":"product_brand","embeddable":true,"href":"https:\/\/goelette.ca\/en\/wp-json\/wp\/v2\/product_brand?post=22699"},{"taxonomy":"product_cat","embeddable":true,"href":"https:\/\/goelette.ca\/en\/wp-json\/wp\/v2\/product_cat?post=22699"},{"taxonomy":"product_tag","embeddable":true,"href":"https:\/\/goelette.ca\/en\/wp-json\/wp\/v2\/product_tag?post=22699"},{"taxonomy":"maison_dedition","embeddable":true,"href":"https:\/\/goelette.ca\/en\/wp-json\/wp\/v2\/maison_dedition?post=22699"}],"curies":[{"name":"wp","href":"https:\/\/api.w.org\/{rel}","templated":true}]}}