{"id":22698,"date":"2022-01-11T00:00:00","date_gmt":"2022-01-10T23:00:00","guid":{"rendered":"https:\/\/www.goelette.ca\/?post_type=product&#038;p=22698"},"modified":"2025-04-22T11:13:39","modified_gmt":"2025-04-22T15:13:39","slug":"collection-les-classiques-bel-ami-boule-de-suif-le-horla","status":"publish","type":"product","link":"https:\/\/goelette.ca\/en\/tous-les-livres\/collection-les-classiques-bel-ami-boule-de-suif-le-horla\/","title":{"rendered":"Collection les classiques &#8211; Bel-Ami \/ Boule de suif \/ Le Horla"},"content":{"rendered":"<p>GUY DE MAUPASSANT<br \/>\nN\u00e9 en 1850 en Normandie, en France, Henry-<br \/>\nRen\u00e9-Albert-Guy de Maupassant est l\u2019une des<br \/>\nplus grandes figures du r\u00e9alisme litt\u00e9raire avec<br \/>\nses contemporains Gustave Flaubert et \u00c9mile<br \/>\nZola. Au cours de sa br\u00e8ve carri\u00e8re, Maupassant a<br \/>\n\u00e9crit pr\u00e8s de trois cent contes et nouvelles,<br \/>\nregroup\u00e9s dans divers recueils, ainsi que six<br \/>\nromans, dont Bel-Ami (1885) et Pierre et Jean<br \/>\n(1888). Boule de suif (1880) est la premi\u00e8re nouvelle<br \/>\nde Maupassant avec laquelle il conna\u00eet un grand<br \/>\nsucc\u00e8s. Certains de ses contes et de ses nouvelles<br \/>\npr\u00e9sentent un portrait de la vie sociale truff\u00e9<br \/>\nd\u2019ironie comme dans les Contes de la B\u00e9casse<br \/>\n(1883). D\u2019autres sont marqu\u00e9s par la pr\u00e9sence du<br \/>\nfantastique, par exemple dans Le Horla (1887), et<br \/>\nexploitent des th\u00e8mes tels que la folie et l\u2019angoisse.<\/p>\n","protected":false},"excerpt":{"rendered":"<p>GUY DE MAUPASSANT N\u00e9 en 1850 en Normandie, en France, Henry- Ren\u00e9-Albert-Guy de Maupassant est l\u2019une des plus grandes figures du r\u00e9alisme litt\u00e9raire avec ses contemporains Gustave Flaubert et \u00c9mile Zola. Au cours de sa br\u00e8ve carri\u00e8re, Maupassant a \u00e9crit pr\u00e8s de trois cent contes et nouvelles, regroup\u00e9s dans divers recueils, ainsi que six romans, [&hellip;]<\/p>\n","protected":false},"featured_media":23787,"template":"","meta":{"wds_primary_product_brand":0,"wds_primary_product_cat":0,"wds_primary_maison_dedition":0},"product_brand":[],"product_cat":[609,542],"product_tag":[],"maison_dedition":[630],"class_list":{"0":"post-22698","1":"product","2":"type-product","3":"status-publish","4":"has-post-thumbnail","6":"product_cat-classiques","7":"product_cat-roman","8":"pa_auteur-guy-de-maupassant","9":"maison_dedition-les-editions-goelette","11":"first","12":"instock","13":"taxable","14":"shipping-taxable","15":"purchasable","16":"product-type-variable","17":"has-default-attributes"},"bundled_by":[],"bundle_stock_status":"instock","bundle_stock_quantity":null,"bundle_virtual":false,"bundle_layout":"","bundle_add_to_cart_form_location":"","bundle_editable_in_cart":false,"bundle_sold_individually_context":"","bundle_item_grouping":"","bundle_min_size":"","bundle_max_size":"","bundle_price":[],"bundled_items":[],"bundle_sell_ids":[],"acf":[],"_links":{"self":[{"href":"https:\/\/goelette.ca\/en\/wp-json\/wp\/v2\/product\/22698","targetHints":{"allow":["GET"]}}],"collection":[{"href":"https:\/\/goelette.ca\/en\/wp-json\/wp\/v2\/product"}],"about":[{"href":"https:\/\/goelette.ca\/en\/wp-json\/wp\/v2\/types\/product"}],"wp:featuredmedia":[{"embeddable":true,"href":"https:\/\/goelette.ca\/en\/wp-json\/wp\/v2\/media\/23787"}],"wp:attachment":[{"href":"https:\/\/goelette.ca\/en\/wp-json\/wp\/v2\/media?parent=22698"}],"wp:term":[{"taxonomy":"product_brand","embeddable":true,"href":"https:\/\/goelette.ca\/en\/wp-json\/wp\/v2\/product_brand?post=22698"},{"taxonomy":"product_cat","embeddable":true,"href":"https:\/\/goelette.ca\/en\/wp-json\/wp\/v2\/product_cat?post=22698"},{"taxonomy":"product_tag","embeddable":true,"href":"https:\/\/goelette.ca\/en\/wp-json\/wp\/v2\/product_tag?post=22698"},{"taxonomy":"maison_dedition","embeddable":true,"href":"https:\/\/goelette.ca\/en\/wp-json\/wp\/v2\/maison_dedition?post=22698"}],"curies":[{"name":"wp","href":"https:\/\/api.w.org\/{rel}","templated":true}]}}