{"id":22697,"date":"2022-01-11T00:00:00","date_gmt":"2022-01-11T05:00:00","guid":{"rendered":"https:\/\/www.goelette.ca\/?post_type=product&#038;p=22697"},"modified":"2025-04-22T11:29:44","modified_gmt":"2025-04-22T15:29:44","slug":"collection-les-classiques-notre-dame-de-paris","status":"publish","type":"product","link":"https:\/\/goelette.ca\/en\/tous-les-livres\/collection-les-classiques-notre-dame-de-paris\/","title":{"rendered":"Collection les classiques &#8211; Notre-Dame de Paris"},"content":{"rendered":"<p>VICTOR HUGO<br \/>\nPo\u00e8te, dramaturge, romancier et artiste, Victor<br \/>\nHugo est l\u2019un des plus c\u00e9l\u00e8bres \u00e9crivains fran\u00e7ais.<br \/>\nN\u00e9 en 1802 \u00e0 Besan\u00e7on, dans l\u2019est de la France,<br \/>\nl\u2019auteur extr\u00eamement prolifique l\u00e8gue une oeuvre<br \/>\nimportante autant en po\u00e9sie qu\u2019au th\u00e9\u00e2tre sans<br \/>\noublier ses quelques romans qui ont connu de<br \/>\ngrands succ\u00e8s populaires. Le po\u00e8te romantique fait<br \/>\npreuve d\u2019un grand engagement politique au cours<br \/>\nde sa vie qui teintera plusieurs de ses oeuvres,<br \/>\ntelles que Les Mis\u00e9rables (1862).<br \/>\nNotre-Dame de Paris (1831) a ravi plusieurs<br \/>\ng\u00e9n\u00e9rations de lecteurs. Adapt\u00e9 au th\u00e9\u00e2tre, en<br \/>\ncom\u00e9die musicale et au cin\u00e9ma, ce roman<br \/>\nhistorique est sans conteste l\u2019oeuvre la plus connue<br \/>\nde Victor Hugo \u00e0 travers le monde.<\/p>\n","protected":false},"excerpt":{"rendered":"<p>VICTOR HUGO Po\u00e8te, dramaturge, romancier et artiste, Victor Hugo est l\u2019un des plus c\u00e9l\u00e8bres \u00e9crivains fran\u00e7ais. N\u00e9 en 1802 \u00e0 Besan\u00e7on, dans l\u2019est de la France, l\u2019auteur extr\u00eamement prolifique l\u00e8gue une oeuvre importante autant en po\u00e9sie qu\u2019au th\u00e9\u00e2tre sans oublier ses quelques romans qui ont connu de grands succ\u00e8s populaires. Le po\u00e8te romantique fait preuve [&hellip;]<\/p>\n","protected":false},"featured_media":23785,"template":"","meta":{"wds_primary_product_brand":0,"wds_primary_product_cat":0,"wds_primary_maison_dedition":0},"product_brand":[],"product_cat":[609,542],"product_tag":[],"maison_dedition":[630],"class_list":{"0":"post-22697","1":"product","2":"type-product","3":"status-publish","4":"has-post-thumbnail","6":"product_cat-classiques","7":"product_cat-roman","8":"pa_auteur-victor-hugo","9":"maison_dedition-les-editions-goelette","11":"first","12":"instock","13":"taxable","14":"shipping-taxable","15":"purchasable","16":"product-type-variable","17":"has-default-attributes"},"bundled_by":[],"bundle_stock_status":"instock","bundle_stock_quantity":null,"bundle_virtual":false,"bundle_layout":"","bundle_add_to_cart_form_location":"","bundle_editable_in_cart":false,"bundle_sold_individually_context":"","bundle_item_grouping":"","bundle_min_size":"","bundle_max_size":"","bundle_price":[],"bundled_items":[],"bundle_sell_ids":[],"acf":[],"_links":{"self":[{"href":"https:\/\/goelette.ca\/en\/wp-json\/wp\/v2\/product\/22697","targetHints":{"allow":["GET"]}}],"collection":[{"href":"https:\/\/goelette.ca\/en\/wp-json\/wp\/v2\/product"}],"about":[{"href":"https:\/\/goelette.ca\/en\/wp-json\/wp\/v2\/types\/product"}],"wp:featuredmedia":[{"embeddable":true,"href":"https:\/\/goelette.ca\/en\/wp-json\/wp\/v2\/media\/23785"}],"wp:attachment":[{"href":"https:\/\/goelette.ca\/en\/wp-json\/wp\/v2\/media?parent=22697"}],"wp:term":[{"taxonomy":"product_brand","embeddable":true,"href":"https:\/\/goelette.ca\/en\/wp-json\/wp\/v2\/product_brand?post=22697"},{"taxonomy":"product_cat","embeddable":true,"href":"https:\/\/goelette.ca\/en\/wp-json\/wp\/v2\/product_cat?post=22697"},{"taxonomy":"product_tag","embeddable":true,"href":"https:\/\/goelette.ca\/en\/wp-json\/wp\/v2\/product_tag?post=22697"},{"taxonomy":"maison_dedition","embeddable":true,"href":"https:\/\/goelette.ca\/en\/wp-json\/wp\/v2\/maison_dedition?post=22697"}],"curies":[{"name":"wp","href":"https:\/\/api.w.org\/{rel}","templated":true}]}}