{"id":222189,"date":"2025-03-26T00:01:02","date_gmt":"2025-03-26T04:01:02","guid":{"rendered":"https:\/\/goelette.ca\/?post_type=product&#038;p=222189"},"modified":"2025-03-25T08:56:06","modified_gmt":"2025-03-25T12:56:06","slug":"des-jeux-et-des-jeux-grandes-grilles-sudokus-originaux-vol-2","status":"publish","type":"product","link":"https:\/\/goelette.ca\/en\/tous-les-livres\/des-jeux-et-des-jeux-grandes-grilles-sudokus-originaux-vol-2\/","title":{"rendered":"Des jeux et des jeux grandes grilles &#8211; Sudokus originaux vol.2"},"content":{"rendered":"<p>215 GRILLES ET SOLUTIONS<\/p>\n<p class=\"p1\">Adeptes de sudokus, relevez un d\u00e9fi de taille! Retrouvez votre jeu pr\u00e9f\u00e9r\u00e9 dans une version grandes grilles!<\/p>\n<p class=\"p1\">La collection <strong>Des jeux et des jeux<\/strong> g\u00e9ants vous propose des jeux de lettres et de chiffres classiques dans un format plus grand.<\/p>\n<p class=\"p1\">Le volet Grandes grilles offre des grilles dans un format g\u00e9ant pour encore plus de plaisir!<\/p>\n","protected":false},"excerpt":{"rendered":"<p>215 GRILLES ET SOLUTIONS Adeptes de sudokus, relevez un d\u00e9fi de taille! Retrouvez votre jeu pr\u00e9f\u00e9r\u00e9 dans une version grandes grilles! La collection Des jeux et des jeux g\u00e9ants vous propose des jeux de lettres et de chiffres classiques dans un format plus grand. Le volet Grandes grilles offre des grilles dans un format g\u00e9ant [&hellip;]<\/p>\n","protected":false},"featured_media":222193,"template":"","meta":{"wds_primary_product_brand":0,"wds_primary_product_cat":0,"wds_primary_maison_dedition":0},"product_brand":[],"product_cat":[567,566,569],"product_tag":[],"maison_dedition":[648,630],"class_list":{"0":"post-222189","1":"product","2":"type-product","3":"status-publish","4":"has-post-thumbnail","6":"product_cat-adulte","7":"product_cat-livres-de-jeux","8":"product_cat-sudokus","9":"pa_auteur-collectif","10":"maison_dedition-des-jeux-et-des-jeux","11":"maison_dedition-les-editions-goelette","13":"first","14":"instock","15":"taxable","16":"shipping-taxable","17":"purchasable","18":"product-type-variable"},"bundled_by":[],"bundle_stock_status":"instock","bundle_stock_quantity":null,"bundle_virtual":false,"bundle_layout":"","bundle_add_to_cart_form_location":"","bundle_editable_in_cart":false,"bundle_sold_individually_context":"","bundle_item_grouping":"","bundle_min_size":"","bundle_max_size":"","bundle_price":[],"bundled_items":[],"bundle_sell_ids":[],"acf":[],"_links":{"self":[{"href":"https:\/\/goelette.ca\/en\/wp-json\/wp\/v2\/product\/222189","targetHints":{"allow":["GET"]}}],"collection":[{"href":"https:\/\/goelette.ca\/en\/wp-json\/wp\/v2\/product"}],"about":[{"href":"https:\/\/goelette.ca\/en\/wp-json\/wp\/v2\/types\/product"}],"wp:featuredmedia":[{"embeddable":true,"href":"https:\/\/goelette.ca\/en\/wp-json\/wp\/v2\/media\/222193"}],"wp:attachment":[{"href":"https:\/\/goelette.ca\/en\/wp-json\/wp\/v2\/media?parent=222189"}],"wp:term":[{"taxonomy":"product_brand","embeddable":true,"href":"https:\/\/goelette.ca\/en\/wp-json\/wp\/v2\/product_brand?post=222189"},{"taxonomy":"product_cat","embeddable":true,"href":"https:\/\/goelette.ca\/en\/wp-json\/wp\/v2\/product_cat?post=222189"},{"taxonomy":"product_tag","embeddable":true,"href":"https:\/\/goelette.ca\/en\/wp-json\/wp\/v2\/product_tag?post=222189"},{"taxonomy":"maison_dedition","embeddable":true,"href":"https:\/\/goelette.ca\/en\/wp-json\/wp\/v2\/maison_dedition?post=222189"}],"curies":[{"name":"wp","href":"https:\/\/api.w.org\/{rel}","templated":true}]}}