{"id":220353,"date":"2025-03-19T00:01:53","date_gmt":"2025-03-19T04:01:53","guid":{"rendered":"https:\/\/goelette.ca\/?post_type=product&#038;p=220353"},"modified":"2025-10-08T11:00:09","modified_gmt":"2025-10-08T15:00:09","slug":"le-chant-de-la-cigale-t-2-entre-deux-rives","status":"publish","type":"product","link":"https:\/\/goelette.ca\/en\/tous-les-livres\/le-chant-de-la-cigale-t-2-entre-deux-rives\/","title":{"rendered":"Le chant de la cigale T. 2 Entre deux rives"},"content":{"rendered":"<p><strong>Fans du <em>Chant de la cigale<\/em> ? Ne manquez pas la suite !<\/strong><\/p>\n<p><em>Automne 1889<\/em>. L\u2019heure est \u00e0 la solitude. De lettre en lettre, Ga\u00eblle Beaupr\u00e9 vit au rythme des mots de sa m\u00e8re et de son fr\u00e8re Charles, qui navigue au gr\u00e9 du vent. Toutefois, une voix manque \u00e0 son bonheur : celle d\u2019un jeune s\u00e9minariste dont l\u2019absence se fait sentir plus que la convenance ne l\u2019exige. En particulier lorsqu\u2019elle se retrouve en pr\u00e9sence de ce cher docteur de la Chevroti\u00e8re, lequel tente de profiter de l\u2019\u00e9loignement de son \u00ab chien de garde en soutane \u00bb pour la conqu\u00e9rir\u2026<\/p>\n<p>Les premi\u00e8res chaleurs du printemps, malgr\u00e9 les deuils et les aveux, se font le cocon de plus d\u2019un amour interdit. En particulier au sein du presbyt\u00e8re, o\u00f9 des sentiments secrets deviennent murmures\u2026 Tandis que les deux univers de Ga\u00eblle s\u2019accordent le temps de quelques mois, les mots <em>sacerdoce<\/em> et <em>ordination<\/em> font ombrage \u00e0 cette idylle naissante. Et, \u00e0 l\u2019heure o\u00f9 les autorit\u00e9s du Grand S\u00e9minaire de Qu\u00e9bec resserrent leur emprise sur James, une seule issue semble possible : fuir.<\/p>\n","protected":false},"excerpt":{"rendered":"<p>Fans du Chant de la cigale ? Ne manquez pas la suite ! Automne 1889. L\u2019heure est \u00e0 la solitude. De lettre en lettre, Ga\u00eblle Beaupr\u00e9 vit au rythme des mots de sa m\u00e8re et de son fr\u00e8re Charles, qui navigue au gr\u00e9 du vent. Toutefois, une voix manque \u00e0 son bonheur : celle d\u2019un [&hellip;]<\/p>\n","protected":false},"featured_media":220356,"template":"","meta":{"wds_primary_product_brand":0,"wds_primary_product_cat":0,"wds_primary_maison_dedition":0},"product_brand":[],"product_cat":[543,542,585],"product_tag":[],"maison_dedition":[630],"class_list":{"0":"post-220353","1":"product","2":"type-product","3":"status-publish","4":"has-post-thumbnail","6":"product_cat-historique","7":"product_cat-roman","8":"product_cat-romance","9":"pa_auteur-carol-ann-d-lebeau","10":"maison_dedition-les-editions-goelette","12":"first","13":"instock","14":"taxable","15":"shipping-taxable","16":"purchasable","17":"product-type-variable","18":"has-default-attributes"},"bundled_by":[],"bundle_stock_status":"instock","bundle_stock_quantity":null,"bundle_virtual":false,"bundle_layout":"","bundle_add_to_cart_form_location":"","bundle_editable_in_cart":false,"bundle_sold_individually_context":"","bundle_item_grouping":"","bundle_min_size":"","bundle_max_size":"","bundle_price":[],"bundled_items":[],"bundle_sell_ids":[],"acf":[],"_links":{"self":[{"href":"https:\/\/goelette.ca\/en\/wp-json\/wp\/v2\/product\/220353","targetHints":{"allow":["GET"]}}],"collection":[{"href":"https:\/\/goelette.ca\/en\/wp-json\/wp\/v2\/product"}],"about":[{"href":"https:\/\/goelette.ca\/en\/wp-json\/wp\/v2\/types\/product"}],"wp:featuredmedia":[{"embeddable":true,"href":"https:\/\/goelette.ca\/en\/wp-json\/wp\/v2\/media\/220356"}],"wp:attachment":[{"href":"https:\/\/goelette.ca\/en\/wp-json\/wp\/v2\/media?parent=220353"}],"wp:term":[{"taxonomy":"product_brand","embeddable":true,"href":"https:\/\/goelette.ca\/en\/wp-json\/wp\/v2\/product_brand?post=220353"},{"taxonomy":"product_cat","embeddable":true,"href":"https:\/\/goelette.ca\/en\/wp-json\/wp\/v2\/product_cat?post=220353"},{"taxonomy":"product_tag","embeddable":true,"href":"https:\/\/goelette.ca\/en\/wp-json\/wp\/v2\/product_tag?post=220353"},{"taxonomy":"maison_dedition","embeddable":true,"href":"https:\/\/goelette.ca\/en\/wp-json\/wp\/v2\/maison_dedition?post=220353"}],"curies":[{"name":"wp","href":"https:\/\/api.w.org\/{rel}","templated":true}]}}