{"id":220129,"date":"2025-03-19T00:01:35","date_gmt":"2025-03-19T04:01:35","guid":{"rendered":"https:\/\/goelette.ca\/?post_type=product&#038;p=220129"},"modified":"2025-03-06T10:29:22","modified_gmt":"2025-03-06T15:29:22","slug":"decouvre-tes-emotions","status":"publish","type":"product","link":"https:\/\/goelette.ca\/en\/tous-les-livres\/decouvre-tes-emotions\/","title":{"rendered":"D\u00e9couvre tes \u00e9motions"},"content":{"rendered":"<p class=\"p1\">Nos \u00e9motions repr\u00e9sentent une grande part de notre personnalit\u00e9 !<\/p>\n<p>Joins-toi au groupe pour explorer les diff\u00e9rentes \u00e9motions. Que ce soit l\u2019excitation, la peur, la joie ou la fiert\u00e9, ce livre pr\u00e9sente les \u00e9motions et l\u2019importance de les partager.<\/p>\n","protected":false},"excerpt":{"rendered":"<p>Nos \u00e9motions repr\u00e9sentent une grande part de notre personnalit\u00e9 ! Joins-toi au groupe pour explorer les diff\u00e9rentes \u00e9motions. Que ce soit l\u2019excitation, la peur, la joie ou la fiert\u00e9, ce livre pr\u00e9sente les \u00e9motions et l\u2019importance de les partager.<\/p>\n","protected":false},"featured_media":220131,"template":"","meta":{"wds_primary_product_brand":0,"wds_primary_product_cat":0,"wds_primary_maison_dedition":0},"product_brand":[],"product_cat":[540,560,578,538,667],"product_tag":[],"maison_dedition":[630],"class_list":{"0":"post-220129","1":"product","2":"type-product","3":"status-publish","4":"has-post-thumbnail","6":"product_cat-0-2-ans","7":"product_cat-3-5-ans","8":"product_cat-albums-illustres","9":"product_cat-jeunesse","10":"product_cat-livres-tout-carton","11":"pa_auteur-collectif","12":"maison_dedition-les-editions-goelette","14":"first","15":"instock","16":"taxable","17":"shipping-taxable","18":"purchasable","19":"product-type-variable"},"bundled_by":[],"bundle_stock_status":"instock","bundle_stock_quantity":null,"bundle_virtual":false,"bundle_layout":"","bundle_add_to_cart_form_location":"","bundle_editable_in_cart":false,"bundle_sold_individually_context":"","bundle_item_grouping":"","bundle_min_size":"","bundle_max_size":"","bundle_price":[],"bundled_items":[],"bundle_sell_ids":[],"acf":[],"_links":{"self":[{"href":"https:\/\/goelette.ca\/en\/wp-json\/wp\/v2\/product\/220129","targetHints":{"allow":["GET"]}}],"collection":[{"href":"https:\/\/goelette.ca\/en\/wp-json\/wp\/v2\/product"}],"about":[{"href":"https:\/\/goelette.ca\/en\/wp-json\/wp\/v2\/types\/product"}],"wp:featuredmedia":[{"embeddable":true,"href":"https:\/\/goelette.ca\/en\/wp-json\/wp\/v2\/media\/220131"}],"wp:attachment":[{"href":"https:\/\/goelette.ca\/en\/wp-json\/wp\/v2\/media?parent=220129"}],"wp:term":[{"taxonomy":"product_brand","embeddable":true,"href":"https:\/\/goelette.ca\/en\/wp-json\/wp\/v2\/product_brand?post=220129"},{"taxonomy":"product_cat","embeddable":true,"href":"https:\/\/goelette.ca\/en\/wp-json\/wp\/v2\/product_cat?post=220129"},{"taxonomy":"product_tag","embeddable":true,"href":"https:\/\/goelette.ca\/en\/wp-json\/wp\/v2\/product_tag?post=220129"},{"taxonomy":"maison_dedition","embeddable":true,"href":"https:\/\/goelette.ca\/en\/wp-json\/wp\/v2\/maison_dedition?post=220129"}],"curies":[{"name":"wp","href":"https:\/\/api.w.org\/{rel}","templated":true}]}}