{"id":220120,"date":"2025-03-19T00:01:28","date_gmt":"2025-03-19T04:01:28","guid":{"rendered":"https:\/\/goelette.ca\/?post_type=product&#038;p=220120"},"modified":"2025-03-06T10:21:20","modified_gmt":"2025-03-06T15:21:20","slug":"apprends-a-partager","status":"publish","type":"product","link":"https:\/\/goelette.ca\/en\/tous-les-livres\/apprends-a-partager\/","title":{"rendered":"Apprends \u00e0 partager"},"content":{"rendered":"<p class=\"p1\">Partageons des moments magiques !<\/p>\n<p>Joins-toi au groupe pour explorer ce que partager signifie. Que ce soit en jouant, en riant, en offrant des conseils ou en soutenant les autres, ce livre nous montre diff\u00e9rentes fa\u00e7ons d\u2019exprimer notre g\u00e9n\u00e9rosit\u00e9.<\/p>\n<p>&nbsp;<\/p>\n","protected":false},"excerpt":{"rendered":"<p>Partageons des moments magiques ! Joins-toi au groupe pour explorer ce que partager signifie. Que ce soit en jouant, en riant, en offrant des conseils ou en soutenant les autres, ce livre nous montre diff\u00e9rentes fa\u00e7ons d\u2019exprimer notre g\u00e9n\u00e9rosit\u00e9. &nbsp;<\/p>\n","protected":false},"featured_media":220122,"template":"","meta":{"wds_primary_product_brand":0,"wds_primary_product_cat":0,"wds_primary_maison_dedition":0},"product_brand":[],"product_cat":[540,560,578,538,667],"product_tag":[],"maison_dedition":[630],"class_list":{"0":"post-220120","1":"product","2":"type-product","3":"status-publish","4":"has-post-thumbnail","6":"product_cat-0-2-ans","7":"product_cat-3-5-ans","8":"product_cat-albums-illustres","9":"product_cat-jeunesse","10":"product_cat-livres-tout-carton","11":"pa_auteur-collectif","12":"maison_dedition-les-editions-goelette","14":"first","15":"instock","16":"taxable","17":"shipping-taxable","18":"purchasable","19":"product-type-variable"},"bundled_by":[],"bundle_stock_status":"instock","bundle_stock_quantity":null,"bundle_virtual":false,"bundle_layout":"","bundle_add_to_cart_form_location":"","bundle_editable_in_cart":false,"bundle_sold_individually_context":"","bundle_item_grouping":"","bundle_min_size":"","bundle_max_size":"","bundle_price":[],"bundled_items":[],"bundle_sell_ids":[],"acf":[],"_links":{"self":[{"href":"https:\/\/goelette.ca\/en\/wp-json\/wp\/v2\/product\/220120","targetHints":{"allow":["GET"]}}],"collection":[{"href":"https:\/\/goelette.ca\/en\/wp-json\/wp\/v2\/product"}],"about":[{"href":"https:\/\/goelette.ca\/en\/wp-json\/wp\/v2\/types\/product"}],"wp:featuredmedia":[{"embeddable":true,"href":"https:\/\/goelette.ca\/en\/wp-json\/wp\/v2\/media\/220122"}],"wp:attachment":[{"href":"https:\/\/goelette.ca\/en\/wp-json\/wp\/v2\/media?parent=220120"}],"wp:term":[{"taxonomy":"product_brand","embeddable":true,"href":"https:\/\/goelette.ca\/en\/wp-json\/wp\/v2\/product_brand?post=220120"},{"taxonomy":"product_cat","embeddable":true,"href":"https:\/\/goelette.ca\/en\/wp-json\/wp\/v2\/product_cat?post=220120"},{"taxonomy":"product_tag","embeddable":true,"href":"https:\/\/goelette.ca\/en\/wp-json\/wp\/v2\/product_tag?post=220120"},{"taxonomy":"maison_dedition","embeddable":true,"href":"https:\/\/goelette.ca\/en\/wp-json\/wp\/v2\/maison_dedition?post=220120"}],"curies":[{"name":"wp","href":"https:\/\/api.w.org\/{rel}","templated":true}]}}