{"id":220103,"date":"2025-03-19T00:01:25","date_gmt":"2025-03-19T04:01:25","guid":{"rendered":"https:\/\/goelette.ca\/?post_type=product&#038;p=220103"},"modified":"2025-03-06T09:44:17","modified_gmt":"2025-03-06T14:44:17","slug":"coloriages-par-numeros-mandalas","status":"publish","type":"product","link":"https:\/\/goelette.ca\/en\/tous-les-livres\/coloriages-par-numeros-mandalas\/","title":{"rendered":"Coloriages par num\u00e9ros &#8211; Mandalas"},"content":{"rendered":"<p class=\"p1\">Profitez d\u2019un moment de d\u00e9tente et de m\u00e9ditation. Suivez le code de couleurs et donnez vie \u00e0 ces 48 magnifiques mandalas !<\/p>\n<p class=\"p1\">La collection <strong>Pause cr\u00e9ative<\/strong> vous offre la possibilit\u00e9 de ralentir, de vous recentrer et de renouer avec l\u2019artiste en vous.<\/p>\n","protected":false},"excerpt":{"rendered":"<p>Profitez d\u2019un moment de d\u00e9tente et de m\u00e9ditation. Suivez le code de couleurs et donnez vie \u00e0 ces 48 magnifiques mandalas ! La collection Pause cr\u00e9ative vous offre la possibilit\u00e9 de ralentir, de vous recentrer et de renouer avec l\u2019artiste en vous.<\/p>\n","protected":false},"featured_media":220105,"template":"","meta":{"wds_primary_product_brand":0,"wds_primary_product_cat":0,"wds_primary_maison_dedition":0},"product_brand":[],"product_cat":[572,567,571,652,606,566,612],"product_tag":[],"maison_dedition":[630,896],"class_list":{"0":"post-220103","1":"product","2":"type-product","3":"status-publish","4":"has-post-thumbnail","6":"product_cat-activites-pratique","7":"product_cat-adulte","8":"product_cat-coloriage","9":"product_cat-coloriage-pratique","10":"product_cat-coloriage-par-numeros","11":"product_cat-livres-de-jeux","12":"product_cat-mandalas","13":"pa_auteur-collectif","14":"maison_dedition-les-editions-goelette","15":"maison_dedition-pause-creative","17":"first","18":"instock","19":"taxable","20":"shipping-taxable","21":"purchasable","22":"product-type-variable"},"bundled_by":[],"bundle_stock_status":"instock","bundle_stock_quantity":null,"bundle_virtual":false,"bundle_layout":"","bundle_add_to_cart_form_location":"","bundle_editable_in_cart":false,"bundle_sold_individually_context":"","bundle_item_grouping":"","bundle_min_size":"","bundle_max_size":"","bundle_price":[],"bundled_items":[],"bundle_sell_ids":[],"acf":[],"_links":{"self":[{"href":"https:\/\/goelette.ca\/en\/wp-json\/wp\/v2\/product\/220103","targetHints":{"allow":["GET"]}}],"collection":[{"href":"https:\/\/goelette.ca\/en\/wp-json\/wp\/v2\/product"}],"about":[{"href":"https:\/\/goelette.ca\/en\/wp-json\/wp\/v2\/types\/product"}],"wp:featuredmedia":[{"embeddable":true,"href":"https:\/\/goelette.ca\/en\/wp-json\/wp\/v2\/media\/220105"}],"wp:attachment":[{"href":"https:\/\/goelette.ca\/en\/wp-json\/wp\/v2\/media?parent=220103"}],"wp:term":[{"taxonomy":"product_brand","embeddable":true,"href":"https:\/\/goelette.ca\/en\/wp-json\/wp\/v2\/product_brand?post=220103"},{"taxonomy":"product_cat","embeddable":true,"href":"https:\/\/goelette.ca\/en\/wp-json\/wp\/v2\/product_cat?post=220103"},{"taxonomy":"product_tag","embeddable":true,"href":"https:\/\/goelette.ca\/en\/wp-json\/wp\/v2\/product_tag?post=220103"},{"taxonomy":"maison_dedition","embeddable":true,"href":"https:\/\/goelette.ca\/en\/wp-json\/wp\/v2\/maison_dedition?post=220103"}],"curies":[{"name":"wp","href":"https:\/\/api.w.org\/{rel}","templated":true}]}}