{"id":220094,"date":"2025-03-19T00:01:09","date_gmt":"2025-03-19T04:01:09","guid":{"rendered":"https:\/\/goelette.ca\/?post_type=product&#038;p=220094"},"modified":"2025-03-06T09:45:08","modified_gmt":"2025-03-06T14:45:08","slug":"coloriages-par-numeros-botanique","status":"publish","type":"product","link":"https:\/\/goelette.ca\/en\/tous-les-livres\/coloriages-par-numeros-botanique\/","title":{"rendered":"Coloriages par num\u00e9ros &#8211; Botanique"},"content":{"rendered":"<p class=\"p1\">Profitez d\u2019un moment pour plonger dans votre jardin int\u00e9rieur. Suivez le code de couleurs et d\u00e9couvrez les splendeurs de la nature de ces 48 dessins !<\/p>\n<p class=\"p1\">La collection <strong>Pause cr\u00e9ative<\/strong> vous offre la possibilit\u00e9 de ralentir, de vous recentrer et de renouer avec l\u2019artiste en vous.<\/p>\n","protected":false},"excerpt":{"rendered":"<p>Profitez d\u2019un moment pour plonger dans votre jardin int\u00e9rieur. Suivez le code de couleurs et d\u00e9couvrez les splendeurs de la nature de ces 48 dessins ! La collection Pause cr\u00e9ative vous offre la possibilit\u00e9 de ralentir, de vous recentrer et de renouer avec l\u2019artiste en vous.<\/p>\n","protected":false},"featured_media":220096,"template":"","meta":{"wds_primary_product_brand":0,"wds_primary_product_cat":0,"wds_primary_maison_dedition":0},"product_brand":[],"product_cat":[572,567,652,571,606,566],"product_tag":[],"maison_dedition":[630,896],"class_list":{"0":"post-220094","1":"product","2":"type-product","3":"status-publish","4":"has-post-thumbnail","6":"product_cat-activites-pratique","7":"product_cat-adulte","8":"product_cat-coloriage-pratique","9":"product_cat-coloriage","10":"product_cat-coloriage-par-numeros","11":"product_cat-livres-de-jeux","12":"pa_auteur-collectif","13":"maison_dedition-les-editions-goelette","14":"maison_dedition-pause-creative","16":"first","17":"instock","18":"taxable","19":"shipping-taxable","20":"purchasable","21":"product-type-variable"},"bundled_by":[],"bundle_stock_status":"instock","bundle_stock_quantity":null,"bundle_virtual":false,"bundle_layout":"","bundle_add_to_cart_form_location":"","bundle_editable_in_cart":false,"bundle_sold_individually_context":"","bundle_item_grouping":"","bundle_min_size":"","bundle_max_size":"","bundle_price":[],"bundled_items":[],"bundle_sell_ids":[],"acf":[],"_links":{"self":[{"href":"https:\/\/goelette.ca\/en\/wp-json\/wp\/v2\/product\/220094","targetHints":{"allow":["GET"]}}],"collection":[{"href":"https:\/\/goelette.ca\/en\/wp-json\/wp\/v2\/product"}],"about":[{"href":"https:\/\/goelette.ca\/en\/wp-json\/wp\/v2\/types\/product"}],"wp:featuredmedia":[{"embeddable":true,"href":"https:\/\/goelette.ca\/en\/wp-json\/wp\/v2\/media\/220096"}],"wp:attachment":[{"href":"https:\/\/goelette.ca\/en\/wp-json\/wp\/v2\/media?parent=220094"}],"wp:term":[{"taxonomy":"product_brand","embeddable":true,"href":"https:\/\/goelette.ca\/en\/wp-json\/wp\/v2\/product_brand?post=220094"},{"taxonomy":"product_cat","embeddable":true,"href":"https:\/\/goelette.ca\/en\/wp-json\/wp\/v2\/product_cat?post=220094"},{"taxonomy":"product_tag","embeddable":true,"href":"https:\/\/goelette.ca\/en\/wp-json\/wp\/v2\/product_tag?post=220094"},{"taxonomy":"maison_dedition","embeddable":true,"href":"https:\/\/goelette.ca\/en\/wp-json\/wp\/v2\/maison_dedition?post=220094"}],"curies":[{"name":"wp","href":"https:\/\/api.w.org\/{rel}","templated":true}]}}