{"id":220083,"date":"2025-03-19T00:01:18","date_gmt":"2025-03-19T04:01:18","guid":{"rendered":"https:\/\/goelette.ca\/?post_type=product&#038;p=220083"},"modified":"2025-03-06T09:10:40","modified_gmt":"2025-03-06T14:10:40","slug":"gym-cerebrale-jeux-pour-un-cerveau-en-forme-vol-3","status":"publish","type":"product","link":"https:\/\/goelette.ca\/en\/tous-les-livres\/gym-cerebrale-jeux-pour-un-cerveau-en-forme-vol-3\/","title":{"rendered":"Gym c\u00e9r\u00e9brale &#8211; Jeux pour un cerveau en forme vol. 3"},"content":{"rendered":"<p>255 JEUX pour stimuler vos neurones<\/p>\n<p>Retrouvez une s\u00e9lection de jeux de mots, de nombres et de logique qui contribuera \u00e0 garder vos facult\u00e9s mentales actives et alertes.<\/p>\n<p>La collection <strong>Gym c\u00e9r\u00e9brale<\/strong> vous propose des jeux con\u00e7us sp\u00e9cifiquement pour d\u00e9velopper et maintenir vos capacit\u00e9s cognitives tout en vous divertissant.<\/p>\n","protected":false},"excerpt":{"rendered":"<p>255 JEUX pour stimuler vos neurones Retrouvez une s\u00e9lection de jeux de mots, de nombres et de logique qui contribuera \u00e0 garder vos facult\u00e9s mentales actives et alertes. La collection Gym c\u00e9r\u00e9brale vous propose des jeux con\u00e7us sp\u00e9cifiquement pour d\u00e9velopper et maintenir vos capacit\u00e9s cognitives tout en vous divertissant.<\/p>\n","protected":false},"featured_media":220085,"template":"","meta":{"wds_primary_product_brand":0,"wds_primary_product_cat":0,"wds_primary_maison_dedition":0},"product_brand":[],"product_cat":[567,587,566],"product_tag":[],"maison_dedition":[773,630],"class_list":{"0":"post-220083","1":"product","2":"type-product","3":"status-publish","4":"has-post-thumbnail","6":"product_cat-adulte","7":"product_cat-jeux-melanges","8":"product_cat-livres-de-jeux","9":"pa_auteur-collectif","10":"maison_dedition-gym-cerebrale","11":"maison_dedition-les-editions-goelette","13":"first","14":"instock","15":"taxable","16":"shipping-taxable","17":"purchasable","18":"product-type-variable"},"bundled_by":[],"bundle_stock_status":"instock","bundle_stock_quantity":null,"bundle_virtual":false,"bundle_layout":"","bundle_add_to_cart_form_location":"","bundle_editable_in_cart":false,"bundle_sold_individually_context":"","bundle_item_grouping":"","bundle_min_size":"","bundle_max_size":"","bundle_price":[],"bundled_items":[],"bundle_sell_ids":[],"acf":[],"_links":{"self":[{"href":"https:\/\/goelette.ca\/en\/wp-json\/wp\/v2\/product\/220083","targetHints":{"allow":["GET"]}}],"collection":[{"href":"https:\/\/goelette.ca\/en\/wp-json\/wp\/v2\/product"}],"about":[{"href":"https:\/\/goelette.ca\/en\/wp-json\/wp\/v2\/types\/product"}],"wp:featuredmedia":[{"embeddable":true,"href":"https:\/\/goelette.ca\/en\/wp-json\/wp\/v2\/media\/220085"}],"wp:attachment":[{"href":"https:\/\/goelette.ca\/en\/wp-json\/wp\/v2\/media?parent=220083"}],"wp:term":[{"taxonomy":"product_brand","embeddable":true,"href":"https:\/\/goelette.ca\/en\/wp-json\/wp\/v2\/product_brand?post=220083"},{"taxonomy":"product_cat","embeddable":true,"href":"https:\/\/goelette.ca\/en\/wp-json\/wp\/v2\/product_cat?post=220083"},{"taxonomy":"product_tag","embeddable":true,"href":"https:\/\/goelette.ca\/en\/wp-json\/wp\/v2\/product_tag?post=220083"},{"taxonomy":"maison_dedition","embeddable":true,"href":"https:\/\/goelette.ca\/en\/wp-json\/wp\/v2\/maison_dedition?post=220083"}],"curies":[{"name":"wp","href":"https:\/\/api.w.org\/{rel}","templated":true}]}}