{"id":219436,"date":"2025-03-12T00:01:06","date_gmt":"2025-03-12T04:01:06","guid":{"rendered":"https:\/\/goelette.ca\/?post_type=product&#038;p=219436"},"modified":"2025-03-03T15:37:11","modified_gmt":"2025-03-03T20:37:11","slug":"des-jeux-et-des-jeux-gros-caracteres-sudokus-vol-2","status":"publish","type":"product","link":"https:\/\/goelette.ca\/en\/tous-les-livres\/des-jeux-et-des-jeux-gros-caracteres-sudokus-vol-2\/","title":{"rendered":"Des jeux et des jeux gros caract\u00e8res &#8211; Sudokus vol. 2"},"content":{"rendered":"<ul>\n<li>230 grilles et solutions<\/li>\n<li>6 niveaux de difficult\u00e9<\/li>\n<\/ul>\n<p>Adeptes des sudokus, ne laissez rien freiner votre envie de jouer !<br \/>\nProfitez de votre jeu pr\u00e9f\u00e9r\u00e9 gr\u00e2ce aux gros caract\u00e8res plus faciles \u00e0 lire.<\/p>\n<p>La collection <strong>Des jeux et des jeux g\u00e9ants<\/strong> vous propose des jeux de lettres et de chiffres classiques dans un format plus grand.<br \/>\nLe volet Gros caract\u00e8res offre des grilles de taille classique, mais accessibles \u00e0 tous avec des caract\u00e8res plus gros.<\/p>\n","protected":false},"excerpt":{"rendered":"<p>230 grilles et solutions 6 niveaux de difficult\u00e9 Adeptes des sudokus, ne laissez rien freiner votre envie de jouer ! Profitez de votre jeu pr\u00e9f\u00e9r\u00e9 gr\u00e2ce aux gros caract\u00e8res plus faciles \u00e0 lire. La collection Des jeux et des jeux g\u00e9ants vous propose des jeux de lettres et de chiffres classiques dans un format plus [&hellip;]<\/p>\n","protected":false},"featured_media":219438,"template":"","meta":{"wds_primary_product_brand":0,"wds_primary_product_cat":0,"wds_primary_maison_dedition":0},"product_brand":[],"product_cat":[567,646,566,569],"product_tag":[],"maison_dedition":[648,630],"class_list":{"0":"post-219436","1":"product","2":"type-product","3":"status-publish","4":"has-post-thumbnail","6":"product_cat-adulte","7":"product_cat-gros-caracteres","8":"product_cat-livres-de-jeux","9":"product_cat-sudokus","10":"pa_auteur-collectif","11":"maison_dedition-des-jeux-et-des-jeux","12":"maison_dedition-les-editions-goelette","14":"first","15":"instock","16":"taxable","17":"shipping-taxable","18":"purchasable","19":"product-type-variable"},"bundled_by":[],"bundle_stock_status":"instock","bundle_stock_quantity":null,"bundle_virtual":false,"bundle_layout":"","bundle_add_to_cart_form_location":"","bundle_editable_in_cart":false,"bundle_sold_individually_context":"","bundle_item_grouping":"","bundle_min_size":"","bundle_max_size":"","bundle_price":[],"bundled_items":[],"bundle_sell_ids":[],"acf":[],"_links":{"self":[{"href":"https:\/\/goelette.ca\/en\/wp-json\/wp\/v2\/product\/219436","targetHints":{"allow":["GET"]}}],"collection":[{"href":"https:\/\/goelette.ca\/en\/wp-json\/wp\/v2\/product"}],"about":[{"href":"https:\/\/goelette.ca\/en\/wp-json\/wp\/v2\/types\/product"}],"wp:featuredmedia":[{"embeddable":true,"href":"https:\/\/goelette.ca\/en\/wp-json\/wp\/v2\/media\/219438"}],"wp:attachment":[{"href":"https:\/\/goelette.ca\/en\/wp-json\/wp\/v2\/media?parent=219436"}],"wp:term":[{"taxonomy":"product_brand","embeddable":true,"href":"https:\/\/goelette.ca\/en\/wp-json\/wp\/v2\/product_brand?post=219436"},{"taxonomy":"product_cat","embeddable":true,"href":"https:\/\/goelette.ca\/en\/wp-json\/wp\/v2\/product_cat?post=219436"},{"taxonomy":"product_tag","embeddable":true,"href":"https:\/\/goelette.ca\/en\/wp-json\/wp\/v2\/product_tag?post=219436"},{"taxonomy":"maison_dedition","embeddable":true,"href":"https:\/\/goelette.ca\/en\/wp-json\/wp\/v2\/maison_dedition?post=219436"}],"curies":[{"name":"wp","href":"https:\/\/api.w.org\/{rel}","templated":true}]}}