{"id":219408,"date":"2025-03-12T00:01:43","date_gmt":"2025-03-12T04:01:43","guid":{"rendered":"https:\/\/goelette.ca\/?post_type=product&#038;p=219408"},"modified":"2025-03-03T14:45:13","modified_gmt":"2025-03-03T19:45:13","slug":"petit-artiste-coloriages-mysteres","status":"publish","type":"product","link":"https:\/\/goelette.ca\/en\/tous-les-livres\/petit-artiste-coloriages-mysteres\/","title":{"rendered":"Petit artiste &#8211; Coloriages myst\u00e8res"},"content":{"rendered":"<p class=\"p1\">Quel est ce coloriage myst\u00e8re ? Utilise le code de couleurs pour r\u00e9v\u00e9ler le dessin cach\u00e9 de ces 80 coloriages par num\u00e9ros !<\/p>\n<p class=\"p1\">Avec la collection <strong>Petit artiste<\/strong>, laisse libre cours \u00e0 ton talent et \u00e0 ta cr\u00e9ativit\u00e9 en r\u00e9alisant des oeuvres hautes en couleur !<\/p>\n","protected":false},"excerpt":{"rendered":"<p>Quel est ce coloriage myst\u00e8re ? Utilise le code de couleurs pour r\u00e9v\u00e9ler le dessin cach\u00e9 de ces 80 coloriages par num\u00e9ros ! Avec la collection Petit artiste, laisse libre cours \u00e0 ton talent et \u00e0 ta cr\u00e9ativit\u00e9 en r\u00e9alisant des oeuvres hautes en couleur !<\/p>\n","protected":false},"featured_media":219411,"template":"","meta":{"wds_primary_product_brand":0,"wds_primary_product_cat":0,"wds_primary_maison_dedition":0},"product_brand":[],"product_cat":[606,616,538],"product_tag":[],"maison_dedition":[630],"class_list":{"0":"post-219408","1":"product","2":"type-product","3":"status-publish","4":"has-post-thumbnail","6":"product_cat-coloriage-par-numeros","7":"product_cat-coloriages","8":"product_cat-jeunesse","9":"maison_dedition-les-editions-goelette","11":"first","12":"instock","13":"taxable","14":"shipping-taxable","15":"purchasable","16":"product-type-variable"},"bundled_by":[],"bundle_stock_status":"instock","bundle_stock_quantity":null,"bundle_virtual":false,"bundle_layout":"","bundle_add_to_cart_form_location":"","bundle_editable_in_cart":false,"bundle_sold_individually_context":"","bundle_item_grouping":"","bundle_min_size":"","bundle_max_size":"","bundle_price":[],"bundled_items":[],"bundle_sell_ids":[],"acf":[],"_links":{"self":[{"href":"https:\/\/goelette.ca\/en\/wp-json\/wp\/v2\/product\/219408","targetHints":{"allow":["GET"]}}],"collection":[{"href":"https:\/\/goelette.ca\/en\/wp-json\/wp\/v2\/product"}],"about":[{"href":"https:\/\/goelette.ca\/en\/wp-json\/wp\/v2\/types\/product"}],"wp:featuredmedia":[{"embeddable":true,"href":"https:\/\/goelette.ca\/en\/wp-json\/wp\/v2\/media\/219411"}],"wp:attachment":[{"href":"https:\/\/goelette.ca\/en\/wp-json\/wp\/v2\/media?parent=219408"}],"wp:term":[{"taxonomy":"product_brand","embeddable":true,"href":"https:\/\/goelette.ca\/en\/wp-json\/wp\/v2\/product_brand?post=219408"},{"taxonomy":"product_cat","embeddable":true,"href":"https:\/\/goelette.ca\/en\/wp-json\/wp\/v2\/product_cat?post=219408"},{"taxonomy":"product_tag","embeddable":true,"href":"https:\/\/goelette.ca\/en\/wp-json\/wp\/v2\/product_tag?post=219408"},{"taxonomy":"maison_dedition","embeddable":true,"href":"https:\/\/goelette.ca\/en\/wp-json\/wp\/v2\/maison_dedition?post=219408"}],"curies":[{"name":"wp","href":"https:\/\/api.w.org\/{rel}","templated":true}]}}