{"id":216996,"date":"2025-03-12T00:01:07","date_gmt":"2025-03-12T04:01:07","guid":{"rendered":"https:\/\/goelette.ca\/?post_type=product&#038;p=216996"},"modified":"2025-10-16T13:41:16","modified_gmt":"2025-10-16T17:41:16","slug":"le-facteur-vorlon-partie-2","status":"publish","type":"product","link":"https:\/\/goelette.ca\/en\/tous-les-livres\/le-facteur-vorlon-partie-2\/","title":{"rendered":"Le facteur Vorlon &#8211; Partie 2"},"content":{"rendered":"<p>Comment sortir d\u2019un espace clos qui ob\u00e9it \u00e0 des lois de la physique in\u00e9dites ? Et surtout, comment faire face \u00e0 cette mati\u00e8re noire et ces cr\u00e9atures monstrueuses qui mettent en p\u00e9ril la vie de Mia et de ses pairs ? Entre conflits aigus et souvenirs douloureux, \u00e0 travers la lutte contre le d\u00e9sespoir et la parano\u00efa, ceux-ci n\u2019auront de cesse de chercher une issue, aussi improbable soit-elle.<\/p>\n<p class=\"p1\">Illustrant \u00e0 merveille le d\u00e9sarroi, omnipr\u00e9sent, mais aussi un furieux instinct de survie qui ne se d\u00e9mentira pas au fil des pages, <em>Le facteur Vorlon<\/em> se d\u00e9marque par sa grande habilet\u00e9 \u00e0 conjuguer la menace oppressante d\u2019un huis clos et une temporalit\u00e9 qui broie tout sur son passage. Les lecteurs d\u2019Alain Lafond peuvent s\u2019attendre \u00e0 un d\u00e9nouement saisissant qui ne sera pas d\u00e9nu\u00e9 d\u2019une note d\u2019espoir.<\/p>\n","protected":false},"excerpt":{"rendered":"<p>Comment sortir d\u2019un espace clos qui ob\u00e9it \u00e0 des lois de la physique in\u00e9dites ? Et surtout, comment faire face \u00e0 cette mati\u00e8re noire et ces cr\u00e9atures monstrueuses qui mettent en p\u00e9ril la vie de Mia et de ses pairs ? Entre conflits aigus et souvenirs douloureux, \u00e0 travers la lutte contre le d\u00e9sespoir et [&hellip;]<\/p>\n","protected":false},"featured_media":216999,"template":"","meta":{"wds_primary_product_brand":0,"wds_primary_product_cat":0,"wds_primary_maison_dedition":0},"product_brand":[],"product_cat":[546,542,602],"product_tag":[],"maison_dedition":[630],"class_list":{"0":"post-216996","1":"product","2":"type-product","3":"status-publish","4":"has-post-thumbnail","6":"product_cat-policier-thriller","7":"product_cat-roman","8":"product_cat-science-fiction","9":"pa_auteur-alain-lafond","10":"maison_dedition-les-editions-goelette","12":"first","13":"instock","14":"taxable","15":"shipping-taxable","16":"purchasable","17":"product-type-variable"},"bundled_by":[],"bundle_stock_status":"instock","bundle_stock_quantity":null,"bundle_virtual":false,"bundle_layout":"","bundle_add_to_cart_form_location":"","bundle_editable_in_cart":false,"bundle_sold_individually_context":"","bundle_item_grouping":"","bundle_min_size":"","bundle_max_size":"","bundle_price":[],"bundled_items":[],"bundle_sell_ids":[],"acf":[],"_links":{"self":[{"href":"https:\/\/goelette.ca\/en\/wp-json\/wp\/v2\/product\/216996","targetHints":{"allow":["GET"]}}],"collection":[{"href":"https:\/\/goelette.ca\/en\/wp-json\/wp\/v2\/product"}],"about":[{"href":"https:\/\/goelette.ca\/en\/wp-json\/wp\/v2\/types\/product"}],"wp:featuredmedia":[{"embeddable":true,"href":"https:\/\/goelette.ca\/en\/wp-json\/wp\/v2\/media\/216999"}],"wp:attachment":[{"href":"https:\/\/goelette.ca\/en\/wp-json\/wp\/v2\/media?parent=216996"}],"wp:term":[{"taxonomy":"product_brand","embeddable":true,"href":"https:\/\/goelette.ca\/en\/wp-json\/wp\/v2\/product_brand?post=216996"},{"taxonomy":"product_cat","embeddable":true,"href":"https:\/\/goelette.ca\/en\/wp-json\/wp\/v2\/product_cat?post=216996"},{"taxonomy":"product_tag","embeddable":true,"href":"https:\/\/goelette.ca\/en\/wp-json\/wp\/v2\/product_tag?post=216996"},{"taxonomy":"maison_dedition","embeddable":true,"href":"https:\/\/goelette.ca\/en\/wp-json\/wp\/v2\/maison_dedition?post=216996"}],"curies":[{"name":"wp","href":"https:\/\/api.w.org\/{rel}","templated":true}]}}