{"id":216661,"date":"2025-02-18T15:57:25","date_gmt":"2025-02-18T20:57:25","guid":{"rendered":"https:\/\/goelette.ca\/?post_type=product&#038;p=216661"},"modified":"2025-02-18T16:00:00","modified_gmt":"2025-02-18T21:00:00","slug":"activites-avec-autocollants-en-gel-foret","status":"publish","type":"product","link":"https:\/\/goelette.ca\/en\/tous-les-livres\/activites-avec-autocollants-en-gel-foret\/","title":{"rendered":"Activit\u00e9s avec autocollants en gel &#8211; For\u00eat"},"content":{"rendered":"<p class=\"p1\">Cr\u00e9e et modifie tes propres sc\u00e8nes amusantes avec tes autocollants en gel r\u00e9utilisables !<\/p>\n<ul>\n<li>Une page d&#8217;autocollants en gel<\/li>\n<li>Cinq pages d&#8217;activit\u00e9s<\/li>\n<\/ul>\n","protected":false},"excerpt":{"rendered":"<p>Cr\u00e9e et modifie tes propres sc\u00e8nes amusantes avec tes autocollants en gel r\u00e9utilisables ! Une page d&#8217;autocollants en gel Cinq pages d&#8217;activit\u00e9s<\/p>\n","protected":false},"featured_media":216663,"template":"","meta":{"wds_primary_product_brand":0,"wds_primary_product_cat":0,"wds_primary_maison_dedition":0},"product_brand":[],"product_cat":[551,552,538],"product_tag":[],"maison_dedition":[541],"class_list":{"0":"post-216661","1":"product","2":"type-product","3":"status-publish","4":"has-post-thumbnail","6":"product_cat-activites","7":"product_cat-autocollants","8":"product_cat-jeunesse","9":"maison_dedition-les-editions-coup-doeil","11":"first","12":"instock","13":"taxable","14":"shipping-taxable","15":"purchasable","16":"product-type-variable"},"bundled_by":[],"bundle_stock_status":"instock","bundle_stock_quantity":null,"bundle_virtual":false,"bundle_layout":"","bundle_add_to_cart_form_location":"","bundle_editable_in_cart":false,"bundle_sold_individually_context":"","bundle_item_grouping":"","bundle_min_size":"","bundle_max_size":"","bundle_price":[],"bundled_items":[],"bundle_sell_ids":[],"acf":[],"_links":{"self":[{"href":"https:\/\/goelette.ca\/en\/wp-json\/wp\/v2\/product\/216661","targetHints":{"allow":["GET"]}}],"collection":[{"href":"https:\/\/goelette.ca\/en\/wp-json\/wp\/v2\/product"}],"about":[{"href":"https:\/\/goelette.ca\/en\/wp-json\/wp\/v2\/types\/product"}],"wp:featuredmedia":[{"embeddable":true,"href":"https:\/\/goelette.ca\/en\/wp-json\/wp\/v2\/media\/216663"}],"wp:attachment":[{"href":"https:\/\/goelette.ca\/en\/wp-json\/wp\/v2\/media?parent=216661"}],"wp:term":[{"taxonomy":"product_brand","embeddable":true,"href":"https:\/\/goelette.ca\/en\/wp-json\/wp\/v2\/product_brand?post=216661"},{"taxonomy":"product_cat","embeddable":true,"href":"https:\/\/goelette.ca\/en\/wp-json\/wp\/v2\/product_cat?post=216661"},{"taxonomy":"product_tag","embeddable":true,"href":"https:\/\/goelette.ca\/en\/wp-json\/wp\/v2\/product_tag?post=216661"},{"taxonomy":"maison_dedition","embeddable":true,"href":"https:\/\/goelette.ca\/en\/wp-json\/wp\/v2\/maison_dedition?post=216661"}],"curies":[{"name":"wp","href":"https:\/\/api.w.org\/{rel}","templated":true}]}}