{"id":216612,"date":"2025-05-07T00:01:24","date_gmt":"2025-05-07T04:01:24","guid":{"rendered":"https:\/\/goelette.ca\/?post_type=product&#038;p=216612"},"modified":"2025-10-08T11:21:25","modified_gmt":"2025-10-08T15:21:25","slug":"le-fantastique-livre-des-baleines","status":"publish","type":"product","link":"https:\/\/goelette.ca\/en\/tous-les-livres\/le-fantastique-livre-des-baleines\/","title":{"rendered":"Le fantastique livre des baleines"},"content":{"rendered":"<p class=\"p1\"><b>Plonge dans le monde fascinant des baleines !<\/b><\/p>\n<p class=\"p1\">Pars en voyage dans les oc\u00e9ans peupl\u00e9s par les c\u00e9tac\u00e9s. D\u00e9couvre ces animaux sociaux qui prennent soin de leurs petits, vivent en groupe, communiquent par leurs chants pour chasser ou se d\u00e9fendre. Tu en apprendras davantage sur leur morphologie, leurs facult\u00e9s respiratoires, leur nage, leurs techniques de chasse, leur alimentation et les dangers qui les guettent : la chasse, la pollution et la fonte des glaces polaires.<\/p>\n","protected":false},"excerpt":{"rendered":"<p>Plonge dans le monde fascinant des baleines ! Pars en voyage dans les oc\u00e9ans peupl\u00e9s par les c\u00e9tac\u00e9s. D\u00e9couvre ces animaux sociaux qui prennent soin de leurs petits, vivent en groupe, communiquent par leurs chants pour chasser ou se d\u00e9fendre. Tu en apprendras davantage sur leur morphologie, leurs facult\u00e9s respiratoires, leur nage, leurs techniques de [&hellip;]<\/p>\n","protected":false},"featured_media":216614,"template":"","meta":{"wds_primary_product_brand":0,"wds_primary_product_cat":0,"wds_primary_maison_dedition":0},"product_brand":[],"product_cat":[555,553,538],"product_tag":[],"maison_dedition":[630],"class_list":{"0":"post-216612","1":"product","2":"type-product","3":"status-publish","4":"has-post-thumbnail","6":"product_cat-6-ans-et-plus","7":"product_cat-documentaire","8":"product_cat-jeunesse","9":"pa_auteur-collectif","10":"maison_dedition-les-editions-goelette","12":"first","13":"instock","14":"taxable","15":"shipping-taxable","16":"purchasable","17":"product-type-variable"},"bundled_by":[],"bundle_stock_status":"instock","bundle_stock_quantity":null,"bundle_virtual":false,"bundle_layout":"","bundle_add_to_cart_form_location":"","bundle_editable_in_cart":false,"bundle_sold_individually_context":"","bundle_item_grouping":"","bundle_min_size":"","bundle_max_size":"","bundle_price":[],"bundled_items":[],"bundle_sell_ids":[],"acf":[],"_links":{"self":[{"href":"https:\/\/goelette.ca\/en\/wp-json\/wp\/v2\/product\/216612","targetHints":{"allow":["GET"]}}],"collection":[{"href":"https:\/\/goelette.ca\/en\/wp-json\/wp\/v2\/product"}],"about":[{"href":"https:\/\/goelette.ca\/en\/wp-json\/wp\/v2\/types\/product"}],"wp:featuredmedia":[{"embeddable":true,"href":"https:\/\/goelette.ca\/en\/wp-json\/wp\/v2\/media\/216614"}],"wp:attachment":[{"href":"https:\/\/goelette.ca\/en\/wp-json\/wp\/v2\/media?parent=216612"}],"wp:term":[{"taxonomy":"product_brand","embeddable":true,"href":"https:\/\/goelette.ca\/en\/wp-json\/wp\/v2\/product_brand?post=216612"},{"taxonomy":"product_cat","embeddable":true,"href":"https:\/\/goelette.ca\/en\/wp-json\/wp\/v2\/product_cat?post=216612"},{"taxonomy":"product_tag","embeddable":true,"href":"https:\/\/goelette.ca\/en\/wp-json\/wp\/v2\/product_tag?post=216612"},{"taxonomy":"maison_dedition","embeddable":true,"href":"https:\/\/goelette.ca\/en\/wp-json\/wp\/v2\/maison_dedition?post=216612"}],"curies":[{"name":"wp","href":"https:\/\/api.w.org\/{rel}","templated":true}]}}