{"id":216566,"date":"2025-02-19T00:01:16","date_gmt":"2025-02-19T05:01:16","guid":{"rendered":"https:\/\/goelette.ca\/?post_type=product&#038;p=216566"},"modified":"2025-02-18T08:47:05","modified_gmt":"2025-02-18T13:47:05","slug":"des-jeux-et-des-jeux-gros-caracteres-mots-fleches-vol-3","status":"publish","type":"product","link":"https:\/\/goelette.ca\/en\/tous-les-livres\/des-jeux-et-des-jeux-gros-caracteres-mots-fleches-vol-3\/","title":{"rendered":"Des jeux et des jeux gros caract\u00e8res &#8211; Mots fl\u00e9ch\u00e9s vol. 3"},"content":{"rendered":"<p>Adeptes des mots fl\u00e9ch\u00e9s, ne laissez rien freiner votre envie de jouer ! Profitez de votre jeu pr\u00e9f\u00e9r\u00e9 gr\u00e2ce aux gros caract\u00e8res plus faciles \u00e0 lire.<br \/>\nLa collection Des jeux et des jeux g\u00e9ants vous propose des jeux de lettres et de chiffres classiques dans un format plus grand.<br \/>\nLe volet Gros caract\u00e8res offre des grilles de taille classique, mais accessibles \u00e0 tous avec des caract\u00e8res plus gros.<\/p>\n","protected":false},"excerpt":{"rendered":"<p>Adeptes des mots fl\u00e9ch\u00e9s, ne laissez rien freiner votre envie de jouer ! Profitez de votre jeu pr\u00e9f\u00e9r\u00e9 gr\u00e2ce aux gros caract\u00e8res plus faciles \u00e0 lire. La collection Des jeux et des jeux g\u00e9ants vous propose des jeux de lettres et de chiffres classiques dans un format plus grand. Le volet Gros caract\u00e8res offre des [&hellip;]<\/p>\n","protected":false},"featured_media":216568,"template":"","meta":{"wds_primary_product_brand":0,"wds_primary_product_cat":0,"wds_primary_maison_dedition":0},"product_brand":[],"product_cat":[567,646,566,631],"product_tag":[],"maison_dedition":[630],"class_list":{"0":"post-216566","1":"product","2":"type-product","3":"status-publish","4":"has-post-thumbnail","6":"product_cat-adulte","7":"product_cat-gros-caracteres","8":"product_cat-livres-de-jeux","9":"product_cat-mots-fleches","10":"maison_dedition-les-editions-goelette","12":"first","13":"instock","14":"taxable","15":"shipping-taxable","16":"purchasable","17":"product-type-variable"},"bundled_by":[],"bundle_stock_status":"instock","bundle_stock_quantity":null,"bundle_virtual":false,"bundle_layout":"","bundle_add_to_cart_form_location":"","bundle_editable_in_cart":false,"bundle_sold_individually_context":"","bundle_item_grouping":"","bundle_min_size":"","bundle_max_size":"","bundle_price":[],"bundled_items":[],"bundle_sell_ids":[],"acf":[],"_links":{"self":[{"href":"https:\/\/goelette.ca\/en\/wp-json\/wp\/v2\/product\/216566","targetHints":{"allow":["GET"]}}],"collection":[{"href":"https:\/\/goelette.ca\/en\/wp-json\/wp\/v2\/product"}],"about":[{"href":"https:\/\/goelette.ca\/en\/wp-json\/wp\/v2\/types\/product"}],"wp:featuredmedia":[{"embeddable":true,"href":"https:\/\/goelette.ca\/en\/wp-json\/wp\/v2\/media\/216568"}],"wp:attachment":[{"href":"https:\/\/goelette.ca\/en\/wp-json\/wp\/v2\/media?parent=216566"}],"wp:term":[{"taxonomy":"product_brand","embeddable":true,"href":"https:\/\/goelette.ca\/en\/wp-json\/wp\/v2\/product_brand?post=216566"},{"taxonomy":"product_cat","embeddable":true,"href":"https:\/\/goelette.ca\/en\/wp-json\/wp\/v2\/product_cat?post=216566"},{"taxonomy":"product_tag","embeddable":true,"href":"https:\/\/goelette.ca\/en\/wp-json\/wp\/v2\/product_tag?post=216566"},{"taxonomy":"maison_dedition","embeddable":true,"href":"https:\/\/goelette.ca\/en\/wp-json\/wp\/v2\/maison_dedition?post=216566"}],"curies":[{"name":"wp","href":"https:\/\/api.w.org\/{rel}","templated":true}]}}