{"id":214350,"date":"2025-02-12T00:01:55","date_gmt":"2025-02-12T05:01:55","guid":{"rendered":"https:\/\/goelette.ca\/?post_type=product&#038;p=214350"},"modified":"2025-02-06T09:49:11","modified_gmt":"2025-02-06T14:49:11","slug":"ma-tablette-dautocollants-ferme","status":"publish","type":"product","link":"https:\/\/goelette.ca\/en\/tous-les-livres\/ma-tablette-dautocollants-ferme\/","title":{"rendered":"Ma tablette d&#8217;autocollants &#8211; Ferme"},"content":{"rendered":"<p class=\"p1\">Allons \u00e0 la ferme ! Colle des autocollants pour donner vie \u00e0 des sc\u00e8nes de la vie agricole.<\/p>\n<p class=\"p2\">Ces activit\u00e9s offrent \u00e0 votre enfant l\u2019occasion de d\u00e9velopper sa motricit\u00e9 fine, son vocabulaire et sa cr\u00e9ativit\u00e9 tout en s\u2019amusant.<\/p>\n<ul>\n<li>80 sc\u00e8nes \u00e0 d\u00e9corer<\/li>\n<li>4 pages d&#8217;autocollants<\/li>\n<\/ul>\n","protected":false},"excerpt":{"rendered":"<p>Allons \u00e0 la ferme ! Colle des autocollants pour donner vie \u00e0 des sc\u00e8nes de la vie agricole. Ces activit\u00e9s offrent \u00e0 votre enfant l\u2019occasion de d\u00e9velopper sa motricit\u00e9 fine, son vocabulaire et sa cr\u00e9ativit\u00e9 tout en s\u2019amusant. 80 sc\u00e8nes \u00e0 d\u00e9corer 4 pages d&#8217;autocollants<\/p>\n","protected":false},"featured_media":214352,"template":"","meta":{"wds_primary_product_brand":0,"wds_primary_product_cat":552,"wds_primary_maison_dedition":0},"product_brand":[],"product_cat":[560,551,865,552,538],"product_tag":[],"maison_dedition":[630],"class_list":{"0":"post-214350","1":"product","2":"type-product","3":"status-publish","4":"has-post-thumbnail","6":"product_cat-3-5-ans","7":"product_cat-activites","8":"product_cat-autocollants-pratique","9":"product_cat-autocollants","10":"product_cat-jeunesse","11":"pa_auteur-collectif","12":"maison_dedition-les-editions-goelette","14":"first","15":"instock","16":"taxable","17":"shipping-taxable","18":"purchasable","19":"product-type-variable"},"bundled_by":[],"bundle_stock_status":"instock","bundle_stock_quantity":null,"bundle_virtual":false,"bundle_layout":"","bundle_add_to_cart_form_location":"","bundle_editable_in_cart":false,"bundle_sold_individually_context":"","bundle_item_grouping":"","bundle_min_size":"","bundle_max_size":"","bundle_price":[],"bundled_items":[],"bundle_sell_ids":[],"acf":[],"_links":{"self":[{"href":"https:\/\/goelette.ca\/en\/wp-json\/wp\/v2\/product\/214350","targetHints":{"allow":["GET"]}}],"collection":[{"href":"https:\/\/goelette.ca\/en\/wp-json\/wp\/v2\/product"}],"about":[{"href":"https:\/\/goelette.ca\/en\/wp-json\/wp\/v2\/types\/product"}],"wp:featuredmedia":[{"embeddable":true,"href":"https:\/\/goelette.ca\/en\/wp-json\/wp\/v2\/media\/214352"}],"wp:attachment":[{"href":"https:\/\/goelette.ca\/en\/wp-json\/wp\/v2\/media?parent=214350"}],"wp:term":[{"taxonomy":"product_brand","embeddable":true,"href":"https:\/\/goelette.ca\/en\/wp-json\/wp\/v2\/product_brand?post=214350"},{"taxonomy":"product_cat","embeddable":true,"href":"https:\/\/goelette.ca\/en\/wp-json\/wp\/v2\/product_cat?post=214350"},{"taxonomy":"product_tag","embeddable":true,"href":"https:\/\/goelette.ca\/en\/wp-json\/wp\/v2\/product_tag?post=214350"},{"taxonomy":"maison_dedition","embeddable":true,"href":"https:\/\/goelette.ca\/en\/wp-json\/wp\/v2\/maison_dedition?post=214350"}],"curies":[{"name":"wp","href":"https:\/\/api.w.org\/{rel}","templated":true}]}}