{"id":213663,"date":"2025-01-30T11:28:30","date_gmt":"2025-01-30T16:28:30","guid":{"rendered":"https:\/\/goelette.ca\/?post_type=product&#038;p=213663"},"modified":"2025-01-30T13:19:48","modified_gmt":"2025-01-30T18:19:48","slug":"les-denys-de-saint-simon-3","status":"publish","type":"product","link":"https:\/\/goelette.ca\/en\/tous-les-livres\/les-denys-de-saint-simon-3\/","title":{"rendered":"Les Denys de Saint-Simon 3. Un vent de libert\u00e9"},"content":{"rendered":"<p class=\"p1\">Les ann\u00e9es ont pass\u00e9, et tante Marie-Anne se fait vieille ; la maladie la ronge. Elle s\u2019inqui\u00e8te pour l\u2019avenir de ses ni\u00e8ces et souhaite ardemment que Victoire accepte la proposition en mariage re\u00e7ue d\u2019un gentil et charmant pr\u00e9tendant. De l\u2019autre c\u00f4t\u00e9 de l\u2019Atlantique, Antoine a l\u2019\u00e2me en peine. Les hivers qu\u00e9b\u00e9cois lui manquent, tout comme sa famille qu\u2019il n\u2019a pas vue depuis trop longtemps.<\/p>\n<p class=\"p1\">\u00c0 bout de ressources financi\u00e8res, tante Marie-Anne vend sa grande maison et loue une chambre \u00e0 l\u2019H\u00f4pital g\u00e9n\u00e9ral. Le clan se retrouve d\u00e9mantel\u00e9 : Victoire s\u2019exile \u00e0 la campagne et Catherine part vivre \u00e0 Montr\u00e9al avec sa cousine No\u00eblle. Antoine, quant \u00e0 lui, a vu sa demande de rentrer au pays refus\u00e9e, et est expatri\u00e9 \u00e0 Saint-Domingue, pays au climat tropical o\u00f9 s\u00e9vit une culture des plus inhumaines. Dispers\u00e9s dans toutes les colonies fran\u00e7aises, les Denys de Saint-Simon sauront-ils conserver les liens qui les unient ?<\/p>\n<p class=\"p1\">Amour, don de soi, mais aussi r\u00e9volte et tristesse concluent cette trilogie historique des plus int\u00e9ressantes. L\u2019auteure y offre une exploration de l\u2019\u00e2me, de la libert\u00e9 d\u2019aimer et du pouvoir de s\u2019entraider.<\/p>\n","protected":false},"excerpt":{"rendered":"<p>Les ann\u00e9es ont pass\u00e9, et tante Marie-Anne se fait vieille ; la maladie la ronge. Elle s\u2019inqui\u00e8te pour l\u2019avenir de ses ni\u00e8ces et souhaite ardemment que Victoire accepte la proposition en mariage re\u00e7ue d\u2019un gentil et charmant pr\u00e9tendant. De l\u2019autre c\u00f4t\u00e9 de l\u2019Atlantique, Antoine a l\u2019\u00e2me en peine. Les hivers qu\u00e9b\u00e9cois lui manquent, tout comme [&hellip;]<\/p>\n","protected":false},"featured_media":213666,"template":"","meta":{"wds_primary_product_brand":0,"wds_primary_product_cat":0,"wds_primary_maison_dedition":0},"product_brand":[],"product_cat":[543,542],"product_tag":[],"maison_dedition":[541],"class_list":{"0":"post-213663","1":"product","2":"type-product","3":"status-publish","4":"has-post-thumbnail","6":"product_cat-historique","7":"product_cat-roman","8":"pa_auteur-sylvie-gobeil","9":"maison_dedition-les-editions-coup-doeil","11":"first","12":"instock","13":"taxable","14":"shipping-taxable","15":"purchasable","16":"product-type-variable","17":"has-default-attributes"},"bundled_by":[],"bundle_stock_status":"instock","bundle_stock_quantity":null,"bundle_virtual":false,"bundle_layout":"","bundle_add_to_cart_form_location":"","bundle_editable_in_cart":false,"bundle_sold_individually_context":"","bundle_item_grouping":"","bundle_min_size":"","bundle_max_size":"","bundle_price":[],"bundled_items":[],"bundle_sell_ids":[],"acf":[],"_links":{"self":[{"href":"https:\/\/goelette.ca\/en\/wp-json\/wp\/v2\/product\/213663","targetHints":{"allow":["GET"]}}],"collection":[{"href":"https:\/\/goelette.ca\/en\/wp-json\/wp\/v2\/product"}],"about":[{"href":"https:\/\/goelette.ca\/en\/wp-json\/wp\/v2\/types\/product"}],"wp:featuredmedia":[{"embeddable":true,"href":"https:\/\/goelette.ca\/en\/wp-json\/wp\/v2\/media\/213666"}],"wp:attachment":[{"href":"https:\/\/goelette.ca\/en\/wp-json\/wp\/v2\/media?parent=213663"}],"wp:term":[{"taxonomy":"product_brand","embeddable":true,"href":"https:\/\/goelette.ca\/en\/wp-json\/wp\/v2\/product_brand?post=213663"},{"taxonomy":"product_cat","embeddable":true,"href":"https:\/\/goelette.ca\/en\/wp-json\/wp\/v2\/product_cat?post=213663"},{"taxonomy":"product_tag","embeddable":true,"href":"https:\/\/goelette.ca\/en\/wp-json\/wp\/v2\/product_tag?post=213663"},{"taxonomy":"maison_dedition","embeddable":true,"href":"https:\/\/goelette.ca\/en\/wp-json\/wp\/v2\/maison_dedition?post=213663"}],"curies":[{"name":"wp","href":"https:\/\/api.w.org\/{rel}","templated":true}]}}