{"id":212933,"date":"2025-01-27T16:00:08","date_gmt":"2025-01-27T21:00:08","guid":{"rendered":"https:\/\/goelette.ca\/?post_type=product&#038;p=212933"},"modified":"2025-01-27T16:07:45","modified_gmt":"2025-01-27T21:07:45","slug":"mes-100-premiers-mots","status":"publish","type":"product","link":"https:\/\/goelette.ca\/en\/tous-les-livres\/mes-100-premiers-mots\/","title":{"rendered":"Mes 100 premiers mots"},"content":{"rendered":"<p class=\"p1\">Ce livre aide les tout-petits curieux \u00e0 explorer leur monde !<\/p>\n<p class=\"p1\">Il pr\u00e9sente des illustrations ludiques et mignonnes qui d\u00e9velopperont le vocabulaire de votre bout de chou.<\/p>\n","protected":false},"excerpt":{"rendered":"<p>Ce livre aide les tout-petits curieux \u00e0 explorer leur monde ! Il pr\u00e9sente des illustrations ludiques et mignonnes qui d\u00e9velopperont le vocabulaire de votre bout de chou.<\/p>\n","protected":false},"featured_media":212935,"template":"","meta":{"wds_primary_product_brand":0,"wds_primary_product_cat":0,"wds_primary_maison_dedition":0},"product_brand":[],"product_cat":[540,583,538],"product_tag":[],"maison_dedition":[541],"class_list":{"0":"post-212933","1":"product","2":"type-product","3":"status-publish","4":"has-post-thumbnail","6":"product_cat-0-2-ans","7":"product_cat-imagiers","8":"product_cat-jeunesse","9":"pa_auteur-collectif","10":"maison_dedition-les-editions-coup-doeil","12":"first","13":"instock","14":"taxable","15":"shipping-taxable","16":"purchasable","17":"product-type-variable"},"bundled_by":[],"bundle_stock_status":"instock","bundle_stock_quantity":null,"bundle_virtual":false,"bundle_layout":"","bundle_add_to_cart_form_location":"","bundle_editable_in_cart":false,"bundle_sold_individually_context":"","bundle_item_grouping":"","bundle_min_size":"","bundle_max_size":"","bundle_price":[],"bundled_items":[],"bundle_sell_ids":[],"acf":[],"_links":{"self":[{"href":"https:\/\/goelette.ca\/en\/wp-json\/wp\/v2\/product\/212933","targetHints":{"allow":["GET"]}}],"collection":[{"href":"https:\/\/goelette.ca\/en\/wp-json\/wp\/v2\/product"}],"about":[{"href":"https:\/\/goelette.ca\/en\/wp-json\/wp\/v2\/types\/product"}],"wp:featuredmedia":[{"embeddable":true,"href":"https:\/\/goelette.ca\/en\/wp-json\/wp\/v2\/media\/212935"}],"wp:attachment":[{"href":"https:\/\/goelette.ca\/en\/wp-json\/wp\/v2\/media?parent=212933"}],"wp:term":[{"taxonomy":"product_brand","embeddable":true,"href":"https:\/\/goelette.ca\/en\/wp-json\/wp\/v2\/product_brand?post=212933"},{"taxonomy":"product_cat","embeddable":true,"href":"https:\/\/goelette.ca\/en\/wp-json\/wp\/v2\/product_cat?post=212933"},{"taxonomy":"product_tag","embeddable":true,"href":"https:\/\/goelette.ca\/en\/wp-json\/wp\/v2\/product_tag?post=212933"},{"taxonomy":"maison_dedition","embeddable":true,"href":"https:\/\/goelette.ca\/en\/wp-json\/wp\/v2\/maison_dedition?post=212933"}],"curies":[{"name":"wp","href":"https:\/\/api.w.org\/{rel}","templated":true}]}}