{"id":212630,"date":"2025-01-29T00:01:20","date_gmt":"2025-01-29T05:01:20","guid":{"rendered":"https:\/\/goelette.ca\/?post_type=product&#038;p=212630"},"modified":"2025-10-08T11:20:50","modified_gmt":"2025-10-08T15:20:50","slug":"leontine","status":"publish","type":"product","link":"https:\/\/goelette.ca\/en\/tous-les-livres\/leontine\/","title":{"rendered":"L\u00e9ontine"},"content":{"rendered":"<p class=\"p1\">L\u2019\u00e9t\u00e9 1924 s\u2019annonce radieux pour L\u00e9ontine Belzile, une coll\u00e9gienne de 16 ans, alors qu\u2019elle rentre chez elle \u00e0 Crabtree pour les vacances. Mais une surprise de taille l\u2019attend : sa m\u00e8re l\u2019a promise au chef de gare, un homme trois fois plus \u00e2g\u00e9 qu\u2019elle. Mari\u00e9e sans amour, L\u00e9ontine essaie d\u2019\u00e9chapper \u00e0 cette nouvelle vie dont elle n\u2019a jamais voulu.<\/p>\n<p class=\"p1\">Entre-temps, elle tombe amoureuse du fantasque Jaquelin Lagac\u00e9, qui l\u2019entra\u00eenera avec lui dans une vir\u00e9e folle le long de la rivi\u00e8re L\u2019Assomption jusqu\u2019\u00e0 Saint- Sulpice, o\u00f9 ils pourront pleinement vivre leur passion d\u00e9vorante.<\/p>\n<p class=\"p1\">Toutefois, les myst\u00e9rieuses absences prolong\u00e9es de Jaquelin pousseront L\u00e9ontine \u00e0 d\u00e9velopper, sous la bienveillante protection de ses voisins, les Dorion, et d\u2019un \u00e9nigmatique ange gardien, un sens de la d\u00e9brouillardise jusque-l\u00e0 insoup\u00e7onn\u00e9\u2026<\/p>\n","protected":false},"excerpt":{"rendered":"<p>L\u2019\u00e9t\u00e9 1924 s\u2019annonce radieux pour L\u00e9ontine Belzile, une coll\u00e9gienne de 16 ans, alors qu\u2019elle rentre chez elle \u00e0 Crabtree pour les vacances. Mais une surprise de taille l\u2019attend : sa m\u00e8re l\u2019a promise au chef de gare, un homme trois fois plus \u00e2g\u00e9 qu\u2019elle. Mari\u00e9e sans amour, L\u00e9ontine essaie d\u2019\u00e9chapper \u00e0 cette nouvelle vie dont [&hellip;]<\/p>\n","protected":false},"featured_media":212633,"template":"","meta":{"wds_primary_product_brand":0,"wds_primary_product_cat":0,"wds_primary_maison_dedition":0},"product_brand":[],"product_cat":[543,542,585],"product_tag":[],"maison_dedition":[630],"class_list":{"0":"post-212630","1":"product","2":"type-product","3":"status-publish","4":"has-post-thumbnail","6":"product_cat-historique","7":"product_cat-roman","8":"product_cat-romance","9":"pa_auteur-micheline-dalpe","10":"maison_dedition-les-editions-goelette","12":"first","13":"instock","14":"taxable","15":"shipping-taxable","16":"purchasable","17":"product-type-variable","18":"has-default-attributes"},"bundled_by":[],"bundle_stock_status":"instock","bundle_stock_quantity":null,"bundle_virtual":false,"bundle_layout":"","bundle_add_to_cart_form_location":"","bundle_editable_in_cart":false,"bundle_sold_individually_context":"","bundle_item_grouping":"","bundle_min_size":"","bundle_max_size":"","bundle_price":[],"bundled_items":[],"bundle_sell_ids":[],"acf":[],"_links":{"self":[{"href":"https:\/\/goelette.ca\/en\/wp-json\/wp\/v2\/product\/212630","targetHints":{"allow":["GET"]}}],"collection":[{"href":"https:\/\/goelette.ca\/en\/wp-json\/wp\/v2\/product"}],"about":[{"href":"https:\/\/goelette.ca\/en\/wp-json\/wp\/v2\/types\/product"}],"wp:featuredmedia":[{"embeddable":true,"href":"https:\/\/goelette.ca\/en\/wp-json\/wp\/v2\/media\/212633"}],"wp:attachment":[{"href":"https:\/\/goelette.ca\/en\/wp-json\/wp\/v2\/media?parent=212630"}],"wp:term":[{"taxonomy":"product_brand","embeddable":true,"href":"https:\/\/goelette.ca\/en\/wp-json\/wp\/v2\/product_brand?post=212630"},{"taxonomy":"product_cat","embeddable":true,"href":"https:\/\/goelette.ca\/en\/wp-json\/wp\/v2\/product_cat?post=212630"},{"taxonomy":"product_tag","embeddable":true,"href":"https:\/\/goelette.ca\/en\/wp-json\/wp\/v2\/product_tag?post=212630"},{"taxonomy":"maison_dedition","embeddable":true,"href":"https:\/\/goelette.ca\/en\/wp-json\/wp\/v2\/maison_dedition?post=212630"}],"curies":[{"name":"wp","href":"https:\/\/api.w.org\/{rel}","templated":true}]}}