{"id":209142,"date":"2025-01-24T15:25:34","date_gmt":"2025-01-24T20:25:34","guid":{"rendered":"https:\/\/goelette.ca\/?post_type=product&#038;p=209142"},"modified":"2025-01-24T15:31:12","modified_gmt":"2025-01-24T20:31:12","slug":"animaux-calins-chat","status":"publish","type":"product","link":"https:\/\/goelette.ca\/en\/tous-les-livres\/animaux-calins-chat\/","title":{"rendered":"Animaux c\u00e2lins &#8211; Chat"},"content":{"rendered":"<p>D\u00e9couvre des animaux vraiment c\u00e2lins dans ce joli livre.<\/p>\n<p>C\u2019est si agr\u00e9able de caresser le doux pelage d&#8217;un gentil chat\u00a0 !<\/p>\n","protected":false},"excerpt":{"rendered":"<p>D\u00e9couvre des animaux vraiment c\u00e2lins dans ce joli livre. C\u2019est si agr\u00e9able de caresser le doux pelage d&#8217;un gentil chat\u00a0 !<\/p>\n","protected":false},"featured_media":209144,"template":"","meta":{"wds_primary_product_brand":0,"wds_primary_product_cat":0,"wds_primary_maison_dedition":0},"product_brand":[],"product_cat":[540,560,538,544],"product_tag":[],"maison_dedition":[541],"class_list":{"0":"post-209142","1":"product","2":"type-product","3":"status-publish","4":"has-post-thumbnail","6":"product_cat-0-2-ans","7":"product_cat-3-5-ans","8":"product_cat-jeunesse","9":"product_cat-livres-a-toucher","10":"maison_dedition-les-editions-coup-doeil","12":"first","13":"instock","14":"taxable","15":"shipping-taxable","16":"purchasable","17":"product-type-variable"},"bundled_by":[],"bundle_stock_status":"instock","bundle_stock_quantity":null,"bundle_virtual":false,"bundle_layout":"","bundle_add_to_cart_form_location":"","bundle_editable_in_cart":false,"bundle_sold_individually_context":"","bundle_item_grouping":"","bundle_min_size":"","bundle_max_size":"","bundle_price":[],"bundled_items":[],"bundle_sell_ids":[],"acf":[],"_links":{"self":[{"href":"https:\/\/goelette.ca\/en\/wp-json\/wp\/v2\/product\/209142","targetHints":{"allow":["GET"]}}],"collection":[{"href":"https:\/\/goelette.ca\/en\/wp-json\/wp\/v2\/product"}],"about":[{"href":"https:\/\/goelette.ca\/en\/wp-json\/wp\/v2\/types\/product"}],"wp:featuredmedia":[{"embeddable":true,"href":"https:\/\/goelette.ca\/en\/wp-json\/wp\/v2\/media\/209144"}],"wp:attachment":[{"href":"https:\/\/goelette.ca\/en\/wp-json\/wp\/v2\/media?parent=209142"}],"wp:term":[{"taxonomy":"product_brand","embeddable":true,"href":"https:\/\/goelette.ca\/en\/wp-json\/wp\/v2\/product_brand?post=209142"},{"taxonomy":"product_cat","embeddable":true,"href":"https:\/\/goelette.ca\/en\/wp-json\/wp\/v2\/product_cat?post=209142"},{"taxonomy":"product_tag","embeddable":true,"href":"https:\/\/goelette.ca\/en\/wp-json\/wp\/v2\/product_tag?post=209142"},{"taxonomy":"maison_dedition","embeddable":true,"href":"https:\/\/goelette.ca\/en\/wp-json\/wp\/v2\/maison_dedition?post=209142"}],"curies":[{"name":"wp","href":"https:\/\/api.w.org\/{rel}","templated":true}]}}