{"id":209137,"date":"2025-01-24T15:20:31","date_gmt":"2025-01-24T20:20:31","guid":{"rendered":"https:\/\/goelette.ca\/?post_type=product&#038;p=209137"},"modified":"2025-01-24T15:22:33","modified_gmt":"2025-01-24T20:22:33","slug":"sous-larc-en-ciel-dans-les-airs","status":"publish","type":"product","link":"https:\/\/goelette.ca\/en\/tous-les-livres\/sous-larc-en-ciel-dans-les-airs\/","title":{"rendered":"Sous l&#8217;arc-en-ciel &#8211; Dans les airs"},"content":{"rendered":"<p class=\"p2\">Envole-toi dans les airs en faisant place \u00e0 ton imagination !<\/p>\n<ul>\n<li>40 pages<\/li>\n<li>10 crayons avec pompons<\/li>\n<\/ul>\n<p>Dans la m\u00eame collection :<\/p>\n<ul>\n<li><em>Sous l&#8217;arc-en-ciel &#8211; Royaume enchant\u00e9<\/em><\/li>\n<\/ul>\n","protected":false},"excerpt":{"rendered":"<p>Envole-toi dans les airs en faisant place \u00e0 ton imagination ! 40 pages 10 crayons avec pompons Dans la m\u00eame collection : Sous l&#8217;arc-en-ciel &#8211; Royaume enchant\u00e9<\/p>\n","protected":false},"featured_media":209139,"template":"","meta":{"wds_primary_product_brand":0,"wds_primary_product_cat":0,"wds_primary_maison_dedition":0},"product_brand":[],"product_cat":[560,616,538],"product_tag":[],"maison_dedition":[541],"class_list":{"0":"post-209137","1":"product","2":"type-product","3":"status-publish","4":"has-post-thumbnail","6":"product_cat-3-5-ans","7":"product_cat-coloriages","8":"product_cat-jeunesse","9":"pa_auteur-collectif","10":"maison_dedition-les-editions-coup-doeil","12":"first","13":"instock","14":"taxable","15":"shipping-taxable","16":"purchasable","17":"product-type-variable"},"bundled_by":[],"bundle_stock_status":"instock","bundle_stock_quantity":null,"bundle_virtual":false,"bundle_layout":"","bundle_add_to_cart_form_location":"","bundle_editable_in_cart":false,"bundle_sold_individually_context":"","bundle_item_grouping":"","bundle_min_size":"","bundle_max_size":"","bundle_price":[],"bundled_items":[],"bundle_sell_ids":[],"acf":[],"_links":{"self":[{"href":"https:\/\/goelette.ca\/en\/wp-json\/wp\/v2\/product\/209137","targetHints":{"allow":["GET"]}}],"collection":[{"href":"https:\/\/goelette.ca\/en\/wp-json\/wp\/v2\/product"}],"about":[{"href":"https:\/\/goelette.ca\/en\/wp-json\/wp\/v2\/types\/product"}],"wp:featuredmedia":[{"embeddable":true,"href":"https:\/\/goelette.ca\/en\/wp-json\/wp\/v2\/media\/209139"}],"wp:attachment":[{"href":"https:\/\/goelette.ca\/en\/wp-json\/wp\/v2\/media?parent=209137"}],"wp:term":[{"taxonomy":"product_brand","embeddable":true,"href":"https:\/\/goelette.ca\/en\/wp-json\/wp\/v2\/product_brand?post=209137"},{"taxonomy":"product_cat","embeddable":true,"href":"https:\/\/goelette.ca\/en\/wp-json\/wp\/v2\/product_cat?post=209137"},{"taxonomy":"product_tag","embeddable":true,"href":"https:\/\/goelette.ca\/en\/wp-json\/wp\/v2\/product_tag?post=209137"},{"taxonomy":"maison_dedition","embeddable":true,"href":"https:\/\/goelette.ca\/en\/wp-json\/wp\/v2\/maison_dedition?post=209137"}],"curies":[{"name":"wp","href":"https:\/\/api.w.org\/{rel}","templated":true}]}}