{"id":209082,"date":"2025-01-24T10:55:06","date_gmt":"2025-01-24T15:55:06","guid":{"rendered":"https:\/\/goelette.ca\/?post_type=product&#038;p=209082"},"modified":"2025-01-24T10:57:12","modified_gmt":"2025-01-24T15:57:12","slug":"coffret-casse-tetes-les-formes","status":"publish","type":"product","link":"https:\/\/goelette.ca\/en\/tous-les-livres\/coffret-casse-tetes-les-formes\/","title":{"rendered":"Coffret Casse-t\u00eates &#8211; Les formes"},"content":{"rendered":"<p>Un livre de 10 pages et 10 casse-t\u00eates pour apprendre les formes \u00e0 vos tout-petits.<\/p>\n","protected":false},"excerpt":{"rendered":"<p>Un livre de 10 pages et 10 casse-t\u00eates pour apprendre les formes \u00e0 vos tout-petits.<\/p>\n","protected":false},"featured_media":209084,"template":"","meta":{"wds_primary_product_brand":0,"wds_primary_product_cat":0,"wds_primary_maison_dedition":0},"product_brand":[],"product_cat":[540,560,749,538],"product_tag":[],"maison_dedition":[541],"class_list":{"0":"post-209082","1":"product","2":"type-product","3":"status-publish","4":"has-post-thumbnail","6":"product_cat-0-2-ans","7":"product_cat-3-5-ans","8":"product_cat-casse-tete","9":"product_cat-jeunesse","10":"maison_dedition-les-editions-coup-doeil","12":"first","13":"instock","14":"taxable","15":"shipping-taxable","16":"purchasable","17":"product-type-variable"},"bundled_by":[],"bundle_stock_status":"instock","bundle_stock_quantity":null,"bundle_virtual":false,"bundle_layout":"","bundle_add_to_cart_form_location":"","bundle_editable_in_cart":false,"bundle_sold_individually_context":"","bundle_item_grouping":"","bundle_min_size":"","bundle_max_size":"","bundle_price":[],"bundled_items":[],"bundle_sell_ids":[],"acf":[],"_links":{"self":[{"href":"https:\/\/goelette.ca\/en\/wp-json\/wp\/v2\/product\/209082","targetHints":{"allow":["GET"]}}],"collection":[{"href":"https:\/\/goelette.ca\/en\/wp-json\/wp\/v2\/product"}],"about":[{"href":"https:\/\/goelette.ca\/en\/wp-json\/wp\/v2\/types\/product"}],"wp:featuredmedia":[{"embeddable":true,"href":"https:\/\/goelette.ca\/en\/wp-json\/wp\/v2\/media\/209084"}],"wp:attachment":[{"href":"https:\/\/goelette.ca\/en\/wp-json\/wp\/v2\/media?parent=209082"}],"wp:term":[{"taxonomy":"product_brand","embeddable":true,"href":"https:\/\/goelette.ca\/en\/wp-json\/wp\/v2\/product_brand?post=209082"},{"taxonomy":"product_cat","embeddable":true,"href":"https:\/\/goelette.ca\/en\/wp-json\/wp\/v2\/product_cat?post=209082"},{"taxonomy":"product_tag","embeddable":true,"href":"https:\/\/goelette.ca\/en\/wp-json\/wp\/v2\/product_tag?post=209082"},{"taxonomy":"maison_dedition","embeddable":true,"href":"https:\/\/goelette.ca\/en\/wp-json\/wp\/v2\/maison_dedition?post=209082"}],"curies":[{"name":"wp","href":"https:\/\/api.w.org\/{rel}","templated":true}]}}