{"id":208920,"date":"2025-01-23T14:46:17","date_gmt":"2025-01-23T19:46:17","guid":{"rendered":"https:\/\/goelette.ca\/?post_type=product&#038;p=208920"},"modified":"2025-01-23T14:48:05","modified_gmt":"2025-01-23T19:48:05","slug":"casse-tete-renard","status":"publish","type":"product","link":"https:\/\/goelette.ca\/en\/tous-les-livres\/casse-tete-renard\/","title":{"rendered":"Casse-t\u00eate &#8211; Renard"},"content":{"rendered":"<p>\u00c0 tous les amateurs de d\u00e9fis mentaux, explorez notre gamme de <em>casse<\/em>\u2013<em>t\u00eates<\/em>.<\/p>\n","protected":false},"excerpt":{"rendered":"<p>\u00c0 tous les amateurs de d\u00e9fis mentaux, explorez notre gamme de casse\u2013t\u00eates.<\/p>\n","protected":false},"featured_media":208922,"template":"","meta":{"wds_primary_product_brand":0,"wds_primary_product_cat":0,"wds_primary_maison_dedition":0},"product_brand":[],"product_cat":[894,572,892,557],"product_tag":[],"maison_dedition":[541],"class_list":{"0":"post-208920","1":"product","2":"type-product","3":"status-publish","4":"has-post-thumbnail","6":"product_cat-500-morceaux-casse-tetes","7":"product_cat-activites-pratique","8":"product_cat-casse-tetes","9":"product_cat-pratique","10":"maison_dedition-les-editions-coup-doeil","12":"first","13":"instock","14":"taxable","15":"shipping-taxable","16":"purchasable","17":"product-type-variable"},"bundled_by":[],"bundle_stock_status":"instock","bundle_stock_quantity":null,"bundle_virtual":false,"bundle_layout":"","bundle_add_to_cart_form_location":"","bundle_editable_in_cart":false,"bundle_sold_individually_context":"","bundle_item_grouping":"","bundle_min_size":"","bundle_max_size":"","bundle_price":[],"bundled_items":[],"bundle_sell_ids":[],"acf":[],"_links":{"self":[{"href":"https:\/\/goelette.ca\/en\/wp-json\/wp\/v2\/product\/208920","targetHints":{"allow":["GET"]}}],"collection":[{"href":"https:\/\/goelette.ca\/en\/wp-json\/wp\/v2\/product"}],"about":[{"href":"https:\/\/goelette.ca\/en\/wp-json\/wp\/v2\/types\/product"}],"wp:featuredmedia":[{"embeddable":true,"href":"https:\/\/goelette.ca\/en\/wp-json\/wp\/v2\/media\/208922"}],"wp:attachment":[{"href":"https:\/\/goelette.ca\/en\/wp-json\/wp\/v2\/media?parent=208920"}],"wp:term":[{"taxonomy":"product_brand","embeddable":true,"href":"https:\/\/goelette.ca\/en\/wp-json\/wp\/v2\/product_brand?post=208920"},{"taxonomy":"product_cat","embeddable":true,"href":"https:\/\/goelette.ca\/en\/wp-json\/wp\/v2\/product_cat?post=208920"},{"taxonomy":"product_tag","embeddable":true,"href":"https:\/\/goelette.ca\/en\/wp-json\/wp\/v2\/product_tag?post=208920"},{"taxonomy":"maison_dedition","embeddable":true,"href":"https:\/\/goelette.ca\/en\/wp-json\/wp\/v2\/maison_dedition?post=208920"}],"curies":[{"name":"wp","href":"https:\/\/api.w.org\/{rel}","templated":true}]}}