{"id":208718,"date":"2025-01-22T11:45:23","date_gmt":"2025-01-22T16:45:23","guid":{"rendered":"https:\/\/goelette.ca\/?post_type=product&#038;p=208718"},"modified":"2025-07-22T11:52:01","modified_gmt":"2025-07-22T15:52:01","slug":"il-faut-sauver-lerabliere","status":"publish","type":"product","link":"https:\/\/goelette.ca\/en\/tous-les-livres\/il-faut-sauver-lerabliere\/","title":{"rendered":"Il faut sauver l&#8217;\u00e9rabli\u00e8re !"},"content":{"rendered":"<p class=\"p1\">Alors qu\u2019il aide son p\u00e8re \u00e0 la cabane \u00e0 sucre familiale, Alexis est tr\u00e8s surpris de trouver la remise de bois vide. Qui a bien pu voler les b\u00fbches ? Voulant percer le myst\u00e8re, Alexis suivra les indices pour d\u00e9couvrir qui est le coupable !<\/p>\n","protected":false},"excerpt":{"rendered":"<p>Alors qu\u2019il aide son p\u00e8re \u00e0 la cabane \u00e0 sucre familiale, Alexis est tr\u00e8s surpris de trouver la remise de bois vide. Qui a bien pu voler les b\u00fbches ? Voulant percer le myst\u00e8re, Alexis suivra les indices pour d\u00e9couvrir qui est le coupable !<\/p>\n","protected":false},"featured_media":208720,"template":"","meta":{"wds_primary_product_brand":0,"wds_primary_product_cat":0,"wds_primary_maison_dedition":0},"product_brand":[],"product_cat":[560,578,538],"product_tag":[],"maison_dedition":[541,584],"class_list":{"0":"post-208718","1":"product","2":"type-product","3":"status-publish","4":"has-post-thumbnail","6":"product_cat-3-5-ans","7":"product_cat-albums-illustres","8":"product_cat-jeunesse","9":"pa_auteur-maude-iris-hamelin-ouellette","10":"pa_illustrateur-sabrina-gendron","11":"maison_dedition-les-editions-coup-doeil","12":"maison_dedition-petites-lectures","14":"first","15":"instock","16":"taxable","17":"shipping-taxable","18":"purchasable","19":"product-type-variable","20":"has-default-attributes"},"bundled_by":[],"bundle_stock_status":"instock","bundle_stock_quantity":null,"bundle_virtual":false,"bundle_layout":"","bundle_add_to_cart_form_location":"","bundle_editable_in_cart":false,"bundle_sold_individually_context":"","bundle_item_grouping":"","bundle_min_size":"","bundle_max_size":"","bundle_price":[],"bundled_items":[],"bundle_sell_ids":[],"acf":[],"_links":{"self":[{"href":"https:\/\/goelette.ca\/en\/wp-json\/wp\/v2\/product\/208718","targetHints":{"allow":["GET"]}}],"collection":[{"href":"https:\/\/goelette.ca\/en\/wp-json\/wp\/v2\/product"}],"about":[{"href":"https:\/\/goelette.ca\/en\/wp-json\/wp\/v2\/types\/product"}],"wp:featuredmedia":[{"embeddable":true,"href":"https:\/\/goelette.ca\/en\/wp-json\/wp\/v2\/media\/208720"}],"wp:attachment":[{"href":"https:\/\/goelette.ca\/en\/wp-json\/wp\/v2\/media?parent=208718"}],"wp:term":[{"taxonomy":"product_brand","embeddable":true,"href":"https:\/\/goelette.ca\/en\/wp-json\/wp\/v2\/product_brand?post=208718"},{"taxonomy":"product_cat","embeddable":true,"href":"https:\/\/goelette.ca\/en\/wp-json\/wp\/v2\/product_cat?post=208718"},{"taxonomy":"product_tag","embeddable":true,"href":"https:\/\/goelette.ca\/en\/wp-json\/wp\/v2\/product_tag?post=208718"},{"taxonomy":"maison_dedition","embeddable":true,"href":"https:\/\/goelette.ca\/en\/wp-json\/wp\/v2\/maison_dedition?post=208718"}],"curies":[{"name":"wp","href":"https:\/\/api.w.org\/{rel}","templated":true}]}}