{"id":208714,"date":"2025-01-22T11:38:52","date_gmt":"2025-01-22T16:38:52","guid":{"rendered":"https:\/\/goelette.ca\/?post_type=product&#038;p=208714"},"modified":"2025-05-15T13:18:08","modified_gmt":"2025-05-15T17:18:08","slug":"pas-de-chance","status":"publish","type":"product","link":"https:\/\/goelette.ca\/en\/tous-les-livres\/pas-de-chance\/","title":{"rendered":"Pas de chance !"},"content":{"rendered":"<p class=\"p1\">C\u2019est assez ! Charbon ne veut plus \u00eatre le chat le plus malchanceux, le plus maigrichon et le plus mouill\u00e9 de la ruelle. Il doit trouver une solution au plus vite pour d\u00e9jouer la malchance qui lui colle aux poils. Heureusement, Albert le hibou a toujours de bonnes id\u00e9es !<\/p>\n","protected":false},"excerpt":{"rendered":"<p>C\u2019est assez ! Charbon ne veut plus \u00eatre le chat le plus malchanceux, le plus maigrichon et le plus mouill\u00e9 de la ruelle. Il doit trouver une solution au plus vite pour d\u00e9jouer la malchance qui lui colle aux poils. Heureusement, Albert le hibou a toujours de bonnes id\u00e9es !<\/p>\n","protected":false},"featured_media":208716,"template":"","meta":{"wds_primary_product_brand":0,"wds_primary_product_cat":0,"wds_primary_maison_dedition":0},"product_brand":[],"product_cat":[560,578,538],"product_tag":[],"maison_dedition":[541,584],"class_list":{"0":"post-208714","1":"product","2":"type-product","3":"status-publish","4":"has-post-thumbnail","6":"product_cat-3-5-ans","7":"product_cat-albums-illustres","8":"product_cat-jeunesse","9":"pa_auteur-maude-iris-hamelin-ouellette","10":"pa_illustrateur-julie-michaud","11":"maison_dedition-les-editions-coup-doeil","12":"maison_dedition-petites-lectures","14":"first","15":"instock","16":"taxable","17":"shipping-taxable","18":"purchasable","19":"product-type-variable","20":"has-default-attributes"},"bundled_by":[],"bundle_stock_status":"instock","bundle_stock_quantity":null,"bundle_virtual":false,"bundle_layout":"","bundle_add_to_cart_form_location":"","bundle_editable_in_cart":false,"bundle_sold_individually_context":"","bundle_item_grouping":"","bundle_min_size":"","bundle_max_size":"","bundle_price":[],"bundled_items":[],"bundle_sell_ids":[],"acf":[],"_links":{"self":[{"href":"https:\/\/goelette.ca\/en\/wp-json\/wp\/v2\/product\/208714","targetHints":{"allow":["GET"]}}],"collection":[{"href":"https:\/\/goelette.ca\/en\/wp-json\/wp\/v2\/product"}],"about":[{"href":"https:\/\/goelette.ca\/en\/wp-json\/wp\/v2\/types\/product"}],"wp:featuredmedia":[{"embeddable":true,"href":"https:\/\/goelette.ca\/en\/wp-json\/wp\/v2\/media\/208716"}],"wp:attachment":[{"href":"https:\/\/goelette.ca\/en\/wp-json\/wp\/v2\/media?parent=208714"}],"wp:term":[{"taxonomy":"product_brand","embeddable":true,"href":"https:\/\/goelette.ca\/en\/wp-json\/wp\/v2\/product_brand?post=208714"},{"taxonomy":"product_cat","embeddable":true,"href":"https:\/\/goelette.ca\/en\/wp-json\/wp\/v2\/product_cat?post=208714"},{"taxonomy":"product_tag","embeddable":true,"href":"https:\/\/goelette.ca\/en\/wp-json\/wp\/v2\/product_tag?post=208714"},{"taxonomy":"maison_dedition","embeddable":true,"href":"https:\/\/goelette.ca\/en\/wp-json\/wp\/v2\/maison_dedition?post=208714"}],"curies":[{"name":"wp","href":"https:\/\/api.w.org\/{rel}","templated":true}]}}