{"id":208710,"date":"2025-01-22T11:29:19","date_gmt":"2025-01-22T16:29:19","guid":{"rendered":"https:\/\/goelette.ca\/?post_type=product&#038;p=208710"},"modified":"2025-05-15T13:24:20","modified_gmt":"2025-05-15T17:24:20","slug":"pret-a-tout-pour-grandir","status":"publish","type":"product","link":"https:\/\/goelette.ca\/en\/tous-les-livres\/pret-a-tout-pour-grandir\/","title":{"rendered":"Pr\u00eat \u00e0 tout pour grandir"},"content":{"rendered":"<p class=\"p1\">Mousse l\u2019orignal est d\u00e9\u00e7u ! Au retour en classe, il s\u2019aper\u00e7oit que tous ses camarades ont grandi, sauf lui. Il aimerait tant \u00eatre imposant comme son papa et avoir une immense ramure ! Et s\u2019il suivait les conseils de G\u00e9raldine la grenouille ? Son amie est toujours pleine d\u2019id\u00e9es.<\/p>\n<p class=\"p2\">Tu as envie d\u2019en savoir plus sur l\u2019orignal ? Lis cette adorable histoire le mettant en sc\u00e8ne, puis approfondis tes connaissances sur cet animal qu\u00e9b\u00e9cois gr\u00e2ce \u00e0 une page d\u2019information documentaire \u00e0 la fin de l\u2019album.<\/p>\n","protected":false},"excerpt":{"rendered":"<p>Mousse l\u2019orignal est d\u00e9\u00e7u ! Au retour en classe, il s\u2019aper\u00e7oit que tous ses camarades ont grandi, sauf lui. Il aimerait tant \u00eatre imposant comme son papa et avoir une immense ramure ! Et s\u2019il suivait les conseils de G\u00e9raldine la grenouille ? Son amie est toujours pleine d\u2019id\u00e9es. Tu as envie d\u2019en savoir plus [&hellip;]<\/p>\n","protected":false},"featured_media":208712,"template":"","meta":{"wds_primary_product_brand":0,"wds_primary_product_cat":0,"wds_primary_maison_dedition":0},"product_brand":[],"product_cat":[560,578,538],"product_tag":[],"maison_dedition":[541,584],"class_list":{"0":"post-208710","1":"product","2":"type-product","3":"status-publish","4":"has-post-thumbnail","6":"product_cat-3-5-ans","7":"product_cat-albums-illustres","8":"product_cat-jeunesse","9":"pa_auteur-valerie-gagne","10":"pa_illustrateur-sabrina-denault","11":"maison_dedition-les-editions-coup-doeil","12":"maison_dedition-petites-lectures","14":"first","15":"instock","16":"taxable","17":"shipping-taxable","18":"purchasable","19":"product-type-variable","20":"has-default-attributes"},"bundled_by":[],"bundle_stock_status":"instock","bundle_stock_quantity":null,"bundle_virtual":false,"bundle_layout":"","bundle_add_to_cart_form_location":"","bundle_editable_in_cart":false,"bundle_sold_individually_context":"","bundle_item_grouping":"","bundle_min_size":"","bundle_max_size":"","bundle_price":[],"bundled_items":[],"bundle_sell_ids":[],"acf":[],"_links":{"self":[{"href":"https:\/\/goelette.ca\/en\/wp-json\/wp\/v2\/product\/208710","targetHints":{"allow":["GET"]}}],"collection":[{"href":"https:\/\/goelette.ca\/en\/wp-json\/wp\/v2\/product"}],"about":[{"href":"https:\/\/goelette.ca\/en\/wp-json\/wp\/v2\/types\/product"}],"wp:featuredmedia":[{"embeddable":true,"href":"https:\/\/goelette.ca\/en\/wp-json\/wp\/v2\/media\/208712"}],"wp:attachment":[{"href":"https:\/\/goelette.ca\/en\/wp-json\/wp\/v2\/media?parent=208710"}],"wp:term":[{"taxonomy":"product_brand","embeddable":true,"href":"https:\/\/goelette.ca\/en\/wp-json\/wp\/v2\/product_brand?post=208710"},{"taxonomy":"product_cat","embeddable":true,"href":"https:\/\/goelette.ca\/en\/wp-json\/wp\/v2\/product_cat?post=208710"},{"taxonomy":"product_tag","embeddable":true,"href":"https:\/\/goelette.ca\/en\/wp-json\/wp\/v2\/product_tag?post=208710"},{"taxonomy":"maison_dedition","embeddable":true,"href":"https:\/\/goelette.ca\/en\/wp-json\/wp\/v2\/maison_dedition?post=208710"}],"curies":[{"name":"wp","href":"https:\/\/api.w.org\/{rel}","templated":true}]}}